{"id":24239,"date":"2021-01-04T11:54:33","date_gmt":"2021-01-04T10:54:33","guid":{"rendered":"http:\/\/3.72.60.250\/merci-raq\/"},"modified":"2021-01-04T12:11:49","modified_gmt":"2021-01-04T11:11:49","slug":"merci-raq","status":"publish","type":"page","link":"https:\/\/quicargo.com\/fr\/merci-raq\/","title":{"rendered":"Merci RaQ"},"content":{"rendered":"\t\t<div data-elementor-type=\"wp-page\" data-elementor-id=\"24239\" class=\"elementor elementor-24239 elementor-8752\" data-elementor-post-type=\"page\">\n\t\t\t\t\t\t<section class=\"elementor-section elementor-top-section elementor-element elementor-element-74cc0a5e elementor-section-height-min-height elementor-section-boxed elementor-section-height-default elementor-section-items-middle\" data-id=\"74cc0a5e\" data-element_type=\"section\" data-e-type=\"section\" data-settings=\"{&quot;background_background&quot;:&quot;classic&quot;}\">\n\t\t\t\t\t\t<div class=\"elementor-container elementor-column-gap-default\">\n\t\t\t\t\t<div class=\"elementor-column elementor-col-100 elementor-top-column elementor-element elementor-element-40522183\" data-id=\"40522183\" data-element_type=\"column\" data-e-type=\"column\">\n\t\t\t<div class=\"elementor-widget-wrap\">\n\t\t\t\t\t\t\t<\/div>\n\t\t<\/div>\n\t\t\t\t\t<\/div>\n\t\t<\/section>\n\t\t\t\t<section class=\"elementor-section elementor-top-section elementor-element elementor-element-d477a04 elementor-section-boxed elementor-section-height-default elementor-section-height-default\" data-id=\"d477a04\" data-element_type=\"section\" data-e-type=\"section\">\n\t\t\t\t\t\t<div class=\"elementor-container elementor-column-gap-default\">\n\t\t\t\t\t<div class=\"elementor-column elementor-col-100 elementor-top-column elementor-element elementor-element-2e3eaae7\" data-id=\"2e3eaae7\" data-element_type=\"column\" data-e-type=\"column\">\n\t\t\t<div class=\"elementor-widget-wrap elementor-element-populated\">\n\t\t\t\t\t\t<div class=\"elementor-element elementor-element-3864a574 elementor-widget elementor-widget-heading\" data-id=\"3864a574\" data-element_type=\"widget\" data-e-type=\"widget\" data-widget_type=\"heading.default\">\n\t\t\t\t<div class=\"elementor-widget-container\">\n\t\t\t\t\t<h1 class=\"elementor-heading-title elementor-size-default\">Merci pour votre demande de devis!<\/h1>\t\t\t\t<\/div>\n\t\t\t\t<\/div>\n\t\t\t\t<div class=\"elementor-element elementor-element-22f5e3fc elementor-widget elementor-widget-text-editor\" data-id=\"22f5e3fc\" data-element_type=\"widget\" data-e-type=\"widget\" data-widget_type=\"text-editor.default\">\n\t\t\t\t<div class=\"elementor-widget-container\">\n\t\t\t\t\t\t\t\t\t<p>Nous avons bien re\u00e7u votre message. Nous vous contacterons sous 1 jour ouvrable!<\/p>\n\t\t\t\t\t\t\t\t<\/div>\n\t\t\t\t<\/div>\n\t\t\t\t<div class=\"elementor-element elementor-element-6de98f6c elementor-widget elementor-widget-text-editor\" data-id=\"6de98f6c\" data-element_type=\"widget\" data-e-type=\"widget\" data-widget_type=\"text-editor.default\">\n\t\t\t\t<div class=\"elementor-widget-container\">\n\t\t\t\t\t\t\t\t\t<p><strong>Maintenant que vous \u00eates ici<\/strong>, d\u00e9couvrez pourquoi d&rsquo;autres entreprises organisent \u00e9galement le transport avec Quicargo et pourquoi de plus en plus de transporteurs vous proposent de l&rsquo;espace de chargement vide via notre plateforme. <strong>Fini les CAMIONS VIDES!<\/strong><\/p>\n\t\t\t\t\t\t\t\t<\/div>\n\t\t\t\t<\/div>\n\t\t\t\t<section class=\"elementor-section elementor-inner-section elementor-element elementor-element-50d38ca8 elementor-section-boxed elementor-section-height-default elementor-section-height-default\" data-id=\"50d38ca8\" data-element_type=\"section\" data-e-type=\"section\" data-settings=\"{&quot;background_background&quot;:&quot;gradient&quot;}\">\n\t\t\t\t\t\t<div class=\"elementor-container elementor-column-gap-default\">\n\t\t\t\t\t<div class=\"elementor-column elementor-col-50 elementor-inner-column elementor-element elementor-element-2196aeae\" data-id=\"2196aeae\" data-element_type=\"column\" data-e-type=\"column\">\n\t\t\t<div class=\"elementor-widget-wrap elementor-element-populated\">\n\t\t\t\t\t\t<div class=\"elementor-element elementor-element-679acf5a elementor-align-right elementor-widget elementor-widget-button\" data-id=\"679acf5a\" data-element_type=\"widget\" data-e-type=\"widget\" data-widget_type=\"button.default\">\n\t\t\t\t<div class=\"elementor-widget-container\">\n\t\t\t\t\t\t\t\t\t<div class=\"elementor-button-wrapper\">\n\t\t\t\t\t<a class=\"elementor-button elementor-button-link elementor-size-md\" href=\"https:\/\/quicargo.com\/case-studies\/\">\n\t\t\t\t\t\t<span class=\"elementor-button-content-wrapper\">\n\t\t\t\t\t\t<span class=\"elementor-button-icon\">\n\t\t\t\t<svg aria-hidden=\"true\" class=\"e-font-icon-svg e-fas-arrow-alt-circle-right\" viewBox=\"0 0 512 512\" xmlns=\"http:\/\/www.w3.org\/2000\/svg\"><path d=\"M256 8c137 0 248 111 248 248S393 504 256 504 8 393 8 256 119 8 256 8zM140 300h116v70.9c0 10.7 13 16.1 20.5 8.5l114.3-114.9c4.7-4.7 4.7-12.2 0-16.9l-114.3-115c-7.6-7.6-20.5-2.2-20.5 8.5V212H140c-6.6 0-12 5.4-12 12v64c0 6.6 5.4 12 12 12z\"><\/path><\/svg>\t\t\t<\/span>\n\t\t\t\t\t\t\t\t\t<span class=\"elementor-button-text\">D\u00e9couvrez les histoires des exp\u00e9diteurs<\/span>\n\t\t\t\t\t<\/span>\n\t\t\t\t\t<\/a>\n\t\t\t\t<\/div>\n\t\t\t\t\t\t\t\t<\/div>\n\t\t\t\t<\/div>\n\t\t\t\t\t<\/div>\n\t\t<\/div>\n\t\t\t\t<div class=\"elementor-column elementor-col-50 elementor-inner-column elementor-element elementor-element-489fd539\" data-id=\"489fd539\" data-element_type=\"column\" data-e-type=\"column\">\n\t\t\t<div class=\"elementor-widget-wrap elementor-element-populated\">\n\t\t\t\t\t\t<div class=\"elementor-element elementor-element-7fdbddf5 elementor-align-left elementor-widget elementor-widget-button\" data-id=\"7fdbddf5\" data-element_type=\"widget\" data-e-type=\"widget\" data-widget_type=\"button.default\">\n\t\t\t\t<div class=\"elementor-widget-container\">\n\t\t\t\t\t\t\t\t\t<div class=\"elementor-button-wrapper\">\n\t\t\t\t\t<a class=\"elementor-button elementor-button-link elementor-size-md\" href=\"https:\/\/quicargo.com\/case-studies\/\">\n\t\t\t\t\t\t<span class=\"elementor-button-content-wrapper\">\n\t\t\t\t\t\t<span class=\"elementor-button-icon\">\n\t\t\t\t<svg aria-hidden=\"true\" class=\"e-font-icon-svg e-fas-arrow-alt-circle-left\" viewBox=\"0 0 512 512\" xmlns=\"http:\/\/www.w3.org\/2000\/svg\"><path d=\"M256 504C119 504 8 393 8 256S119 8 256 8s248 111 248 248-111 248-248 248zm116-292H256v-70.9c0-10.7-13-16.1-20.5-8.5L121.2 247.5c-4.7 4.7-4.7 12.2 0 16.9l114.3 114.9c7.6 7.6 20.5 2.2 20.5-8.5V300h116c6.6 0 12-5.4 12-12v-64c0-6.6-5.4-12-12-12z\"><\/path><\/svg>\t\t\t<\/span>\n\t\t\t\t\t\t\t\t\t<span class=\"elementor-button-text\">Pourquoi les transporteurs travaillent avec nous<\/span>\n\t\t\t\t\t<\/span>\n\t\t\t\t\t<\/a>\n\t\t\t\t<\/div>\n\t\t\t\t\t\t\t\t<\/div>\n\t\t\t\t<\/div>\n\t\t\t\t\t<\/div>\n\t\t<\/div>\n\t\t\t\t\t<\/div>\n\t\t<\/section>\n\t\t\t\t\t<\/div>\n\t\t<\/div>\n\t\t\t\t\t<\/div>\n\t\t<\/section>\n\t\t\t\t<\/div>\n\t\t","protected":false},"excerpt":{"rendered":"<p>Merci pour votre demande de devis! Nous avons bien re\u00e7u votre message. Nous vous contacterons sous 1 jour ouvrable! Maintenant que vous \u00eates ici, d\u00e9couvrez pourquoi d&rsquo;autres entreprises organisent \u00e9galement le transport avec Quicargo et pourquoi de plus en plus de transporteurs vous proposent de l&rsquo;espace de chargement vide via notre plateforme. Fini les CAMIONS [&hellip;]<\/p>\n","protected":false},"author":1,"featured_media":0,"parent":0,"menu_order":0,"comment_status":"closed","ping_status":"closed","template":"elementor_header_footer","meta":{"footnotes":""},"class_list":["post-24239","page","type-page","status-publish","hentry"],"yoast_head":"<!-- This site is optimized with the Yoast SEO plugin v25.2 - https:\/\/yoast.com\/wordpress\/plugins\/seo\/ -->\n<title>Merci RaQ<\/title>\n<meta name=\"description\" content=\"Quicargo is a cargo platform for trucks. Excellent service, reliable carriers and great prices. Ship your pallets with us today! B2B, B2C, spot and recurring transport.\" \/>\n<meta name=\"robots\" content=\"noindex, follow\" \/>\n<meta property=\"og:locale\" content=\"fr_FR\" \/>\n<meta property=\"og:type\" content=\"article\" \/>\n<meta property=\"og:title\" content=\"Merci RaQ\" \/>\n<meta property=\"og:description\" content=\"Quicargo is a cargo platform for trucks. Excellent service, reliable carriers and great prices. Ship your pallets with us today! B2B, B2C, spot and recurring transport.\" \/>\n<meta property=\"og:url\" content=\"https:\/\/quicargo.com\/fr\/merci-raq\/\" \/>\n<meta property=\"og:site_name\" content=\"Quicargo\" \/>\n<meta property=\"article:modified_time\" content=\"2021-01-04T11:11:49+00:00\" \/>\n<meta name=\"twitter:card\" content=\"summary_large_image\" \/>\n<script type=\"application\/ld+json\" class=\"yoast-schema-graph\">{\"@context\":\"https:\/\/schema.org\",\"@graph\":[{\"@type\":\"WebPage\",\"@id\":\"https:\/\/quicargo.com\/fr\/merci-raq\/\",\"url\":\"https:\/\/quicargo.com\/fr\/merci-raq\/\",\"name\":\"Merci RaQ\",\"isPartOf\":{\"@id\":\"https:\/\/quicargo.com\/fr\/#website\"},\"datePublished\":\"2021-01-04T10:54:33+00:00\",\"dateModified\":\"2021-01-04T11:11:49+00:00\",\"description\":\"Quicargo is a cargo platform for trucks. Excellent service, reliable carriers and great prices. Ship your pallets with us today! B2B, B2C, spot and recurring transport.\",\"breadcrumb\":{\"@id\":\"https:\/\/quicargo.com\/fr\/merci-raq\/#breadcrumb\"},\"inLanguage\":\"fr-FR\",\"potentialAction\":[{\"@type\":\"ReadAction\",\"target\":[\"https:\/\/quicargo.com\/fr\/merci-raq\/\"]}]},{\"@type\":\"BreadcrumbList\",\"@id\":\"https:\/\/quicargo.com\/fr\/merci-raq\/#breadcrumb\",\"itemListElement\":[{\"@type\":\"ListItem\",\"position\":1,\"name\":\"Home\",\"item\":\"https:\/\/quicargo.com\/fr\/\"},{\"@type\":\"ListItem\",\"position\":2,\"name\":\"Merci RaQ\"}]},{\"@type\":\"WebSite\",\"@id\":\"https:\/\/quicargo.com\/fr\/#website\",\"url\":\"https:\/\/quicargo.com\/fr\/\",\"name\":\"Quicargo\",\"description\":\"No more empty trucks\",\"publisher\":{\"@id\":\"https:\/\/quicargo.com\/fr\/#organization\"},\"potentialAction\":[{\"@type\":\"SearchAction\",\"target\":{\"@type\":\"EntryPoint\",\"urlTemplate\":\"https:\/\/quicargo.com\/fr\/?s={search_term_string}\"},\"query-input\":{\"@type\":\"PropertyValueSpecification\",\"valueRequired\":true,\"valueName\":\"search_term_string\"}}],\"inLanguage\":\"fr-FR\"},{\"@type\":\"Organization\",\"@id\":\"https:\/\/quicargo.com\/fr\/#organization\",\"name\":\"Quicargo\",\"url\":\"https:\/\/quicargo.com\/fr\/\",\"logo\":{\"@type\":\"ImageObject\",\"inLanguage\":\"fr-FR\",\"@id\":\"https:\/\/quicargo.com\/fr\/#\/schema\/logo\/image\/\",\"url\":\"https:\/\/quicargo.com\/wp-content\/uploads\/2020\/02\/Quicargo-official-logo.png\",\"contentUrl\":\"https:\/\/quicargo.com\/wp-content\/uploads\/2020\/02\/Quicargo-official-logo.png\",\"width\":148,\"height\":59,\"caption\":\"Quicargo\"},\"image\":{\"@id\":\"https:\/\/quicargo.com\/fr\/#\/schema\/logo\/image\/\"}}]}<\/script>\n<!-- \/ Yoast SEO plugin. -->","yoast_head_json":{"title":"Merci RaQ","description":"Quicargo is a cargo platform for trucks. Excellent service, reliable carriers and great prices. Ship your pallets with us today! B2B, B2C, spot and recurring transport.","robots":{"index":"noindex","follow":"follow"},"og_locale":"fr_FR","og_type":"article","og_title":"Merci RaQ","og_description":"Quicargo is a cargo platform for trucks. Excellent service, reliable carriers and great prices. Ship your pallets with us today! B2B, B2C, spot and recurring transport.","og_url":"https:\/\/quicargo.com\/fr\/merci-raq\/","og_site_name":"Quicargo","article_modified_time":"2021-01-04T11:11:49+00:00","twitter_card":"summary_large_image","schema":{"@context":"https:\/\/schema.org","@graph":[{"@type":"WebPage","@id":"https:\/\/quicargo.com\/fr\/merci-raq\/","url":"https:\/\/quicargo.com\/fr\/merci-raq\/","name":"Merci RaQ","isPartOf":{"@id":"https:\/\/quicargo.com\/fr\/#website"},"datePublished":"2021-01-04T10:54:33+00:00","dateModified":"2021-01-04T11:11:49+00:00","description":"Quicargo is a cargo platform for trucks. Excellent service, reliable carriers and great prices. Ship your pallets with us today! B2B, B2C, spot and recurring transport.","breadcrumb":{"@id":"https:\/\/quicargo.com\/fr\/merci-raq\/#breadcrumb"},"inLanguage":"fr-FR","potentialAction":[{"@type":"ReadAction","target":["https:\/\/quicargo.com\/fr\/merci-raq\/"]}]},{"@type":"BreadcrumbList","@id":"https:\/\/quicargo.com\/fr\/merci-raq\/#breadcrumb","itemListElement":[{"@type":"ListItem","position":1,"name":"Home","item":"https:\/\/quicargo.com\/fr\/"},{"@type":"ListItem","position":2,"name":"Merci RaQ"}]},{"@type":"WebSite","@id":"https:\/\/quicargo.com\/fr\/#website","url":"https:\/\/quicargo.com\/fr\/","name":"Quicargo","description":"No more empty trucks","publisher":{"@id":"https:\/\/quicargo.com\/fr\/#organization"},"potentialAction":[{"@type":"SearchAction","target":{"@type":"EntryPoint","urlTemplate":"https:\/\/quicargo.com\/fr\/?s={search_term_string}"},"query-input":{"@type":"PropertyValueSpecification","valueRequired":true,"valueName":"search_term_string"}}],"inLanguage":"fr-FR"},{"@type":"Organization","@id":"https:\/\/quicargo.com\/fr\/#organization","name":"Quicargo","url":"https:\/\/quicargo.com\/fr\/","logo":{"@type":"ImageObject","inLanguage":"fr-FR","@id":"https:\/\/quicargo.com\/fr\/#\/schema\/logo\/image\/","url":"https:\/\/quicargo.com\/wp-content\/uploads\/2020\/02\/Quicargo-official-logo.png","contentUrl":"https:\/\/quicargo.com\/wp-content\/uploads\/2020\/02\/Quicargo-official-logo.png","width":148,"height":59,"caption":"Quicargo"},"image":{"@id":"https:\/\/quicargo.com\/fr\/#\/schema\/logo\/image\/"}}]}},"_links":{"self":[{"href":"https:\/\/quicargo.com\/fr\/wp-json\/wp\/v2\/pages\/24239","targetHints":{"allow":["GET"]}}],"collection":[{"href":"https:\/\/quicargo.com\/fr\/wp-json\/wp\/v2\/pages"}],"about":[{"href":"https:\/\/quicargo.com\/fr\/wp-json\/wp\/v2\/types\/page"}],"author":[{"embeddable":true,"href":"https:\/\/quicargo.com\/fr\/wp-json\/wp\/v2\/users\/1"}],"replies":[{"embeddable":true,"href":"https:\/\/quicargo.com\/fr\/wp-json\/wp\/v2\/comments?post=24239"}],"version-history":[{"count":5,"href":"https:\/\/quicargo.com\/fr\/wp-json\/wp\/v2\/pages\/24239\/revisions"}],"predecessor-version":[{"id":24253,"href":"https:\/\/quicargo.com\/fr\/wp-json\/wp\/v2\/pages\/24239\/revisions\/24253"}],"wp:attachment":[{"href":"https:\/\/quicargo.com\/fr\/wp-json\/wp\/v2\/media?parent=24239"}],"curies":[{"name":"wp","href":"https:\/\/api.w.org\/{rel}","templated":true}]}}