{"id":23107,"date":"2020-12-22T09:55:23","date_gmt":"2020-12-22T08:55:23","guid":{"rendered":"http:\/\/3.72.60.250\/plan-de-site\/"},"modified":"2020-12-22T09:57:12","modified_gmt":"2020-12-22T08:57:12","slug":"plan-de-site","status":"publish","type":"page","link":"https:\/\/quicargo.com\/fr\/plan-de-site\/","title":{"rendered":"Plan de site | Quicargo"},"content":{"rendered":"\t\t<div data-elementor-type=\"wp-page\" data-elementor-id=\"23107\" class=\"elementor elementor-23107 elementor-8468\" data-elementor-post-type=\"page\">\n\t\t\t\t\t\t<section class=\"elementor-section elementor-top-section elementor-element elementor-element-0d64f88 elementor-section-height-min-height elementor-section-boxed elementor-section-height-default elementor-section-items-middle\" data-id=\"0d64f88\" data-element_type=\"section\" data-e-type=\"section\" data-settings=\"{&quot;background_background&quot;:&quot;classic&quot;}\">\n\t\t\t\t\t\t<div class=\"elementor-container elementor-column-gap-default\">\n\t\t\t\t\t<div class=\"elementor-column elementor-col-100 elementor-top-column elementor-element elementor-element-b8f796d\" data-id=\"b8f796d\" data-element_type=\"column\" data-e-type=\"column\">\n\t\t\t<div class=\"elementor-widget-wrap\">\n\t\t\t\t\t\t\t<\/div>\n\t\t<\/div>\n\t\t\t\t\t<\/div>\n\t\t<\/section>\n\t\t\t\t<section class=\"elementor-section elementor-top-section elementor-element elementor-element-a794602 elementor-section-boxed elementor-section-height-default elementor-section-height-default\" data-id=\"a794602\" data-element_type=\"section\" data-e-type=\"section\">\n\t\t\t\t\t\t<div class=\"elementor-container elementor-column-gap-default\">\n\t\t\t\t\t<div class=\"elementor-column elementor-col-100 elementor-top-column elementor-element elementor-element-a89394e\" data-id=\"a89394e\" data-element_type=\"column\" data-e-type=\"column\">\n\t\t\t<div class=\"elementor-widget-wrap elementor-element-populated\">\n\t\t\t\t\t\t<div class=\"elementor-element elementor-element-501e1c4 elementor-widget elementor-widget-heading\" data-id=\"501e1c4\" data-element_type=\"widget\" data-e-type=\"widget\" data-widget_type=\"heading.default\">\n\t\t\t\t<div class=\"elementor-widget-container\">\n\t\t\t\t\t<h1 class=\"elementor-heading-title elementor-size-default\">Plan de site<\/h1>\t\t\t\t<\/div>\n\t\t\t\t<\/div>\n\t\t\t\t<div class=\"elementor-element elementor-element-0216781 elementor-widget elementor-widget-sitemap\" data-id=\"0216781\" data-element_type=\"widget\" data-e-type=\"widget\" data-widget_type=\"sitemap.default\">\n\t\t\t\t<div class=\"elementor-widget-container\">\n\t\t\t\t\t<div class=\"elementor-sitemap-wrap\"><div class=\"elementor-sitemap-section\"><h2 class=\"elementor-sitemap-title elementor-sitemap-page-title\">Pages<\/h2><ul class=\"elementor-sitemap-list elementor-sitemap-page-list\"><li class=\"elementor-sitemap-item elementor-sitemap-item-page page_item page-item-132411\"><a href=\"https:\/\/quicargo.com\/fr\/career\/\">Carri\u00e8re : Faites partie de notre \u00e9quipe<\/a><\/li><li class=\"elementor-sitemap-item elementor-sitemap-item-page page_item page-item-131708\"><a href=\"https:\/\/quicargo.com\/fr\/copy-new-home-page\/\">Quicargo: #1 Digital Freight Platform for Road Transport and Logistics<\/a><\/li><li class=\"elementor-sitemap-item elementor-sitemap-item-page page_item page-item-131148\"><a href=\"https:\/\/quicargo.com\/fr\/calcul-circonference\/\">Calculez la circonf\u00e9rence du colis : utilisez le calculateur de circonf\u00e9rence Quicargo !<\/a><\/li><li class=\"elementor-sitemap-item elementor-sitemap-item-page page_item page-item-17601\"><a href=\"https:\/\/quicargo.com\/fr\/transport-palettes\/\">Transport de palettes: envoyer des frets en Europe avec Quicargo<\/a><\/li><li class=\"elementor-sitemap-item elementor-sitemap-item-page page_item page-item-131013\"><a href=\"https:\/\/quicargo.com\/fr\/calculez-les-metres-cubes\/\">Calculez les m\u00e8tres cubes pour le fret : utilisez le calculateur de m3 de Quicargo !<\/a><\/li><li class=\"elementor-sitemap-item elementor-sitemap-item-page page_item page-item-130906\"><a href=\"https:\/\/quicargo.com\/fr\/amazon-fba-transport\/\">Transport Amazon FBA : exp\u00e9diez des palettes Amazon directement avec Quicargo<\/a><\/li><li class=\"elementor-sitemap-item elementor-sitemap-item-page page_item page-item-18041\"><a href=\"https:\/\/quicargo.com\/fr\/transport-ltl\/\">Transport LTL: envoyez des chargements partiels facilement avec Quicargo!<\/a><\/li><li class=\"elementor-sitemap-item elementor-sitemap-item-page page_item page-item-35976\"><a href=\"https:\/\/quicargo.com\/fr\/conditions-commissionnaire-transport\/\">Conditions commissionnaire de transport<\/a><\/li><li class=\"elementor-sitemap-item elementor-sitemap-item-page page_item page-item-17137\"><a href=\"https:\/\/quicargo.com\/fr\/calculer-metres-lineaires\/\">Calculer les m\u00e8tres lin\u00e9aires de chargement d&rsquo;un camion avec la calculatrice de Quicargo!<\/a><\/li><li class=\"elementor-sitemap-item elementor-sitemap-item-page page_item page-item-128857\"><a href=\"https:\/\/quicargo.com\/fr\/palette-a-blocs\/\">Exp\u00e9diez des palettes blocs en Europe avec Quicargo | \u00c9conomisez 30% sur les co\u00fbts<\/a><\/li><li class=\"elementor-sitemap-item elementor-sitemap-item-page page_item page-item-128193\"><a href=\"https:\/\/quicargo.com\/fr\/europallet\/\">Exp\u00e9dition de palettes Euro: \u00c9conomisez jusqu&rsquo;\u00e0 30 % sur les co\u00fbts de transport avec Quicargo.<\/a><\/li><li class=\"elementor-sitemap-item elementor-sitemap-item-page page_item page-item-127350\"><a href=\"https:\/\/quicargo.com\/fr\/amazon-allemagne\/\">Amazon Allemagne | Exp\u00e9diez vos palettes sans effort vers les entrep\u00f4ts FBA | Quicargo<\/a><\/li><li class=\"elementor-sitemap-item elementor-sitemap-item-page page_item page-item-124540\"><a href=\"https:\/\/quicargo.com\/fr\/suivi-de-livraison\/\">Suivi de livraison | Quicargo<\/a><\/li><li class=\"elementor-sitemap-item elementor-sitemap-item-page page_item page-item-124484\"><a href=\"https:\/\/quicargo.com\/fr\/palettes-sur-mesure\/\">Exp\u00e9dition de palettes sur mesure : \u00e9conomisez jusqu&rsquo;\u00e0 30 % sur les co\u00fbts de transport avec Quicargo\ufffc\ufffc\ufffc\ufffc\ufffc\ufffc\ufffc\ufffc\ufffc<\/a><\/li><li class=\"elementor-sitemap-item elementor-sitemap-item-page page_item page-item-37315\"><a href=\"https:\/\/quicargo.com\/fr\/test-lucas\/\">Test Lucas<\/a><\/li><li class=\"elementor-sitemap-item elementor-sitemap-item-page page_item page-item-35972\"><a href=\"https:\/\/quicargo.com\/fr\/conditions-transporteurs\/\">Conditions G\u00e9n\u00e9rales pour les transporteurs<\/a><\/li><li class=\"elementor-sitemap-item elementor-sitemap-item-page page_item page-item-35970\"><a href=\"https:\/\/quicargo.com\/fr\/conditions-expediteurs\/\">Conditions G\u00e9n\u00e9rales pour les exp\u00e9diteurs<\/a><\/li><li class=\"elementor-sitemap-item elementor-sitemap-item-page page_item page-item-24239\"><a href=\"https:\/\/quicargo.com\/fr\/merci-raq\/\">Merci RaQ<\/a><\/li><li class=\"elementor-sitemap-item elementor-sitemap-item-page page_item page-item-23107\"><a href=\"https:\/\/quicargo.com\/fr\/plan-de-site\/\">Plan de site | Quicargo<\/a><\/li><li class=\"elementor-sitemap-item elementor-sitemap-item-page page_item page-item-21538\"><a href=\"https:\/\/quicargo.com\/fr\/calculateur-cout-transport\/\">Calculateur co\u00fbt de transport: calcul co\u00fbts d&rsquo;exp\u00e9dition de fret | Quicargo<\/a><\/li><li class=\"elementor-sitemap-item elementor-sitemap-item-page page_item page-item-20804\"><a href=\"https:\/\/quicargo.com\/fr\/destinations-transport\/\">Destinations de livraison: Quicargo livre votre fret en Europe<\/a><\/li><li class=\"elementor-sitemap-item elementor-sitemap-item-page page_item page-item-20223\"><a href=\"https:\/\/quicargo.com\/fr\/envoi-colis\/\">Envoi colis: sauvez en frais de transport, livraison colis avec Quicargo<\/a><\/li><li class=\"elementor-sitemap-item elementor-sitemap-item-page page_item page-item-17873\"><a href=\"https:\/\/quicargo.com\/fr\/ftl-transport\/\">FTL transport en Europe | R\u00e9duisez vos co\u00fbts jusqu&rsquo;\u00e0 30% avec Quicargo!<\/a><\/li><li class=\"elementor-sitemap-item elementor-sitemap-item-page page_item page-item-17467\"><a href=\"https:\/\/quicargo.com\/fr\/demandez-une-demo\/\">Demandez une d\u00e9monstration de la plateforme digitale de transport de Quicargo<\/a><\/li><li class=\"elementor-sitemap-item elementor-sitemap-item-page page_item page-item-17233\"><a href=\"https:\/\/quicargo.com\/fr\/transport-regulier\/\">Demandez un devis pour les flux r\u00e9gulier de transport en Europe | \u00c9pargnez jusqu&rsquo;\u00e0 20% en co\u00fbts!<\/a><\/li><li class=\"elementor-sitemap-item elementor-sitemap-item-page page_item page-item-16211\"><a href=\"https:\/\/quicargo.com\/fr\/qui-sommes-nous\/\">\u00c0 propos de Quicargo: Qui sommes nous?<\/a><\/li><li class=\"elementor-sitemap-item elementor-sitemap-item-page page_item page-item-16205\"><a href=\"https:\/\/quicargo.com\/fr\/contact\/\">Contact<\/a><\/li><li class=\"elementor-sitemap-item elementor-sitemap-item-page page_item page-item-14217\"><a href=\"https:\/\/quicargo.com\/fr\/expediteurs\/\">Exp\u00e9diteurs: envoyer vos palettes facilement avec Quicargo<\/a><\/li><li class=\"elementor-sitemap-item elementor-sitemap-item-page page_item page-item-14072\"><a href=\"https:\/\/quicargo.com\/fr\/\">Quicargo: platforme transport et logistique pour le transport routier<\/a><\/li><li class=\"elementor-sitemap-item elementor-sitemap-item-page page_item page-item-13884\"><a href=\"https:\/\/quicargo.com\/fr\/transporteurs\/\">Transporteurs: camionner plus de fret en  coop\u00e9ration avec Quicargo<\/a><\/li><\/ul><\/div><div class=\"elementor-sitemap-section\"><h2 class=\"elementor-sitemap-title elementor-sitemap-post-title\">Articles<\/h2><span class=\"elementor-sitemap-list elementor-sitemap-post-list\">Aucun<\/span><\/div><\/div>\t\t\t\t<\/div>\n\t\t\t\t<\/div>\n\t\t\t\t\t<\/div>\n\t\t<\/div>\n\t\t\t\t\t<\/div>\n\t\t<\/section>\n\t\t\t\t<\/div>\n\t\t","protected":false},"excerpt":{"rendered":"<p>Plan de site<\/p>\n","protected":false},"author":1,"featured_media":0,"parent":0,"menu_order":0,"comment_status":"closed","ping_status":"closed","template":"elementor_header_footer","meta":{"footnotes":""},"class_list":["post-23107","page","type-page","status-publish","hentry"],"yoast_head":"<!-- This site is optimized with the Yoast SEO plugin v25.2 - https:\/\/yoast.com\/wordpress\/plugins\/seo\/ -->\n<title>Plan de site | Quicargo<\/title>\n<meta name=\"description\" content=\"Ici, vous trouvez le plan de site de Quicargo. Utile pour trouver toutes les informations sur notre site web.\" \/>\n<meta name=\"robots\" content=\"index, follow, max-snippet:-1, max-image-preview:large, max-video-preview:-1\" \/>\n<link rel=\"canonical\" href=\"https:\/\/quicargo.com\/fr\/plan-de-site\/\" \/>\n<meta property=\"og:locale\" content=\"fr_FR\" \/>\n<meta property=\"og:type\" content=\"article\" \/>\n<meta property=\"og:title\" content=\"Plan de site | Quicargo\" \/>\n<meta property=\"og:description\" content=\"Ici, vous trouvez le plan de site de Quicargo. Utile pour trouver toutes les informations sur notre site web.\" \/>\n<meta property=\"og:url\" content=\"https:\/\/quicargo.com\/fr\/plan-de-site\/\" \/>\n<meta property=\"og:site_name\" content=\"Quicargo\" \/>\n<meta property=\"article:modified_time\" content=\"2020-12-22T08:57:12+00:00\" \/>\n<meta name=\"twitter:card\" content=\"summary_large_image\" \/>\n<script type=\"application\/ld+json\" class=\"yoast-schema-graph\">{\"@context\":\"https:\/\/schema.org\",\"@graph\":[{\"@type\":\"WebPage\",\"@id\":\"https:\/\/quicargo.com\/fr\/plan-de-site\/\",\"url\":\"https:\/\/quicargo.com\/fr\/plan-de-site\/\",\"name\":\"Plan de site | Quicargo\",\"isPartOf\":{\"@id\":\"https:\/\/quicargo.com\/fr\/#website\"},\"datePublished\":\"2020-12-22T08:55:23+00:00\",\"dateModified\":\"2020-12-22T08:57:12+00:00\",\"description\":\"Ici, vous trouvez le plan de site de Quicargo. Utile pour trouver toutes les informations sur notre site web.\",\"breadcrumb\":{\"@id\":\"https:\/\/quicargo.com\/fr\/plan-de-site\/#breadcrumb\"},\"inLanguage\":\"fr-FR\",\"potentialAction\":[{\"@type\":\"ReadAction\",\"target\":[\"https:\/\/quicargo.com\/fr\/plan-de-site\/\"]}]},{\"@type\":\"BreadcrumbList\",\"@id\":\"https:\/\/quicargo.com\/fr\/plan-de-site\/#breadcrumb\",\"itemListElement\":[{\"@type\":\"ListItem\",\"position\":1,\"name\":\"Home\",\"item\":\"https:\/\/quicargo.com\/fr\/\"},{\"@type\":\"ListItem\",\"position\":2,\"name\":\"Plan de site | Quicargo\"}]},{\"@type\":\"WebSite\",\"@id\":\"https:\/\/quicargo.com\/fr\/#website\",\"url\":\"https:\/\/quicargo.com\/fr\/\",\"name\":\"Quicargo\",\"description\":\"No more empty trucks\",\"publisher\":{\"@id\":\"https:\/\/quicargo.com\/fr\/#organization\"},\"potentialAction\":[{\"@type\":\"SearchAction\",\"target\":{\"@type\":\"EntryPoint\",\"urlTemplate\":\"https:\/\/quicargo.com\/fr\/?s={search_term_string}\"},\"query-input\":{\"@type\":\"PropertyValueSpecification\",\"valueRequired\":true,\"valueName\":\"search_term_string\"}}],\"inLanguage\":\"fr-FR\"},{\"@type\":\"Organization\",\"@id\":\"https:\/\/quicargo.com\/fr\/#organization\",\"name\":\"Quicargo\",\"url\":\"https:\/\/quicargo.com\/fr\/\",\"logo\":{\"@type\":\"ImageObject\",\"inLanguage\":\"fr-FR\",\"@id\":\"https:\/\/quicargo.com\/fr\/#\/schema\/logo\/image\/\",\"url\":\"https:\/\/quicargo.com\/wp-content\/uploads\/2020\/02\/Quicargo-official-logo.png\",\"contentUrl\":\"https:\/\/quicargo.com\/wp-content\/uploads\/2020\/02\/Quicargo-official-logo.png\",\"width\":148,\"height\":59,\"caption\":\"Quicargo\"},\"image\":{\"@id\":\"https:\/\/quicargo.com\/fr\/#\/schema\/logo\/image\/\"}}]}<\/script>\n<!-- \/ Yoast SEO plugin. -->","yoast_head_json":{"title":"Plan de site | Quicargo","description":"Ici, vous trouvez le plan de site de Quicargo. Utile pour trouver toutes les informations sur notre site web.","robots":{"index":"index","follow":"follow","max-snippet":"max-snippet:-1","max-image-preview":"max-image-preview:large","max-video-preview":"max-video-preview:-1"},"canonical":"https:\/\/quicargo.com\/fr\/plan-de-site\/","og_locale":"fr_FR","og_type":"article","og_title":"Plan de site | Quicargo","og_description":"Ici, vous trouvez le plan de site de Quicargo. Utile pour trouver toutes les informations sur notre site web.","og_url":"https:\/\/quicargo.com\/fr\/plan-de-site\/","og_site_name":"Quicargo","article_modified_time":"2020-12-22T08:57:12+00:00","twitter_card":"summary_large_image","schema":{"@context":"https:\/\/schema.org","@graph":[{"@type":"WebPage","@id":"https:\/\/quicargo.com\/fr\/plan-de-site\/","url":"https:\/\/quicargo.com\/fr\/plan-de-site\/","name":"Plan de site | Quicargo","isPartOf":{"@id":"https:\/\/quicargo.com\/fr\/#website"},"datePublished":"2020-12-22T08:55:23+00:00","dateModified":"2020-12-22T08:57:12+00:00","description":"Ici, vous trouvez le plan de site de Quicargo. Utile pour trouver toutes les informations sur notre site web.","breadcrumb":{"@id":"https:\/\/quicargo.com\/fr\/plan-de-site\/#breadcrumb"},"inLanguage":"fr-FR","potentialAction":[{"@type":"ReadAction","target":["https:\/\/quicargo.com\/fr\/plan-de-site\/"]}]},{"@type":"BreadcrumbList","@id":"https:\/\/quicargo.com\/fr\/plan-de-site\/#breadcrumb","itemListElement":[{"@type":"ListItem","position":1,"name":"Home","item":"https:\/\/quicargo.com\/fr\/"},{"@type":"ListItem","position":2,"name":"Plan de site | Quicargo"}]},{"@type":"WebSite","@id":"https:\/\/quicargo.com\/fr\/#website","url":"https:\/\/quicargo.com\/fr\/","name":"Quicargo","description":"No more empty trucks","publisher":{"@id":"https:\/\/quicargo.com\/fr\/#organization"},"potentialAction":[{"@type":"SearchAction","target":{"@type":"EntryPoint","urlTemplate":"https:\/\/quicargo.com\/fr\/?s={search_term_string}"},"query-input":{"@type":"PropertyValueSpecification","valueRequired":true,"valueName":"search_term_string"}}],"inLanguage":"fr-FR"},{"@type":"Organization","@id":"https:\/\/quicargo.com\/fr\/#organization","name":"Quicargo","url":"https:\/\/quicargo.com\/fr\/","logo":{"@type":"ImageObject","inLanguage":"fr-FR","@id":"https:\/\/quicargo.com\/fr\/#\/schema\/logo\/image\/","url":"https:\/\/quicargo.com\/wp-content\/uploads\/2020\/02\/Quicargo-official-logo.png","contentUrl":"https:\/\/quicargo.com\/wp-content\/uploads\/2020\/02\/Quicargo-official-logo.png","width":148,"height":59,"caption":"Quicargo"},"image":{"@id":"https:\/\/quicargo.com\/fr\/#\/schema\/logo\/image\/"}}]}},"_links":{"self":[{"href":"https:\/\/quicargo.com\/fr\/wp-json\/wp\/v2\/pages\/23107","targetHints":{"allow":["GET"]}}],"collection":[{"href":"https:\/\/quicargo.com\/fr\/wp-json\/wp\/v2\/pages"}],"about":[{"href":"https:\/\/quicargo.com\/fr\/wp-json\/wp\/v2\/types\/page"}],"author":[{"embeddable":true,"href":"https:\/\/quicargo.com\/fr\/wp-json\/wp\/v2\/users\/1"}],"replies":[{"embeddable":true,"href":"https:\/\/quicargo.com\/fr\/wp-json\/wp\/v2\/comments?post=23107"}],"version-history":[{"count":9,"href":"https:\/\/quicargo.com\/fr\/wp-json\/wp\/v2\/pages\/23107\/revisions"}],"predecessor-version":[{"id":23116,"href":"https:\/\/quicargo.com\/fr\/wp-json\/wp\/v2\/pages\/23107\/revisions\/23116"}],"wp:attachment":[{"href":"https:\/\/quicargo.com\/fr\/wp-json\/wp\/v2\/media?parent=23107"}],"curies":[{"name":"wp","href":"https:\/\/api.w.org\/{rel}","templated":true}]}}