{"id":132411,"date":"2025-02-25T13:07:20","date_gmt":"2025-02-25T12:07:20","guid":{"rendered":"https:\/\/quicargo.com\/career\/"},"modified":"2025-02-28T16:27:02","modified_gmt":"2025-02-28T15:27:02","slug":"career","status":"publish","type":"page","link":"https:\/\/quicargo.com\/fr\/career\/","title":{"rendered":"Carri\u00e8re : Faites partie de notre \u00e9quipe"},"content":{"rendered":"\t\t<div data-elementor-type=\"wp-post\" data-elementor-id=\"132411\" class=\"elementor elementor-132411 elementor-132197\" data-elementor-post-type=\"page\">\n\t\t\t\t\t\t<section class=\"elementor-section elementor-top-section elementor-element elementor-element-58ac81d elementor-section-height-min-height elementor-section-boxed elementor-section-height-default elementor-section-items-middle\" data-id=\"58ac81d\" data-element_type=\"section\" data-e-type=\"section\" data-settings=\"{&quot;background_background&quot;:&quot;classic&quot;}\">\n\t\t\t\t\t\t\t<div class=\"elementor-background-overlay\"><\/div>\n\t\t\t\t\t\t\t<div class=\"elementor-container elementor-column-gap-default\">\n\t\t\t\t\t<div class=\"elementor-column elementor-col-100 elementor-top-column elementor-element elementor-element-dfbff93\" data-id=\"dfbff93\" data-element_type=\"column\" data-e-type=\"column\">\n\t\t\t<div class=\"elementor-widget-wrap elementor-element-populated\">\n\t\t\t\t\t\t<div class=\"elementor-element elementor-element-e097049 elementor-widget elementor-widget-heading\" data-id=\"e097049\" data-element_type=\"widget\" data-e-type=\"widget\" data-widget_type=\"heading.default\">\n\t\t\t\t<div class=\"elementor-widget-container\">\n\t\t\t\t\t<div class=\"elementor-heading-title elementor-size-small\">Carri\u00e8re chez Quicargo<\/div>\t\t\t\t<\/div>\n\t\t\t\t<\/div>\n\t\t\t\t<div class=\"elementor-element elementor-element-c7e045f elementor-widget elementor-widget-heading\" data-id=\"c7e045f\" data-element_type=\"widget\" data-e-type=\"widget\" data-widget_type=\"heading.default\">\n\t\t\t\t<div class=\"elementor-widget-container\">\n\t\t\t\t\t<h1 class=\"elementor-heading-title elementor-size-default\">Nous sommes toujours \u00e0 la recherche de talents !\n<\/h1>\t\t\t\t<\/div>\n\t\t\t\t<\/div>\n\t\t\t\t<div class=\"elementor-element elementor-element-42f7250 elementor-widget elementor-widget-text-editor\" data-id=\"42f7250\" data-element_type=\"widget\" data-e-type=\"widget\" data-widget_type=\"text-editor.default\">\n\t\t\t\t<div class=\"elementor-widget-container\">\n\t\t\t\t\t\t\t\t\t<p>Rejoignez notre mission pour rendre le transport accessible \u00e0 toutes les entreprises.<\/p>\t\t\t\t\t\t\t\t<\/div>\n\t\t\t\t<\/div>\n\t\t\t\t\t<\/div>\n\t\t<\/div>\n\t\t\t\t\t<\/div>\n\t\t<\/section>\n\t\t\t\t<section class=\"elementor-section elementor-top-section elementor-element elementor-element-46311b82 elementor-section-boxed elementor-section-height-default elementor-section-height-default\" data-id=\"46311b82\" data-element_type=\"section\" data-e-type=\"section\">\n\t\t\t\t\t\t<div class=\"elementor-container elementor-column-gap-default\">\n\t\t\t\t\t<div class=\"elementor-column elementor-col-100 elementor-top-column elementor-element elementor-element-6bae3020\" data-id=\"6bae3020\" data-element_type=\"column\" data-e-type=\"column\">\n\t\t\t<div class=\"elementor-widget-wrap elementor-element-populated\">\n\t\t\t\t\t\t<section class=\"elementor-section elementor-inner-section elementor-element elementor-element-4bd2428 elementor-section-boxed elementor-section-height-default elementor-section-height-default\" data-id=\"4bd2428\" data-element_type=\"section\" data-e-type=\"section\">\n\t\t\t\t\t\t<div class=\"elementor-container elementor-column-gap-default\">\n\t\t\t\t\t<div class=\"elementor-column elementor-col-100 elementor-inner-column elementor-element elementor-element-608acb3\" data-id=\"608acb3\" data-element_type=\"column\" data-e-type=\"column\">\n\t\t\t<div class=\"elementor-widget-wrap elementor-element-populated\">\n\t\t\t\t\t\t<div class=\"elementor-element elementor-element-ba9924d elementor-widget elementor-widget-heading\" data-id=\"ba9924d\" data-element_type=\"widget\" data-e-type=\"widget\" id=\"1\" data-widget_type=\"heading.default\">\n\t\t\t\t<div class=\"elementor-widget-container\">\n\t\t\t\t\t<h2 class=\"elementor-heading-title elementor-size-default\">\u00c0 propos de Quicargo<\/h2>\t\t\t\t<\/div>\n\t\t\t\t<\/div>\n\t\t\t\t<div class=\"elementor-element elementor-element-beaf82d elementor-widget elementor-widget-text-editor\" data-id=\"beaf82d\" data-element_type=\"widget\" data-e-type=\"widget\" data-widget_type=\"text-editor.default\">\n\t\t\t\t<div class=\"elementor-widget-container\">\n\t\t\t\t\t\t\t\t\t<p>Quicargo a \u00e9t\u00e9 fond\u00e9 en 2016 avec la vision de moderniser le secteur de la logistique en s\u2019appuyant sur la technologie et l\u2019analyse de donn\u00e9es. D\u00e8s le d\u00e9part, nous avons constitu\u00e9 un vaste r\u00e9seau de transporteurs et aid\u00e9 les exp\u00e9diteurs \u00e0 optimiser leurs processus de transport. Gr\u00e2ce \u00e0 notre plateforme innovante, des milliers d\u2019entreprises ont pu op\u00e9rer de mani\u00e8re plus efficiente et plus respectueuse de l\u2019environnement.<\/p><p>En 2024, Quicargo a entam\u00e9 un nouveau chapitre pour renforcer davantage sa mission. \u00c0 la fin de 2024, nos bureaux ont d\u00e9m\u00e9nag\u00e9 d\u2019Amsterdam \u00e0 Tilburg\u2014un choix strat\u00e9gique pour soutenir notre croissance et nous rapprocher de nos partenaires logistiques.<\/p>\t\t\t\t\t\t\t\t<\/div>\n\t\t\t\t<\/div>\n\t\t\t\t<div class=\"elementor-element elementor-element-c9117a3 elementor-widget elementor-widget-heading\" data-id=\"c9117a3\" data-element_type=\"widget\" data-e-type=\"widget\" data-widget_type=\"heading.default\">\n\t\t\t\t<div class=\"elementor-widget-container\">\n\t\t\t\t\t<h2 class=\"elementor-heading-title elementor-size-default\">Croissance &amp; D\u00e9veloppement<\/h2>\t\t\t\t<\/div>\n\t\t\t\t<\/div>\n\t\t\t\t<div class=\"elementor-element elementor-element-9aed7dc elementor-widget elementor-widget-text-editor\" data-id=\"9aed7dc\" data-element_type=\"widget\" data-e-type=\"widget\" data-widget_type=\"text-editor.default\">\n\t\t\t\t<div class=\"elementor-widget-container\">\n\t\t\t\t\t\t\t\t\t<p>Quicargo conna\u00eet une croissance rapide \u00e0 l\u2019international, et VOUS pouvez faire partie de cette expansion et nous aider \u00e0 atteindre de nouveaux sommets !<\/p><p>Nous mettons directement en relation les entreprises ayant besoin de transport avec des transporteurs d\u00e9j\u00e0 sur la route. De cette mani\u00e8re, nous augmentons l\u2019efficacit\u00e9 logistique, r\u00e9duisons l\u2019impact environnemental et aidons les transporteurs \u00e0 am\u00e9liorer leurs marges.<\/p><p>Mais rien de tout cela ne serait possible sans notre \u00e9quipe QC. Nous recherchons en permanence des talents ambitieux et passionn\u00e9s qui souhaitent r\u00e9volutionner le secteur de la logistique et de la durabilit\u00e9.<\/p>\t\t\t\t\t\t\t\t<\/div>\n\t\t\t\t<\/div>\n\t\t\t\t<div class=\"elementor-element elementor-element-9959bc8 elementor-widget elementor-widget-heading\" data-id=\"9959bc8\" data-element_type=\"widget\" data-e-type=\"widget\" id=\"2\" data-widget_type=\"heading.default\">\n\t\t\t\t<div class=\"elementor-widget-container\">\n\t\t\t\t\t<h2 class=\"elementor-heading-title elementor-size-default\">Tous les postes<\/h2>\t\t\t\t<\/div>\n\t\t\t\t<\/div>\n\t\t\t\t<div class=\"elementor-element elementor-element-0094714 elementor-widget elementor-widget-text-editor\" data-id=\"0094714\" data-element_type=\"widget\" data-e-type=\"widget\" data-widget_type=\"text-editor.default\">\n\t\t\t\t<div class=\"elementor-widget-container\">\n\t\t\t\t\t\t\t\t\t<p>Nous n&rsquo;avons actuellement aucun poste ouvert.<\/p>\t\t\t\t\t\t\t\t<\/div>\n\t\t\t\t<\/div>\n\t\t\t\t<div class=\"elementor-element elementor-element-7a3294a elementor-widget elementor-widget-heading\" data-id=\"7a3294a\" data-element_type=\"widget\" data-e-type=\"widget\" id=\"5\" data-widget_type=\"heading.default\">\n\t\t\t\t<div class=\"elementor-widget-container\">\n\t\t\t\t\t<h2 class=\"elementor-heading-title elementor-size-default\">Processus de recrutement\n\n<\/h2>\t\t\t\t<\/div>\n\t\t\t\t<\/div>\n\t\t\t\t<div class=\"elementor-element elementor-element-8c3f048 elementor-widget elementor-widget-text-editor\" data-id=\"8c3f048\" data-element_type=\"widget\" data-e-type=\"widget\" data-widget_type=\"text-editor.default\">\n\t\t\t\t<div class=\"elementor-widget-container\">\n\t\t\t\t\t\t\t\t\t<h3 style=\"text-align: center;\">Entretien (+\/- 30 minutes)<\/h3>\nLors de cet entretien, nous souhaitons mieux vous conna\u00eetre et \u00e9valuer votre ad\u00e9quation culturelle et pratique. Nous cherchons \u00e0 comprendre vos attentes et \u00e0 nous assurer que vous comprenez \u00e9galement les n\u00f4tres.\n\n<h3 style=\"text-align: center;\">Deuxi\u00e8me entretien (+\/- 60 minutes)<\/h3>\nDans cet entretien, nous approfondirons vos motivations et vos attentes. Pour les postes en R&#038;D, le deuxi\u00e8me entretien sera une discussion technique au cours de laquelle vous expliquerez votre approche du d\u00e9fi technique.\n\n<h3 style=\"text-align: center;\">Offre !<\/h3>\nSi tous les entretiens sont positifs, nous passons \u00e0 la phase de l&rsquo;offre ! Vous recevrez un e-mail de f\u00e9licitations r\u00e9sumant l&rsquo;offre.\n\t\t\t\t\t\t\t\t<\/div>\n\t\t\t\t<\/div>\n\t\t\t\t<div class=\"elementor-element elementor-element-7cfa143 elementor-widget elementor-widget-heading\" data-id=\"7cfa143\" data-element_type=\"widget\" data-e-type=\"widget\" id=\"3\" data-widget_type=\"heading.default\">\n\t\t\t\t<div class=\"elementor-widget-container\">\n\t\t\t\t\t<h2 class=\"elementor-heading-title elementor-size-default\">Suivez-nous sur les r\u00e9seaux sociaux<\/h2>\t\t\t\t<\/div>\n\t\t\t\t<\/div>\n\t\t\t\t<div class=\"elementor-element elementor-element-4dae26a elementor-widget elementor-widget-text-editor\" data-id=\"4dae26a\" data-element_type=\"widget\" data-e-type=\"widget\" data-widget_type=\"text-editor.default\">\n\t\t\t\t<div class=\"elementor-widget-container\">\n\t\t\t\t\t\t\t\t\t<div class=\"social-icons\">\n  <div class=\"social-item\">\n    <a href=\"https:\/\/www.linkedin.com\/company\/quicargo\/\" target=\"_blank\" rel=\"noopener\">\n      <img decoding=\"async\" src=\"https:\/\/quicargo.com\/wp-content\/uploads\/2025\/02\/LinkedIn-Blue-14@2x.png\" alt=\"LinkedIn\">\n      <span>LinkedIn<\/span>\n    <\/a>\n  <\/div>\n  <div class=\"social-item\">\n    <a href=\"https:\/\/www.youtube.com\/channel\/UCHp4qXU_FqY5Cfn7FeOBLoA\" target=\"_blank\" rel=\"noopener\">\n      <img decoding=\"async\" src=\"https:\/\/quicargo.com\/wp-content\/uploads\/2025\/02\/youtube-logo.png\" alt=\"YouTube\">\n      <span>YouTube<\/span>\n    <\/a>\n  <\/div>\n<\/div>\n\n<style>\n  .social-icons {\n    display: flex;\n    justify-content: center; \/* Centers items horizontally *\/\n    align-items: center; \/* Centers items vertically *\/\n    gap: 40px; \/* Adjust spacing between icons *\/\n    margin-top: 20px; \/* Optional: Adds some top spacing *\/\n  }\n\n  .social-item {\n    display: flex;\n    flex-direction: column;\n    align-items: center;\n    text-align: center;\n  }\n\n  .social-item a {\n    text-decoration: none;\n    color: inherit; \/* Keeps default text color *\/\n  }\n\n  .social-item img {\n    width: 100px; \/* Set the same width for both icons *\/\n    height: 100px; \/* Set the same height for both icons *\/\n    object-fit: contain;\n    transition: transform 0.2s ease-in-out; \/* Smooth hover effect *\/\n  }\n\n  .social-item img:hover {\n    transform: scale(1.1); \/* Slight zoom effect on hover *\/\n  }\n\n  .social-item span {\n    margin-top: 8px; \/* Reduced from 10px to 8px (~20% closer) *\/\n    font-size: 16px;\n    font-weight: bold;\n    display: block; \/* Ensures the text appears below the image *\/\n  }\n<\/style>\n\t\t\t\t\t\t\t\t<\/div>\n\t\t\t\t<\/div>\n\t\t\t\t\t<\/div>\n\t\t<\/div>\n\t\t\t\t\t<\/div>\n\t\t<\/section>\n\t\t\t\t\t<\/div>\n\t\t<\/div>\n\t\t\t\t\t<\/div>\n\t\t<\/section>\n\t\t\t\t<section class=\"elementor-section elementor-top-section elementor-element elementor-element-138c9926 elementor-section-boxed elementor-section-height-default elementor-section-height-default\" data-id=\"138c9926\" data-element_type=\"section\" data-e-type=\"section\">\n\t\t\t\t\t\t<div class=\"elementor-container elementor-column-gap-default\">\n\t\t\t\t\t<div class=\"elementor-column elementor-col-100 elementor-top-column elementor-element elementor-element-1a00b8b\" data-id=\"1a00b8b\" data-element_type=\"column\" data-e-type=\"column\">\n\t\t\t<div class=\"elementor-widget-wrap elementor-element-populated\">\n\t\t\t\t\t\t<div class=\"elementor-element elementor-element-85bbea4 elementor-widget elementor-widget-heading\" data-id=\"85bbea4\" data-element_type=\"widget\" data-e-type=\"widget\" data-widget_type=\"heading.default\">\n\t\t\t\t<div class=\"elementor-widget-container\">\n\t\t\t\t\t<h2 class=\"elementor-heading-title elementor-size-default\">Bureau Quicargo<\/h2>\t\t\t\t<\/div>\n\t\t\t\t<\/div>\n\t\t\t\t<div class=\"elementor-element elementor-element-94bd16c elementor-widget elementor-widget-google_maps\" data-id=\"94bd16c\" data-element_type=\"widget\" data-e-type=\"widget\" data-widget_type=\"google_maps.default\">\n\t\t\t\t<div class=\"elementor-widget-container\">\n\t\t\t\t\t\t\t<div class=\"elementor-custom-embed\">\n\t\t\t<iframe loading=\"lazy\"\n\t\t\t\t\tsrc=\"https:\/\/maps.google.com\/maps?q=tilburg%20plan%20t&#038;t=m&#038;z=10&#038;output=embed&#038;iwloc=near\"\n\t\t\t\t\ttitle=\"tilburg plan t\"\n\t\t\t\t\taria-label=\"tilburg plan t\"\n\t\t\t><\/iframe>\n\t\t<\/div>\n\t\t\t\t\t\t<\/div>\n\t\t\t\t<\/div>\n\t\t\t\t\t<\/div>\n\t\t<\/div>\n\t\t\t\t\t<\/div>\n\t\t<\/section>\n\t\t\t\t<\/div>\n\t\t","protected":false},"excerpt":{"rendered":"<p>\t\t\t\thy I say old chap that is spiffing off his nut arse pear shaped plastered<br \/>\nJeffrey bodge barney some dodgy.!!\t\t<\/p>\n","protected":false},"author":26,"featured_media":17177,"parent":0,"menu_order":0,"comment_status":"closed","ping_status":"closed","template":"elementor_header_footer","meta":{"footnotes":""},"class_list":["post-132411","page","type-page","status-publish","has-post-thumbnail","hentry"],"yoast_head":"<!-- This site is optimized with the Yoast SEO plugin v25.2 - https:\/\/yoast.com\/wordpress\/plugins\/seo\/ -->\n<title>Carri\u00e8re : Faites partie de notre \u00e9quipe<\/title>\n<meta name=\"description\" content=\"Rejoignez l\u2019\u00e9quipe de Quicargo et contribuez \u00e0 la transformation de la logistique et de la durabilit\u00e9. D\u00e9couvrez nos opportunit\u00e9s de carri\u00e8re et participez \u00e0 l\u2019avenir du transport de fret num\u00e9rique !\" \/>\n<meta name=\"robots\" content=\"index, follow, max-snippet:-1, max-image-preview:large, max-video-preview:-1\" \/>\n<link rel=\"canonical\" href=\"https:\/\/quicargo.com\/fr\/career\/\" \/>\n<meta property=\"og:locale\" content=\"fr_FR\" \/>\n<meta property=\"og:type\" content=\"article\" \/>\n<meta property=\"og:title\" content=\"Carri\u00e8re : Faites partie de notre \u00e9quipe\" \/>\n<meta property=\"og:description\" content=\"Rejoignez l\u2019\u00e9quipe de Quicargo et contribuez \u00e0 la transformation de la logistique et de la durabilit\u00e9. D\u00e9couvrez nos opportunit\u00e9s de carri\u00e8re et participez \u00e0 l\u2019avenir du transport de fret num\u00e9rique !\" \/>\n<meta property=\"og:url\" content=\"https:\/\/quicargo.com\/fr\/career\/\" \/>\n<meta property=\"og:site_name\" content=\"Quicargo\" \/>\n<meta property=\"article:modified_time\" content=\"2025-02-28T15:27:02+00:00\" \/>\n<meta property=\"og:image\" content=\"https:\/\/quicargo.com\/wp-content\/uploads\/2020\/07\/Over-ons-Quicargo.jpg\" \/>\n\t<meta property=\"og:image:width\" content=\"1092\" \/>\n\t<meta property=\"og:image:height\" content=\"728\" \/>\n\t<meta property=\"og:image:type\" content=\"image\/jpeg\" \/>\n<meta name=\"twitter:card\" content=\"summary_large_image\" \/>\n<meta name=\"twitter:title\" content=\"Carri\u00e8re : Faites partie de notre \u00e9quipe\" \/>\n<meta name=\"twitter:description\" content=\"Rejoignez l\u2019\u00e9quipe de Quicargo et contribuez \u00e0 la transformation de la logistique et de la durabilit\u00e9. D\u00e9couvrez nos opportunit\u00e9s de carri\u00e8re et participez \u00e0 l\u2019avenir du transport de fret num\u00e9rique !\" \/>\n<meta name=\"twitter:label1\" content=\"Dur\u00e9e de lecture estim\u00e9e\" \/>\n\t<meta name=\"twitter:data1\" content=\"3 minutes\" \/>\n<script type=\"application\/ld+json\" class=\"yoast-schema-graph\">{\"@context\":\"https:\/\/schema.org\",\"@graph\":[{\"@type\":\"WebPage\",\"@id\":\"https:\/\/quicargo.com\/fr\/career\/\",\"url\":\"https:\/\/quicargo.com\/fr\/career\/\",\"name\":\"Carri\u00e8re : Faites partie de notre \u00e9quipe\",\"isPartOf\":{\"@id\":\"https:\/\/quicargo.com\/fr\/#website\"},\"primaryImageOfPage\":{\"@id\":\"https:\/\/quicargo.com\/fr\/career\/#primaryimage\"},\"image\":{\"@id\":\"https:\/\/quicargo.com\/fr\/career\/#primaryimage\"},\"thumbnailUrl\":\"https:\/\/quicargo.com\/wp-content\/uploads\/2020\/07\/Over-ons-Quicargo.jpg\",\"datePublished\":\"2025-02-25T12:07:20+00:00\",\"dateModified\":\"2025-02-28T15:27:02+00:00\",\"description\":\"Rejoignez l\u2019\u00e9quipe de Quicargo et contribuez \u00e0 la transformation de la logistique et de la durabilit\u00e9. D\u00e9couvrez nos opportunit\u00e9s de carri\u00e8re et participez \u00e0 l\u2019avenir du transport de fret num\u00e9rique !\",\"breadcrumb\":{\"@id\":\"https:\/\/quicargo.com\/fr\/career\/#breadcrumb\"},\"inLanguage\":\"fr-FR\",\"potentialAction\":[{\"@type\":\"ReadAction\",\"target\":[\"https:\/\/quicargo.com\/fr\/career\/\"]}]},{\"@type\":\"ImageObject\",\"inLanguage\":\"fr-FR\",\"@id\":\"https:\/\/quicargo.com\/fr\/career\/#primaryimage\",\"url\":\"https:\/\/quicargo.com\/wp-content\/uploads\/2020\/07\/Over-ons-Quicargo.jpg\",\"contentUrl\":\"https:\/\/quicargo.com\/wp-content\/uploads\/2020\/07\/Over-ons-Quicargo.jpg\",\"width\":1092,\"height\":728},{\"@type\":\"BreadcrumbList\",\"@id\":\"https:\/\/quicargo.com\/fr\/career\/#breadcrumb\",\"itemListElement\":[{\"@type\":\"ListItem\",\"position\":1,\"name\":\"Home\",\"item\":\"https:\/\/quicargo.com\/fr\/\"},{\"@type\":\"ListItem\",\"position\":2,\"name\":\"Carri\u00e8re : Faites partie de notre \u00e9quipe\"}]},{\"@type\":\"WebSite\",\"@id\":\"https:\/\/quicargo.com\/fr\/#website\",\"url\":\"https:\/\/quicargo.com\/fr\/\",\"name\":\"Quicargo\",\"description\":\"No more empty trucks\",\"publisher\":{\"@id\":\"https:\/\/quicargo.com\/fr\/#organization\"},\"potentialAction\":[{\"@type\":\"SearchAction\",\"target\":{\"@type\":\"EntryPoint\",\"urlTemplate\":\"https:\/\/quicargo.com\/fr\/?s={search_term_string}\"},\"query-input\":{\"@type\":\"PropertyValueSpecification\",\"valueRequired\":true,\"valueName\":\"search_term_string\"}}],\"inLanguage\":\"fr-FR\"},{\"@type\":\"Organization\",\"@id\":\"https:\/\/quicargo.com\/fr\/#organization\",\"name\":\"Quicargo\",\"url\":\"https:\/\/quicargo.com\/fr\/\",\"logo\":{\"@type\":\"ImageObject\",\"inLanguage\":\"fr-FR\",\"@id\":\"https:\/\/quicargo.com\/fr\/#\/schema\/logo\/image\/\",\"url\":\"https:\/\/quicargo.com\/wp-content\/uploads\/2020\/02\/Quicargo-official-logo.png\",\"contentUrl\":\"https:\/\/quicargo.com\/wp-content\/uploads\/2020\/02\/Quicargo-official-logo.png\",\"width\":148,\"height\":59,\"caption\":\"Quicargo\"},\"image\":{\"@id\":\"https:\/\/quicargo.com\/fr\/#\/schema\/logo\/image\/\"}}]}<\/script>\n<!-- \/ Yoast SEO plugin. -->","yoast_head_json":{"title":"Carri\u00e8re : Faites partie de notre \u00e9quipe","description":"Rejoignez l\u2019\u00e9quipe de Quicargo et contribuez \u00e0 la transformation de la logistique et de la durabilit\u00e9. D\u00e9couvrez nos opportunit\u00e9s de carri\u00e8re et participez \u00e0 l\u2019avenir du transport de fret num\u00e9rique !","robots":{"index":"index","follow":"follow","max-snippet":"max-snippet:-1","max-image-preview":"max-image-preview:large","max-video-preview":"max-video-preview:-1"},"canonical":"https:\/\/quicargo.com\/fr\/career\/","og_locale":"fr_FR","og_type":"article","og_title":"Carri\u00e8re : Faites partie de notre \u00e9quipe","og_description":"Rejoignez l\u2019\u00e9quipe de Quicargo et contribuez \u00e0 la transformation de la logistique et de la durabilit\u00e9. D\u00e9couvrez nos opportunit\u00e9s de carri\u00e8re et participez \u00e0 l\u2019avenir du transport de fret num\u00e9rique !","og_url":"https:\/\/quicargo.com\/fr\/career\/","og_site_name":"Quicargo","article_modified_time":"2025-02-28T15:27:02+00:00","og_image":[{"width":1092,"height":728,"url":"https:\/\/quicargo.com\/wp-content\/uploads\/2020\/07\/Over-ons-Quicargo.jpg","type":"image\/jpeg"}],"twitter_card":"summary_large_image","twitter_title":"Carri\u00e8re : Faites partie de notre \u00e9quipe","twitter_description":"Rejoignez l\u2019\u00e9quipe de Quicargo et contribuez \u00e0 la transformation de la logistique et de la durabilit\u00e9. D\u00e9couvrez nos opportunit\u00e9s de carri\u00e8re et participez \u00e0 l\u2019avenir du transport de fret num\u00e9rique !","twitter_misc":{"Dur\u00e9e de lecture estim\u00e9e":"3 minutes"},"schema":{"@context":"https:\/\/schema.org","@graph":[{"@type":"WebPage","@id":"https:\/\/quicargo.com\/fr\/career\/","url":"https:\/\/quicargo.com\/fr\/career\/","name":"Carri\u00e8re : Faites partie de notre \u00e9quipe","isPartOf":{"@id":"https:\/\/quicargo.com\/fr\/#website"},"primaryImageOfPage":{"@id":"https:\/\/quicargo.com\/fr\/career\/#primaryimage"},"image":{"@id":"https:\/\/quicargo.com\/fr\/career\/#primaryimage"},"thumbnailUrl":"https:\/\/quicargo.com\/wp-content\/uploads\/2020\/07\/Over-ons-Quicargo.jpg","datePublished":"2025-02-25T12:07:20+00:00","dateModified":"2025-02-28T15:27:02+00:00","description":"Rejoignez l\u2019\u00e9quipe de Quicargo et contribuez \u00e0 la transformation de la logistique et de la durabilit\u00e9. D\u00e9couvrez nos opportunit\u00e9s de carri\u00e8re et participez \u00e0 l\u2019avenir du transport de fret num\u00e9rique !","breadcrumb":{"@id":"https:\/\/quicargo.com\/fr\/career\/#breadcrumb"},"inLanguage":"fr-FR","potentialAction":[{"@type":"ReadAction","target":["https:\/\/quicargo.com\/fr\/career\/"]}]},{"@type":"ImageObject","inLanguage":"fr-FR","@id":"https:\/\/quicargo.com\/fr\/career\/#primaryimage","url":"https:\/\/quicargo.com\/wp-content\/uploads\/2020\/07\/Over-ons-Quicargo.jpg","contentUrl":"https:\/\/quicargo.com\/wp-content\/uploads\/2020\/07\/Over-ons-Quicargo.jpg","width":1092,"height":728},{"@type":"BreadcrumbList","@id":"https:\/\/quicargo.com\/fr\/career\/#breadcrumb","itemListElement":[{"@type":"ListItem","position":1,"name":"Home","item":"https:\/\/quicargo.com\/fr\/"},{"@type":"ListItem","position":2,"name":"Carri\u00e8re : Faites partie de notre \u00e9quipe"}]},{"@type":"WebSite","@id":"https:\/\/quicargo.com\/fr\/#website","url":"https:\/\/quicargo.com\/fr\/","name":"Quicargo","description":"No more empty trucks","publisher":{"@id":"https:\/\/quicargo.com\/fr\/#organization"},"potentialAction":[{"@type":"SearchAction","target":{"@type":"EntryPoint","urlTemplate":"https:\/\/quicargo.com\/fr\/?s={search_term_string}"},"query-input":{"@type":"PropertyValueSpecification","valueRequired":true,"valueName":"search_term_string"}}],"inLanguage":"fr-FR"},{"@type":"Organization","@id":"https:\/\/quicargo.com\/fr\/#organization","name":"Quicargo","url":"https:\/\/quicargo.com\/fr\/","logo":{"@type":"ImageObject","inLanguage":"fr-FR","@id":"https:\/\/quicargo.com\/fr\/#\/schema\/logo\/image\/","url":"https:\/\/quicargo.com\/wp-content\/uploads\/2020\/02\/Quicargo-official-logo.png","contentUrl":"https:\/\/quicargo.com\/wp-content\/uploads\/2020\/02\/Quicargo-official-logo.png","width":148,"height":59,"caption":"Quicargo"},"image":{"@id":"https:\/\/quicargo.com\/fr\/#\/schema\/logo\/image\/"}}]}},"_links":{"self":[{"href":"https:\/\/quicargo.com\/fr\/wp-json\/wp\/v2\/pages\/132411","targetHints":{"allow":["GET"]}}],"collection":[{"href":"https:\/\/quicargo.com\/fr\/wp-json\/wp\/v2\/pages"}],"about":[{"href":"https:\/\/quicargo.com\/fr\/wp-json\/wp\/v2\/types\/page"}],"author":[{"embeddable":true,"href":"https:\/\/quicargo.com\/fr\/wp-json\/wp\/v2\/users\/26"}],"replies":[{"embeddable":true,"href":"https:\/\/quicargo.com\/fr\/wp-json\/wp\/v2\/comments?post=132411"}],"version-history":[{"count":7,"href":"https:\/\/quicargo.com\/fr\/wp-json\/wp\/v2\/pages\/132411\/revisions"}],"predecessor-version":[{"id":132425,"href":"https:\/\/quicargo.com\/fr\/wp-json\/wp\/v2\/pages\/132411\/revisions\/132425"}],"wp:featuredmedia":[{"embeddable":true,"href":"https:\/\/quicargo.com\/fr\/wp-json\/wp\/v2\/media\/17177"}],"wp:attachment":[{"href":"https:\/\/quicargo.com\/fr\/wp-json\/wp\/v2\/media?parent=132411"}],"curies":[{"name":"wp","href":"https:\/\/api.w.org\/{rel}","templated":true}]}}