{"id":99366,"date":"2023-01-12T14:18:42","date_gmt":"2023-01-12T13:18:42","guid":{"rendered":"http:\/\/3.72.60.250\/?page_id=99366"},"modified":"2023-01-16T11:17:06","modified_gmt":"2023-01-16T10:17:06","slug":"pakete-mittleres-angebot","status":"publish","type":"page","link":"https:\/\/quicargo.com\/de\/pakete-mittleres-angebot\/","title":{"rendered":"Pakete mittleres Angebot"},"content":{"rendered":"\t\t<div data-elementor-type=\"wp-page\" data-elementor-id=\"99366\" class=\"elementor elementor-99366 elementor-98853\" data-elementor-post-type=\"page\">\n\t\t\t\t<div class=\"elementor-element elementor-element-6ab6d129 e-con-full e-flex e-con e-parent\" data-id=\"6ab6d129\" data-element_type=\"container\" data-e-type=\"container\">\n\t\t<div class=\"elementor-element elementor-element-21f32a e-con-full e-flex e-con e-parent\" data-id=\"21f32a\" data-element_type=\"container\" data-e-type=\"container\" data-settings=\"{&quot;background_background&quot;:&quot;classic&quot;}\">\n\t\t\t\t<div class=\"elementor-element elementor-element-55a92d79 elementor-widget elementor-widget-heading\" data-id=\"55a92d79\" data-element_type=\"widget\" data-e-type=\"widget\" data-widget_type=\"heading.default\">\n\t\t\t\t<div class=\"elementor-widget-container\">\n\t\t\t\t\t<h1 class=\"elementor-heading-title elementor-size-default\">Profitieren Sie von erheblichen Rabatten<\/h1>\t\t\t\t<\/div>\n\t\t\t\t<\/div>\n\t\t\t\t<div class=\"elementor-element elementor-element-7dcfa457 elementor-widget elementor-widget-html\" data-id=\"7dcfa457\" data-element_type=\"widget\" data-e-type=\"widget\" data-widget_type=\"html.default\">\n\t\t\t\t<div class=\"elementor-widget-container\">\n\t\t\t\t\t<p>Sie fordern Angebotspreise an f\u00fcr:<\/p>\n<p><b>101 bis 250 Pakete pro Monat<\/b><\/p>\n<p id=\"dealperks\"><i class=\"fa-regular fa-square-check\"><\/i> Keine Vertragskosten<br>\n<i class=\"fa-regular fa-square-check\"><\/i> Schneller Zugriff auf erm\u00e4\u00dfigte Preise\n<br>\n<i class=\"fa-regular fa-square-check\"><\/i> Noch besserer Support\n<\/p>\t\t\t\t<\/div>\n\t\t\t\t<\/div>\n\t\t\t\t<div class=\"elementor-element elementor-element-1c9f8f02 elementor-widget elementor-widget-image-gallery\" data-id=\"1c9f8f02\" data-element_type=\"widget\" data-e-type=\"widget\" data-widget_type=\"image-gallery.default\">\n\t\t\t\t<div class=\"elementor-widget-container\">\n\t\t\t\t\t\t\t<div class=\"elementor-image-gallery\">\n\t\t\t<div id='gallery-1' class='gallery galleryid-99366 gallery-columns-3 gallery-size-full'><figure class='gallery-item'>\n\t\t\t<div class='gallery-icon landscape'>\n\t\t\t\t<img decoding=\"async\" width=\"200\" height=\"100\" src=\"https:\/\/quicargo.com\/wp-content\/uploads\/2023\/01\/Basic-Fit-white-logo.png\" class=\"attachment-full size-full\" alt=\"Basic Fit white logo\" \/>\n\t\t\t<\/div><\/figure><figure class='gallery-item'>\n\t\t\t<div class='gallery-icon landscape'>\n\t\t\t\t<img decoding=\"async\" width=\"200\" height=\"100\" src=\"https:\/\/quicargo.com\/wp-content\/uploads\/2023\/01\/Vanmoof-white-logo.png\" class=\"attachment-full size-full\" alt=\"Vanmoof white logo\" \/>\n\t\t\t<\/div><\/figure><figure class='gallery-item'>\n\t\t\t<div class='gallery-icon landscape'>\n\t\t\t\t<img decoding=\"async\" width=\"200\" height=\"100\" src=\"https:\/\/quicargo.com\/wp-content\/uploads\/2023\/01\/Airogroup-white-logo.png\" class=\"attachment-full size-full\" alt=\"Airogroup white logo\" \/>\n\t\t\t<\/div><\/figure>\n\t\t<\/div>\n\t\t<\/div>\n\t\t\t\t\t\t<\/div>\n\t\t\t\t<\/div>\n\t\t\t\t<div class=\"elementor-element elementor-element-16889a55 elementor-widget elementor-widget-html\" data-id=\"16889a55\" data-element_type=\"widget\" data-e-type=\"widget\" data-widget_type=\"html.default\">\n\t\t\t\t<div class=\"elementor-widget-container\">\n\t\t\t\t\t<p>Das Vertrauen von \u00fcber 20.000 Unternehmen<\/p>\t\t\t\t<\/div>\n\t\t\t\t<\/div>\n\t\t\t\t<\/div>\n\t\t<div class=\"elementor-element elementor-element-246472f5 e-con-full e-flex e-con e-parent\" data-id=\"246472f5\" data-element_type=\"container\" data-e-type=\"container\">\n\t\t\t\t<div class=\"elementor-element elementor-element-1e5e0e84 elementor-widget elementor-widget-html\" data-id=\"1e5e0e84\" data-element_type=\"widget\" data-e-type=\"widget\" data-widget_type=\"html.default\">\n\t\t\t\t<div class=\"elementor-widget-container\">\n\t\t\t\t\t\t\t\t\t<\/div>\n\t\t\t\t<\/div>\n\t\t\t\t<\/div>\n\t\t\t\t<\/div>\n\t\t\t\t<\/div>\n\t\t","protected":false},"excerpt":{"rendered":"<p>Profitieren Sie von erheblichen Rabatten Sie fordern Angebotspreise an f\u00fcr: 101 bis 250 Pakete pro Monat Keine Vertragskosten Schneller Zugriff auf erm\u00e4\u00dfigte Preise Noch besserer Support Das Vertrauen von \u00fcber 20.000 Unternehmen<\/p>\n","protected":false},"author":22,"featured_media":0,"parent":0,"menu_order":0,"comment_status":"closed","ping_status":"closed","template":"","meta":{"footnotes":""},"class_list":["post-99366","page","type-page","status-publish","hentry"],"yoast_head":"<!-- This site is optimized with the Yoast SEO plugin v25.2 - https:\/\/yoast.com\/wordpress\/plugins\/seo\/ -->\n<title>Pakete mittleres Angebot<\/title>\n<meta name=\"description\" content=\"Erhalten Sie Zugang zu Angeboten und profitieren Sie von erm\u00e4\u00dfigten Preisen, hervorragendem Service und weiteren Verg\u00fcnstigungen.\" \/>\n<meta name=\"robots\" content=\"index, follow, max-snippet:-1, max-image-preview:large, max-video-preview:-1\" \/>\n<link rel=\"canonical\" href=\"https:\/\/quicargo.com\/de\/pakete-mittleres-angebot\/\" \/>\n<meta property=\"og:locale\" content=\"de_DE\" \/>\n<meta property=\"og:type\" content=\"article\" \/>\n<meta property=\"og:title\" content=\"Pakete mittleres Angebot\" \/>\n<meta property=\"og:description\" content=\"Erhalten Sie Zugang zu Angeboten und profitieren Sie von erm\u00e4\u00dfigten Preisen, hervorragendem Service und weiteren Verg\u00fcnstigungen.\" \/>\n<meta property=\"og:url\" content=\"https:\/\/quicargo.com\/de\/pakete-mittleres-angebot\/\" \/>\n<meta property=\"og:site_name\" content=\"Quicargo\" \/>\n<meta property=\"article:modified_time\" content=\"2023-01-16T10:17:06+00:00\" \/>\n<meta property=\"og:image\" content=\"https:\/\/quicargo.com\/wp-content\/uploads\/2023\/01\/Basic-Fit-white-logo.png\" \/>\n<meta name=\"twitter:card\" content=\"summary_large_image\" \/>\n<meta name=\"twitter:label1\" content=\"Gesch\u00e4tzte Lesezeit\" \/>\n\t<meta name=\"twitter:data1\" content=\"1\u00a0Minute\" \/>\n<script type=\"application\/ld+json\" class=\"yoast-schema-graph\">{\"@context\":\"https:\/\/schema.org\",\"@graph\":[{\"@type\":\"WebPage\",\"@id\":\"https:\/\/quicargo.com\/de\/pakete-mittleres-angebot\/\",\"url\":\"https:\/\/quicargo.com\/de\/pakete-mittleres-angebot\/\",\"name\":\"Pakete mittleres Angebot\",\"isPartOf\":{\"@id\":\"https:\/\/quicargo.com\/de\/#website\"},\"primaryImageOfPage\":{\"@id\":\"https:\/\/quicargo.com\/de\/pakete-mittleres-angebot\/#primaryimage\"},\"image\":{\"@id\":\"https:\/\/quicargo.com\/de\/pakete-mittleres-angebot\/#primaryimage\"},\"thumbnailUrl\":\"https:\/\/quicargo.com\/wp-content\/uploads\/2023\/01\/Basic-Fit-white-logo.png\",\"datePublished\":\"2023-01-12T13:18:42+00:00\",\"dateModified\":\"2023-01-16T10:17:06+00:00\",\"description\":\"Erhalten Sie Zugang zu Angeboten und profitieren Sie von erm\u00e4\u00dfigten Preisen, hervorragendem Service und weiteren Verg\u00fcnstigungen.\",\"breadcrumb\":{\"@id\":\"https:\/\/quicargo.com\/de\/pakete-mittleres-angebot\/#breadcrumb\"},\"inLanguage\":\"de\",\"potentialAction\":[{\"@type\":\"ReadAction\",\"target\":[\"https:\/\/quicargo.com\/de\/pakete-mittleres-angebot\/\"]}]},{\"@type\":\"ImageObject\",\"inLanguage\":\"de\",\"@id\":\"https:\/\/quicargo.com\/de\/pakete-mittleres-angebot\/#primaryimage\",\"url\":\"https:\/\/quicargo.com\/wp-content\/uploads\/2023\/01\/Basic-Fit-white-logo.png\",\"contentUrl\":\"https:\/\/quicargo.com\/wp-content\/uploads\/2023\/01\/Basic-Fit-white-logo.png\"},{\"@type\":\"BreadcrumbList\",\"@id\":\"https:\/\/quicargo.com\/de\/pakete-mittleres-angebot\/#breadcrumb\",\"itemListElement\":[{\"@type\":\"ListItem\",\"position\":1,\"name\":\"Home\",\"item\":\"https:\/\/quicargo.com\/de\/\"},{\"@type\":\"ListItem\",\"position\":2,\"name\":\"Pakete mittleres Angebot\"}]},{\"@type\":\"WebSite\",\"@id\":\"https:\/\/quicargo.com\/de\/#website\",\"url\":\"https:\/\/quicargo.com\/de\/\",\"name\":\"Quicargo\",\"description\":\"No more empty trucks\",\"publisher\":{\"@id\":\"https:\/\/quicargo.com\/de\/#organization\"},\"potentialAction\":[{\"@type\":\"SearchAction\",\"target\":{\"@type\":\"EntryPoint\",\"urlTemplate\":\"https:\/\/quicargo.com\/de\/?s={search_term_string}\"},\"query-input\":{\"@type\":\"PropertyValueSpecification\",\"valueRequired\":true,\"valueName\":\"search_term_string\"}}],\"inLanguage\":\"de\"},{\"@type\":\"Organization\",\"@id\":\"https:\/\/quicargo.com\/de\/#organization\",\"name\":\"Quicargo\",\"url\":\"https:\/\/quicargo.com\/de\/\",\"logo\":{\"@type\":\"ImageObject\",\"inLanguage\":\"de\",\"@id\":\"https:\/\/quicargo.com\/de\/#\/schema\/logo\/image\/\",\"url\":\"https:\/\/quicargo.com\/wp-content\/uploads\/2020\/02\/Quicargo-official-logo.png\",\"contentUrl\":\"https:\/\/quicargo.com\/wp-content\/uploads\/2020\/02\/Quicargo-official-logo.png\",\"width\":148,\"height\":59,\"caption\":\"Quicargo\"},\"image\":{\"@id\":\"https:\/\/quicargo.com\/de\/#\/schema\/logo\/image\/\"}}]}<\/script>\n<!-- \/ Yoast SEO plugin. -->","yoast_head_json":{"title":"Pakete mittleres Angebot","description":"Erhalten Sie Zugang zu Angeboten und profitieren Sie von erm\u00e4\u00dfigten Preisen, hervorragendem Service und weiteren Verg\u00fcnstigungen.","robots":{"index":"index","follow":"follow","max-snippet":"max-snippet:-1","max-image-preview":"max-image-preview:large","max-video-preview":"max-video-preview:-1"},"canonical":"https:\/\/quicargo.com\/de\/pakete-mittleres-angebot\/","og_locale":"de_DE","og_type":"article","og_title":"Pakete mittleres Angebot","og_description":"Erhalten Sie Zugang zu Angeboten und profitieren Sie von erm\u00e4\u00dfigten Preisen, hervorragendem Service und weiteren Verg\u00fcnstigungen.","og_url":"https:\/\/quicargo.com\/de\/pakete-mittleres-angebot\/","og_site_name":"Quicargo","article_modified_time":"2023-01-16T10:17:06+00:00","og_image":[{"url":"https:\/\/quicargo.com\/wp-content\/uploads\/2023\/01\/Basic-Fit-white-logo.png","type":"","width":"","height":""}],"twitter_card":"summary_large_image","twitter_misc":{"Gesch\u00e4tzte Lesezeit":"1\u00a0Minute"},"schema":{"@context":"https:\/\/schema.org","@graph":[{"@type":"WebPage","@id":"https:\/\/quicargo.com\/de\/pakete-mittleres-angebot\/","url":"https:\/\/quicargo.com\/de\/pakete-mittleres-angebot\/","name":"Pakete mittleres Angebot","isPartOf":{"@id":"https:\/\/quicargo.com\/de\/#website"},"primaryImageOfPage":{"@id":"https:\/\/quicargo.com\/de\/pakete-mittleres-angebot\/#primaryimage"},"image":{"@id":"https:\/\/quicargo.com\/de\/pakete-mittleres-angebot\/#primaryimage"},"thumbnailUrl":"https:\/\/quicargo.com\/wp-content\/uploads\/2023\/01\/Basic-Fit-white-logo.png","datePublished":"2023-01-12T13:18:42+00:00","dateModified":"2023-01-16T10:17:06+00:00","description":"Erhalten Sie Zugang zu Angeboten und profitieren Sie von erm\u00e4\u00dfigten Preisen, hervorragendem Service und weiteren Verg\u00fcnstigungen.","breadcrumb":{"@id":"https:\/\/quicargo.com\/de\/pakete-mittleres-angebot\/#breadcrumb"},"inLanguage":"de","potentialAction":[{"@type":"ReadAction","target":["https:\/\/quicargo.com\/de\/pakete-mittleres-angebot\/"]}]},{"@type":"ImageObject","inLanguage":"de","@id":"https:\/\/quicargo.com\/de\/pakete-mittleres-angebot\/#primaryimage","url":"https:\/\/quicargo.com\/wp-content\/uploads\/2023\/01\/Basic-Fit-white-logo.png","contentUrl":"https:\/\/quicargo.com\/wp-content\/uploads\/2023\/01\/Basic-Fit-white-logo.png"},{"@type":"BreadcrumbList","@id":"https:\/\/quicargo.com\/de\/pakete-mittleres-angebot\/#breadcrumb","itemListElement":[{"@type":"ListItem","position":1,"name":"Home","item":"https:\/\/quicargo.com\/de\/"},{"@type":"ListItem","position":2,"name":"Pakete mittleres Angebot"}]},{"@type":"WebSite","@id":"https:\/\/quicargo.com\/de\/#website","url":"https:\/\/quicargo.com\/de\/","name":"Quicargo","description":"No more empty trucks","publisher":{"@id":"https:\/\/quicargo.com\/de\/#organization"},"potentialAction":[{"@type":"SearchAction","target":{"@type":"EntryPoint","urlTemplate":"https:\/\/quicargo.com\/de\/?s={search_term_string}"},"query-input":{"@type":"PropertyValueSpecification","valueRequired":true,"valueName":"search_term_string"}}],"inLanguage":"de"},{"@type":"Organization","@id":"https:\/\/quicargo.com\/de\/#organization","name":"Quicargo","url":"https:\/\/quicargo.com\/de\/","logo":{"@type":"ImageObject","inLanguage":"de","@id":"https:\/\/quicargo.com\/de\/#\/schema\/logo\/image\/","url":"https:\/\/quicargo.com\/wp-content\/uploads\/2020\/02\/Quicargo-official-logo.png","contentUrl":"https:\/\/quicargo.com\/wp-content\/uploads\/2020\/02\/Quicargo-official-logo.png","width":148,"height":59,"caption":"Quicargo"},"image":{"@id":"https:\/\/quicargo.com\/de\/#\/schema\/logo\/image\/"}}]}},"_links":{"self":[{"href":"https:\/\/quicargo.com\/de\/wp-json\/wp\/v2\/pages\/99366","targetHints":{"allow":["GET"]}}],"collection":[{"href":"https:\/\/quicargo.com\/de\/wp-json\/wp\/v2\/pages"}],"about":[{"href":"https:\/\/quicargo.com\/de\/wp-json\/wp\/v2\/types\/page"}],"author":[{"embeddable":true,"href":"https:\/\/quicargo.com\/de\/wp-json\/wp\/v2\/users\/22"}],"replies":[{"embeddable":true,"href":"https:\/\/quicargo.com\/de\/wp-json\/wp\/v2\/comments?post=99366"}],"version-history":[{"count":7,"href":"https:\/\/quicargo.com\/de\/wp-json\/wp\/v2\/pages\/99366\/revisions"}],"predecessor-version":[{"id":99668,"href":"https:\/\/quicargo.com\/de\/wp-json\/wp\/v2\/pages\/99366\/revisions\/99668"}],"wp:attachment":[{"href":"https:\/\/quicargo.com\/de\/wp-json\/wp\/v2\/media?parent=99366"}],"curies":[{"name":"wp","href":"https:\/\/api.w.org\/{rel}","templated":true}]}}