{"id":77642,"date":"2022-03-29T15:54:26","date_gmt":"2022-03-29T14:54:26","guid":{"rendered":"http:\/\/3.72.60.250\/accessibility-for-certain-shipping-locations\/"},"modified":"2022-03-29T16:37:57","modified_gmt":"2022-03-29T15:37:57","slug":"zugangsmoeglichkeiten","status":"publish","type":"page","link":"https:\/\/quicargo.com\/de\/zugangsmoeglichkeiten\/","title":{"rendered":"Zugangsm\u00f6glichkeiten f\u00fcr bestimmte Versandorte"},"content":{"rendered":"\t\t<div data-elementor-type=\"wp-page\" data-elementor-id=\"77642\" class=\"elementor elementor-77642 elementor-77404\" data-elementor-post-type=\"page\">\n\t\t\t\t\t\t<section class=\"elementor-section elementor-top-section elementor-element elementor-element-4233b5d8 elementor-section-boxed elementor-section-height-default elementor-section-height-default\" data-id=\"4233b5d8\" data-element_type=\"section\" data-e-type=\"section\">\n\t\t\t\t\t\t<div class=\"elementor-container elementor-column-gap-default\">\n\t\t\t\t\t<div class=\"elementor-column elementor-col-100 elementor-top-column elementor-element elementor-element-79858b4a\" data-id=\"79858b4a\" data-element_type=\"column\" data-e-type=\"column\">\n\t\t\t<div class=\"elementor-widget-wrap elementor-element-populated\">\n\t\t\t\t\t\t<div class=\"elementor-element elementor-element-1224aed9 elementor-widget__width-initial elementor-widget-mobile__width-initial elementor-widget elementor-widget-html\" data-id=\"1224aed9\" data-element_type=\"widget\" data-e-type=\"widget\" data-widget_type=\"html.default\">\n\t\t\t\t<div class=\"elementor-widget-container\">\n\t\t\t\t\t<div><span style=\"color:#567EFF; font-weight:600\"> BEGRENZTE ERREICHBARKEIT BESTIMMTER STANDORTE<\/span>\n<h1>Zugangsm\u00f6glichkeiten bestimmter Standorte<\/h1>\n<p>Es ist wichtig zu wissen, an welchen Orten es Beschr\u00e4nkungen f\u00fcr den Versand mit Anh\u00e4ngern gibt und wie man dies auf der Quicargo-Plattform angibt.<\/p>\n<p>Nachfolgend finden Sie eine ausf\u00fchrliche Erl\u00e4uterung dazu und zu den Regelungen bei diesen Sendungen.<\/p>\n<span style=\"font-weight:600\"><a href=\"https:\/\/quicargo.com\/shipping-articles\/\">Mehr hilfreiche Artikel anzeigen \u2192<\/a><\/span>\n<\/div>\t\t\t\t<\/div>\n\t\t\t\t<\/div>\n\t\t\t\t<div class=\"elementor-element elementor-element-30437c06 elementor-widget__width-initial elementor-widget-mobile__width-initial elementor-widget elementor-widget-image\" data-id=\"30437c06\" data-element_type=\"widget\" data-e-type=\"widget\" data-widget_type=\"image.default\">\n\t\t\t\t<div class=\"elementor-widget-container\">\n\t\t\t\t\t\t\t\t\t\t\t\t\t\t\t<img fetchpriority=\"high\" decoding=\"async\" width=\"500\" height=\"500\" src=\"https:\/\/quicargo.com\/wp-content\/uploads\/2022\/03\/pexels-pavel-danilyuk-7937283.jpg\" class=\"attachment-full size-full wp-image-77429\" alt=\"residential-area\" srcset=\"https:\/\/quicargo.com\/wp-content\/uploads\/2022\/03\/pexels-pavel-danilyuk-7937283.jpg 500w, https:\/\/quicargo.com\/wp-content\/uploads\/2022\/03\/pexels-pavel-danilyuk-7937283-300x300.jpg 300w, https:\/\/quicargo.com\/wp-content\/uploads\/2022\/03\/pexels-pavel-danilyuk-7937283-150x150.jpg 150w\" sizes=\"(max-width: 500px) 100vw, 500px\" \/>\t\t\t\t\t\t\t\t\t\t\t\t\t\t\t<\/div>\n\t\t\t\t<\/div>\n\t\t\t\t\t<\/div>\n\t\t<\/div>\n\t\t\t\t\t<\/div>\n\t\t<\/section>\n\t\t\t\t<section class=\"elementor-section elementor-top-section elementor-element elementor-element-2bf92c48 elementor-section-boxed elementor-section-height-default elementor-section-height-default\" data-id=\"2bf92c48\" data-element_type=\"section\" data-e-type=\"section\" data-settings=\"{&quot;background_background&quot;:&quot;classic&quot;}\">\n\t\t\t\t\t\t<div class=\"elementor-container elementor-column-gap-default\">\n\t\t\t\t\t<div class=\"elementor-column elementor-col-100 elementor-top-column elementor-element elementor-element-2d8e7b46\" data-id=\"2d8e7b46\" data-element_type=\"column\" data-e-type=\"column\" id=\"table\">\n\t\t\t<div class=\"elementor-widget-wrap elementor-element-populated\">\n\t\t\t\t\t\t<div class=\"elementor-element elementor-element-22f2ad9f elementor-widget elementor-widget-html\" data-id=\"22f2ad9f\" data-element_type=\"widget\" data-e-type=\"widget\" data-widget_type=\"html.default\">\n\t\t\t\t<div class=\"elementor-widget-container\">\n\t\t\t\t\t<div class=\"bluel\" style=\"background-color:#fff; padding:20px; border-radius:10px\">\n    <p>\n    <p>\nBei der Buchung einer Sendung auf der Plattform muss unbedingt gepr\u00fcft werden, ob der Ladeort f\u00fcr einen LKW mit Anh\u00e4nger (14 Meter L\u00e4nge) zug\u00e4nglich ist. Dies k\u00f6nnen Sie tun, indem Sie bei der Bestellung auf der Plattform das K\u00e4stchen \"Wohnadresse\" ankreuzen. Indem Sie dieses K\u00e4stchen ankreuzen, geben Sie an, dass der Verladeort nicht f\u00fcr Anh\u00e4nger zug\u00e4nglich ist und stattdessen ein Lieferwagen geschickt wird.\n<\/p>\n<p>Wenn das K\u00e4stchen <strong>NICHT <\/strong>angekreuzt ist, werden wir den Ort manuell \u00fcberpr\u00fcfen. Wenn der Standort als zugangsbeschr\u00e4nkt markiert ist, werden der Bestellung zus\u00e4tzliche Kosten hinzugef\u00fcgt. Da viele Spediteure in unserem Netzwerk nur \u00fcber begrenzte oder gar keine Lieferwagen verf\u00fcgen, wird der Transport kostenintensiver. Bevor Sie die Bestellung aufgeben, k\u00f6nnen Sie den Standort selbst \u00fcberpr\u00fcfen, um unangenehme \u00dcberraschungen durch zus\u00e4tzliche Kosten zu vermeiden.\n\n<\/p><p>Beispiele f\u00fcr Gebiete mit begrenzter Zug\u00e4nglichkeit sind:\n<\/p><li> Stadtzentren<\/li>\n<li>  Einige Wohngebiete (wenn die Stra\u00dfen blockiert werden usw.)\n<\/li>\n<li>  Besondere Umst\u00e4nde wie Tunnel mit geringer H\u00f6he, Br\u00fccken mit Gewichtsbeschr\u00e4nkung, enge Stra\u00dfen usw.<\/li>\n\n\n\n\n<\/div>\t\t\t\t<\/div>\n\t\t\t\t<\/div>\n\t\t\t\t\t<\/div>\n\t\t<\/div>\n\t\t\t\t\t<\/div>\n\t\t<\/section>\n\t\t\t\t<section class=\"elementor-section elementor-top-section elementor-element elementor-element-23064203 elementor-section-boxed elementor-section-height-default elementor-section-height-default\" data-id=\"23064203\" data-element_type=\"section\" data-e-type=\"section\" data-settings=\"{&quot;background_background&quot;:&quot;classic&quot;}\">\n\t\t\t\t\t\t<div class=\"elementor-container elementor-column-gap-default\">\n\t\t\t\t\t<div class=\"elementor-column elementor-col-100 elementor-top-column elementor-element elementor-element-648f991e\" data-id=\"648f991e\" data-element_type=\"column\" data-e-type=\"column\">\n\t\t\t<div class=\"elementor-widget-wrap elementor-element-populated\">\n\t\t\t\t\t\t<div class=\"elementor-element elementor-element-23a4e1c9 elementor-widget elementor-widget-html\" data-id=\"23a4e1c9\" data-element_type=\"widget\" data-e-type=\"widget\" data-widget_type=\"html.default\">\n\t\t\t\t<div class=\"elementor-widget-container\">\n\t\t\t\t\t<!-- TrustBox widget - Horizontal -->\n<div class=\"trustpilot-widget\" data-locale=\"de-DE\" data-template-id=\"5406e65db0d04a09e042d5fc\" data-businessunit-id=\"5acf241bc528a4000196bb49\" data-style-height=\"28px\" data-style-width=\"100%\" data-theme=\"light\">\n  <a href=\"https:\/\/uk.trustpilot.com\/review\/quicargo.com\" target=\"_blank\" rel=\"noopener\">Trustpilot<\/a>\n<\/div>\n<!-- End TrustBox widget -->\t\t\t\t<\/div>\n\t\t\t\t<\/div>\n\t\t\t\t<div class=\"elementor-element elementor-element-23f0e1a9 elementor-widget elementor-widget-image-box\" data-id=\"23f0e1a9\" data-element_type=\"widget\" data-e-type=\"widget\" data-widget_type=\"image-box.default\">\n\t\t\t\t<div class=\"elementor-widget-container\">\n\t\t\t\t\t<div class=\"elementor-image-box-wrapper\"><div class=\"elementor-image-box-content\"><h3 class=\"elementor-image-box-title\">Das k\u00f6nnte Sie auch interessieren<\/h3><\/div><\/div>\t\t\t\t<\/div>\n\t\t\t\t<\/div>\n\t\t\t\t\t<\/div>\n\t\t<\/div>\n\t\t\t\t\t<\/div>\n\t\t<\/section>\n\t\t\t\t<\/div>\n\t\t","protected":false},"excerpt":{"rendered":"<p>BEGRENZTE ERREICHBARKEIT BESTIMMTER STANDORTE Zugangsm\u00f6glichkeiten bestimmter Standorte Es ist wichtig zu wissen, an welchen Orten es Beschr\u00e4nkungen f\u00fcr den Versand mit Anh\u00e4ngern gibt und wie man dies auf der Quicargo-Plattform angibt. Nachfolgend finden Sie eine ausf\u00fchrliche Erl\u00e4uterung dazu und zu den Regelungen bei diesen Sendungen. Mehr hilfreiche Artikel anzeigen \u2192 Bei der Buchung einer Sendung [&hellip;]<\/p>\n","protected":false},"author":21,"featured_media":0,"parent":0,"menu_order":0,"comment_status":"closed","ping_status":"closed","template":"","meta":{"footnotes":""},"class_list":["post-77642","page","type-page","status-publish","hentry"],"yoast_head":"<!-- This site is optimized with the Yoast SEO plugin v25.2 - https:\/\/yoast.com\/wordpress\/plugins\/seo\/ -->\n<title>Zugangsm\u00f6glichkeiten f\u00fcr bestimmte Versandorte<\/title>\n<meta name=\"description\" content=\"Quicargo is a cargo platform for trucks. Excellent service, reliable carriers and great prices. Ship your pallets with us today! B2B, B2C, spot and recurring transport.\" \/>\n<meta name=\"robots\" content=\"index, follow, max-snippet:-1, max-image-preview:large, max-video-preview:-1\" \/>\n<link rel=\"canonical\" href=\"https:\/\/quicargo.com\/de\/zugangsmoeglichkeiten\/\" \/>\n<meta property=\"og:locale\" content=\"de_DE\" \/>\n<meta property=\"og:type\" content=\"article\" \/>\n<meta property=\"og:title\" content=\"Zugangsm\u00f6glichkeiten f\u00fcr bestimmte Versandorte\" \/>\n<meta property=\"og:description\" content=\"Quicargo is a cargo platform for trucks. Excellent service, reliable carriers and great prices. Ship your pallets with us today! B2B, B2C, spot and recurring transport.\" \/>\n<meta property=\"og:url\" content=\"https:\/\/quicargo.com\/de\/zugangsmoeglichkeiten\/\" \/>\n<meta property=\"og:site_name\" content=\"Quicargo\" \/>\n<meta property=\"article:modified_time\" content=\"2022-03-29T15:37:57+00:00\" \/>\n<meta property=\"og:image\" content=\"https:\/\/quicargo.com\/wp-content\/uploads\/2022\/03\/pexels-pavel-danilyuk-7937283.jpg\" \/>\n<meta name=\"twitter:card\" content=\"summary_large_image\" \/>\n<meta name=\"twitter:label1\" content=\"Gesch\u00e4tzte Lesezeit\" \/>\n\t<meta name=\"twitter:data1\" content=\"2\u00a0Minuten\" \/>\n<script type=\"application\/ld+json\" class=\"yoast-schema-graph\">{\"@context\":\"https:\/\/schema.org\",\"@graph\":[{\"@type\":\"WebPage\",\"@id\":\"https:\/\/quicargo.com\/de\/zugangsmoeglichkeiten\/\",\"url\":\"https:\/\/quicargo.com\/de\/zugangsmoeglichkeiten\/\",\"name\":\"Zugangsm\u00f6glichkeiten f\u00fcr bestimmte Versandorte\",\"isPartOf\":{\"@id\":\"https:\/\/quicargo.com\/de\/#website\"},\"primaryImageOfPage\":{\"@id\":\"https:\/\/quicargo.com\/de\/zugangsmoeglichkeiten\/#primaryimage\"},\"image\":{\"@id\":\"https:\/\/quicargo.com\/de\/zugangsmoeglichkeiten\/#primaryimage\"},\"thumbnailUrl\":\"https:\/\/quicargo.com\/wp-content\/uploads\/2022\/03\/pexels-pavel-danilyuk-7937283.jpg\",\"datePublished\":\"2022-03-29T14:54:26+00:00\",\"dateModified\":\"2022-03-29T15:37:57+00:00\",\"description\":\"Quicargo is a cargo platform for trucks. Excellent service, reliable carriers and great prices. Ship your pallets with us today! B2B, B2C, spot and recurring transport.\",\"breadcrumb\":{\"@id\":\"https:\/\/quicargo.com\/de\/zugangsmoeglichkeiten\/#breadcrumb\"},\"inLanguage\":\"de\",\"potentialAction\":[{\"@type\":\"ReadAction\",\"target\":[\"https:\/\/quicargo.com\/de\/zugangsmoeglichkeiten\/\"]}]},{\"@type\":\"ImageObject\",\"inLanguage\":\"de\",\"@id\":\"https:\/\/quicargo.com\/de\/zugangsmoeglichkeiten\/#primaryimage\",\"url\":\"https:\/\/quicargo.com\/wp-content\/uploads\/2022\/03\/pexels-pavel-danilyuk-7937283.jpg\",\"contentUrl\":\"https:\/\/quicargo.com\/wp-content\/uploads\/2022\/03\/pexels-pavel-danilyuk-7937283.jpg\"},{\"@type\":\"BreadcrumbList\",\"@id\":\"https:\/\/quicargo.com\/de\/zugangsmoeglichkeiten\/#breadcrumb\",\"itemListElement\":[{\"@type\":\"ListItem\",\"position\":1,\"name\":\"Home\",\"item\":\"https:\/\/quicargo.com\/de\/\"},{\"@type\":\"ListItem\",\"position\":2,\"name\":\"Zugangsm\u00f6glichkeiten f\u00fcr bestimmte Versandorte\"}]},{\"@type\":\"WebSite\",\"@id\":\"https:\/\/quicargo.com\/de\/#website\",\"url\":\"https:\/\/quicargo.com\/de\/\",\"name\":\"Quicargo\",\"description\":\"No more empty trucks\",\"publisher\":{\"@id\":\"https:\/\/quicargo.com\/de\/#organization\"},\"potentialAction\":[{\"@type\":\"SearchAction\",\"target\":{\"@type\":\"EntryPoint\",\"urlTemplate\":\"https:\/\/quicargo.com\/de\/?s={search_term_string}\"},\"query-input\":{\"@type\":\"PropertyValueSpecification\",\"valueRequired\":true,\"valueName\":\"search_term_string\"}}],\"inLanguage\":\"de\"},{\"@type\":\"Organization\",\"@id\":\"https:\/\/quicargo.com\/de\/#organization\",\"name\":\"Quicargo\",\"url\":\"https:\/\/quicargo.com\/de\/\",\"logo\":{\"@type\":\"ImageObject\",\"inLanguage\":\"de\",\"@id\":\"https:\/\/quicargo.com\/de\/#\/schema\/logo\/image\/\",\"url\":\"https:\/\/quicargo.com\/wp-content\/uploads\/2020\/02\/Quicargo-official-logo.png\",\"contentUrl\":\"https:\/\/quicargo.com\/wp-content\/uploads\/2020\/02\/Quicargo-official-logo.png\",\"width\":148,\"height\":59,\"caption\":\"Quicargo\"},\"image\":{\"@id\":\"https:\/\/quicargo.com\/de\/#\/schema\/logo\/image\/\"}}]}<\/script>\n<!-- \/ Yoast SEO plugin. -->","yoast_head_json":{"title":"Zugangsm\u00f6glichkeiten f\u00fcr bestimmte Versandorte","description":"Quicargo is a cargo platform for trucks. Excellent service, reliable carriers and great prices. Ship your pallets with us today! B2B, B2C, spot and recurring transport.","robots":{"index":"index","follow":"follow","max-snippet":"max-snippet:-1","max-image-preview":"max-image-preview:large","max-video-preview":"max-video-preview:-1"},"canonical":"https:\/\/quicargo.com\/de\/zugangsmoeglichkeiten\/","og_locale":"de_DE","og_type":"article","og_title":"Zugangsm\u00f6glichkeiten f\u00fcr bestimmte Versandorte","og_description":"Quicargo is a cargo platform for trucks. Excellent service, reliable carriers and great prices. Ship your pallets with us today! B2B, B2C, spot and recurring transport.","og_url":"https:\/\/quicargo.com\/de\/zugangsmoeglichkeiten\/","og_site_name":"Quicargo","article_modified_time":"2022-03-29T15:37:57+00:00","og_image":[{"url":"https:\/\/quicargo.com\/wp-content\/uploads\/2022\/03\/pexels-pavel-danilyuk-7937283.jpg","type":"","width":"","height":""}],"twitter_card":"summary_large_image","twitter_misc":{"Gesch\u00e4tzte Lesezeit":"2\u00a0Minuten"},"schema":{"@context":"https:\/\/schema.org","@graph":[{"@type":"WebPage","@id":"https:\/\/quicargo.com\/de\/zugangsmoeglichkeiten\/","url":"https:\/\/quicargo.com\/de\/zugangsmoeglichkeiten\/","name":"Zugangsm\u00f6glichkeiten f\u00fcr bestimmte Versandorte","isPartOf":{"@id":"https:\/\/quicargo.com\/de\/#website"},"primaryImageOfPage":{"@id":"https:\/\/quicargo.com\/de\/zugangsmoeglichkeiten\/#primaryimage"},"image":{"@id":"https:\/\/quicargo.com\/de\/zugangsmoeglichkeiten\/#primaryimage"},"thumbnailUrl":"https:\/\/quicargo.com\/wp-content\/uploads\/2022\/03\/pexels-pavel-danilyuk-7937283.jpg","datePublished":"2022-03-29T14:54:26+00:00","dateModified":"2022-03-29T15:37:57+00:00","description":"Quicargo is a cargo platform for trucks. Excellent service, reliable carriers and great prices. Ship your pallets with us today! B2B, B2C, spot and recurring transport.","breadcrumb":{"@id":"https:\/\/quicargo.com\/de\/zugangsmoeglichkeiten\/#breadcrumb"},"inLanguage":"de","potentialAction":[{"@type":"ReadAction","target":["https:\/\/quicargo.com\/de\/zugangsmoeglichkeiten\/"]}]},{"@type":"ImageObject","inLanguage":"de","@id":"https:\/\/quicargo.com\/de\/zugangsmoeglichkeiten\/#primaryimage","url":"https:\/\/quicargo.com\/wp-content\/uploads\/2022\/03\/pexels-pavel-danilyuk-7937283.jpg","contentUrl":"https:\/\/quicargo.com\/wp-content\/uploads\/2022\/03\/pexels-pavel-danilyuk-7937283.jpg"},{"@type":"BreadcrumbList","@id":"https:\/\/quicargo.com\/de\/zugangsmoeglichkeiten\/#breadcrumb","itemListElement":[{"@type":"ListItem","position":1,"name":"Home","item":"https:\/\/quicargo.com\/de\/"},{"@type":"ListItem","position":2,"name":"Zugangsm\u00f6glichkeiten f\u00fcr bestimmte Versandorte"}]},{"@type":"WebSite","@id":"https:\/\/quicargo.com\/de\/#website","url":"https:\/\/quicargo.com\/de\/","name":"Quicargo","description":"No more empty trucks","publisher":{"@id":"https:\/\/quicargo.com\/de\/#organization"},"potentialAction":[{"@type":"SearchAction","target":{"@type":"EntryPoint","urlTemplate":"https:\/\/quicargo.com\/de\/?s={search_term_string}"},"query-input":{"@type":"PropertyValueSpecification","valueRequired":true,"valueName":"search_term_string"}}],"inLanguage":"de"},{"@type":"Organization","@id":"https:\/\/quicargo.com\/de\/#organization","name":"Quicargo","url":"https:\/\/quicargo.com\/de\/","logo":{"@type":"ImageObject","inLanguage":"de","@id":"https:\/\/quicargo.com\/de\/#\/schema\/logo\/image\/","url":"https:\/\/quicargo.com\/wp-content\/uploads\/2020\/02\/Quicargo-official-logo.png","contentUrl":"https:\/\/quicargo.com\/wp-content\/uploads\/2020\/02\/Quicargo-official-logo.png","width":148,"height":59,"caption":"Quicargo"},"image":{"@id":"https:\/\/quicargo.com\/de\/#\/schema\/logo\/image\/"}}]}},"_links":{"self":[{"href":"https:\/\/quicargo.com\/de\/wp-json\/wp\/v2\/pages\/77642","targetHints":{"allow":["GET"]}}],"collection":[{"href":"https:\/\/quicargo.com\/de\/wp-json\/wp\/v2\/pages"}],"about":[{"href":"https:\/\/quicargo.com\/de\/wp-json\/wp\/v2\/types\/page"}],"author":[{"embeddable":true,"href":"https:\/\/quicargo.com\/de\/wp-json\/wp\/v2\/users\/21"}],"replies":[{"embeddable":true,"href":"https:\/\/quicargo.com\/de\/wp-json\/wp\/v2\/comments?post=77642"}],"version-history":[{"count":5,"href":"https:\/\/quicargo.com\/de\/wp-json\/wp\/v2\/pages\/77642\/revisions"}],"predecessor-version":[{"id":77806,"href":"https:\/\/quicargo.com\/de\/wp-json\/wp\/v2\/pages\/77642\/revisions\/77806"}],"wp:attachment":[{"href":"https:\/\/quicargo.com\/de\/wp-json\/wp\/v2\/media?parent=77642"}],"curies":[{"name":"wp","href":"https:\/\/api.w.org\/{rel}","templated":true}]}}