{"id":77554,"date":"2022-03-29T15:34:16","date_gmt":"2022-03-29T14:34:16","guid":{"rendered":"http:\/\/3.72.60.250\/regulations-for-waiting-time\/"},"modified":"2022-03-29T15:45:49","modified_gmt":"2022-03-29T14:45:49","slug":"wartezeit","status":"publish","type":"page","link":"https:\/\/quicargo.com\/de\/wartezeit\/","title":{"rendered":"Regelungen zur Wartezeit"},"content":{"rendered":"\t\t<div data-elementor-type=\"wp-page\" data-elementor-id=\"77554\" class=\"elementor elementor-77554 elementor-77403\" data-elementor-post-type=\"page\">\n\t\t\t\t\t\t<section class=\"elementor-section elementor-top-section elementor-element elementor-element-71266fbb elementor-section-boxed elementor-section-height-default elementor-section-height-default\" data-id=\"71266fbb\" data-element_type=\"section\" data-e-type=\"section\">\n\t\t\t\t\t\t<div class=\"elementor-container elementor-column-gap-default\">\n\t\t\t\t\t<div class=\"elementor-column elementor-col-100 elementor-top-column elementor-element elementor-element-48f6a985\" data-id=\"48f6a985\" data-element_type=\"column\" data-e-type=\"column\">\n\t\t\t<div class=\"elementor-widget-wrap elementor-element-populated\">\n\t\t\t\t\t\t<div class=\"elementor-element elementor-element-73696236 elementor-widget__width-initial elementor-widget-mobile__width-initial elementor-widget elementor-widget-html\" data-id=\"73696236\" data-element_type=\"widget\" data-e-type=\"widget\" data-widget_type=\"html.default\">\n\t\t\t\t<div class=\"elementor-widget-container\">\n\t\t\t\t\t<div><span style=\"color:#567EFF; font-weight:600\">BLEIBEN SIE AUF DEM NEUESTEN STAND ZU WARTEZEITEN<\/span>\n<h1>Regelungen und weitere Kosten f\u00fcr Wartezeiten<\/h1>\n<p>Wir haben festgestellt, dass unsere Regeln f\u00fcr die Wartezeiten nicht immer klar genug waren, um sie zu verstehen. Wenn der Spediteur vor dem Verladen der Fracht am Verladeort warten muss, werden zus\u00e4tzliche Kosten berechnet, um den Fahrer zu entsch\u00e4digen. Diese zus\u00e4tzlichen Kosten fallen allerdings nur dann an, wenn die Standardwartezeiten \u00fcberschritten werden.<\/p>\n\n<p>Die Wartezeiten h\u00e4ngen von der Anzahl der Paletten ab, die Sie transportieren. Eine genauere \u00dcbersicht finden Sie in der untenstehenden Tabelle.<\/p>\n\n<span style=\"font-weight:600\"><a href=\"https:\/\/quicargo.com\/shipping-articles\/\">Weitere hilfreiche Artikel anzeigen \u2192<\/a><\/span>\n<\/div>\t\t\t\t<\/div>\n\t\t\t\t<\/div>\n\t\t\t\t<div class=\"elementor-element elementor-element-621f05b0 elementor-widget__width-initial elementor-widget-mobile__width-initial elementor-widget elementor-widget-image\" data-id=\"621f05b0\" data-element_type=\"widget\" data-e-type=\"widget\" data-widget_type=\"image.default\">\n\t\t\t\t<div class=\"elementor-widget-container\">\n\t\t\t\t\t\t\t\t\t\t\t\t\t\t\t<img decoding=\"async\" src=\"https:\/\/quicargo.com\/wp-content\/uploads\/elementor\/thumbs\/Digital-freight-forwarder-ot2q4c2xxvnr7worb8mnalpntfxoc49wdlshanj0js.jpeg\" title=\"Digitale Spedition\" alt=\"Digitale Spedition\" loading=\"lazy\" \/>\t\t\t\t\t\t\t\t\t\t\t\t\t\t\t<\/div>\n\t\t\t\t<\/div>\n\t\t\t\t\t<\/div>\n\t\t<\/div>\n\t\t\t\t\t<\/div>\n\t\t<\/section>\n\t\t\t\t<section class=\"elementor-section elementor-top-section elementor-element elementor-element-768be41b elementor-section-boxed elementor-section-height-default elementor-section-height-default\" data-id=\"768be41b\" data-element_type=\"section\" data-e-type=\"section\" data-settings=\"{&quot;background_background&quot;:&quot;classic&quot;}\">\n\t\t\t\t\t\t<div class=\"elementor-container elementor-column-gap-default\">\n\t\t\t\t\t<div class=\"elementor-column elementor-col-100 elementor-top-column elementor-element elementor-element-3bc8c318\" data-id=\"3bc8c318\" data-element_type=\"column\" data-e-type=\"column\" id=\"table\">\n\t\t\t<div class=\"elementor-widget-wrap elementor-element-populated\">\n\t\t\t\t\t\t<div class=\"elementor-element elementor-element-218834c elementor-widget elementor-widget-html\" data-id=\"218834c\" data-element_type=\"widget\" data-e-type=\"widget\" data-widget_type=\"html.default\">\n\t\t\t\t<div class=\"elementor-widget-container\">\n\t\t\t\t\t<table>\n  <tr>\n    <th>1-2 Paletten<\/th>\n    <th>3-19 Paletten<\/th> \n    <th>20-33 Paletten<\/th>\n  \n  <\/tr>\n  <tr>\n    <td>Standardwartezeit: 15 Minuten<\/td>\n    <td>Standardwartezeit: 30 Minuten<\/td> \n    <td>Standardwartezeit: 1 Stunde (2 Stunden<br> f\u00fcr internationale Sendungen)<\/td>\n   \n   <\/tr>\n<\/table>\t\t\t\t<\/div>\n\t\t\t\t<\/div>\n\t\t\t\t<div class=\"elementor-element elementor-element-1be286b0 elementor-widget elementor-widget-html\" data-id=\"1be286b0\" data-element_type=\"widget\" data-e-type=\"widget\" data-widget_type=\"html.default\">\n\t\t\t\t<div class=\"elementor-widget-container\">\n\t\t\t\t\t<div class=\"bluel\" style=\"background-color:#fff; padding:20px; border-radius:10px\">\n    <p>Die Kosten f\u00fcr die zus\u00e4tzliche Wartezeit werden pro gerundete 15 Minuten berechnet, nicht pro einzelne Minute. Die Kosten pro 15 Minuten betragen 12,50\u20ac. F\u00fcr einen vollen Wartetag werden 500,- \u20ac berechnet.<\/p> \n\n\n<p>Wenn ein Spediteur beispielsweise 37 Minuten auf eine Sendung mit 1-2 Paletten wartet, sind die ersten 15 Minuten kostenlos und der Spediteur erh\u00e4lt weitere 15 Minuten Wartezeit erstattet. Bei 38 Minuten wird auf 45 Minuten aufgerundet, was bedeutet, dass der Bef\u00f6rderer zweimal 15 Minuten Wartezeit erstattet bekommt.\n<\/p>\n<button class=\"btn1\" style=\"margin-top:20px; border-radius:10px; border-color:transparent\"> \n    <a href=\"https:\/\/app.quicargo.com\/#\/de\/signup-shipper\">Die Plattform entdecken<\/a>\n<\/button>\n<\/div>\t\t\t\t<\/div>\n\t\t\t\t<\/div>\n\t\t\t\t\t<\/div>\n\t\t<\/div>\n\t\t\t\t\t<\/div>\n\t\t<\/section>\n\t\t\t\t<section class=\"elementor-section elementor-top-section elementor-element elementor-element-1a4cdeb0 elementor-section-boxed elementor-section-height-default elementor-section-height-default\" data-id=\"1a4cdeb0\" data-element_type=\"section\" data-e-type=\"section\" data-settings=\"{&quot;background_background&quot;:&quot;classic&quot;}\">\n\t\t\t\t\t\t<div class=\"elementor-container elementor-column-gap-default\">\n\t\t\t\t\t<div class=\"elementor-column elementor-col-100 elementor-top-column elementor-element elementor-element-6da9e571\" data-id=\"6da9e571\" data-element_type=\"column\" data-e-type=\"column\">\n\t\t\t<div class=\"elementor-widget-wrap elementor-element-populated\">\n\t\t\t\t\t\t<div class=\"elementor-element elementor-element-485e967d elementor-widget elementor-widget-html\" data-id=\"485e967d\" data-element_type=\"widget\" data-e-type=\"widget\" data-widget_type=\"html.default\">\n\t\t\t\t<div class=\"elementor-widget-container\">\n\t\t\t\t\t<!-- TrustBox widget - Horizontal -->\n<div class=\"trustpilot-widget\" data-locale=\"de-DE\" data-template-id=\"5406e65db0d04a09e042d5fc\" data-businessunit-id=\"5acf241bc528a4000196bb49\" data-style-height=\"28px\" data-style-width=\"100%\" data-theme=\"light\">\n  <a href=\"https:\/\/uk.trustpilot.com\/review\/quicargo.com\" target=\"_blank\" rel=\"noopener\">Trustpilot<\/a>\n<\/div>\n<!-- End TrustBox widget -->\t\t\t\t<\/div>\n\t\t\t\t<\/div>\n\t\t\t\t<div class=\"elementor-element elementor-element-251942f elementor-widget elementor-widget-image-box\" data-id=\"251942f\" data-element_type=\"widget\" data-e-type=\"widget\" data-widget_type=\"image-box.default\">\n\t\t\t\t<div class=\"elementor-widget-container\">\n\t\t\t\t\t<div class=\"elementor-image-box-wrapper\"><div class=\"elementor-image-box-content\"><h3 class=\"elementor-image-box-title\">Das k\u00f6nnte Sie auch interessieren<\/h3><\/div><\/div>\t\t\t\t<\/div>\n\t\t\t\t<\/div>\n\t\t\t\t\t<\/div>\n\t\t<\/div>\n\t\t\t\t\t<\/div>\n\t\t<\/section>\n\t\t\t\t<\/div>\n\t\t","protected":false},"excerpt":{"rendered":"<p>BLEIBEN SIE AUF DEM NEUESTEN STAND ZU WARTEZEITEN Regelungen und weitere Kosten f\u00fcr Wartezeiten Wir haben festgestellt, dass unsere Regeln f\u00fcr die Wartezeiten nicht immer klar genug waren, um sie zu verstehen. Wenn der Spediteur vor dem Verladen der Fracht am Verladeort warten muss, werden zus\u00e4tzliche Kosten berechnet, um den Fahrer zu entsch\u00e4digen. Diese zus\u00e4tzlichen [&hellip;]<\/p>\n","protected":false},"author":20,"featured_media":0,"parent":0,"menu_order":0,"comment_status":"closed","ping_status":"closed","template":"","meta":{"footnotes":""},"class_list":["post-77554","page","type-page","status-publish","hentry"],"yoast_head":"<!-- This site is optimized with the Yoast SEO plugin v25.2 - https:\/\/yoast.com\/wordpress\/plugins\/seo\/ -->\n<title>Regelungen zur Wartezeit<\/title>\n<meta name=\"description\" content=\"Quicargo is a cargo platform for trucks. Excellent service, reliable carriers and great prices. Ship your pallets with us today! B2B, B2C, spot and recurring transport.\" \/>\n<meta name=\"robots\" content=\"index, follow, max-snippet:-1, max-image-preview:large, max-video-preview:-1\" \/>\n<link rel=\"canonical\" href=\"https:\/\/quicargo.com\/de\/wartezeit\/\" \/>\n<meta property=\"og:locale\" content=\"de_DE\" \/>\n<meta property=\"og:type\" content=\"article\" \/>\n<meta property=\"og:title\" content=\"Regelungen zur Wartezeit\" \/>\n<meta property=\"og:description\" content=\"Quicargo is a cargo platform for trucks. Excellent service, reliable carriers and great prices. Ship your pallets with us today! B2B, B2C, spot and recurring transport.\" \/>\n<meta property=\"og:url\" content=\"https:\/\/quicargo.com\/de\/wartezeit\/\" \/>\n<meta property=\"og:site_name\" content=\"Quicargo\" \/>\n<meta property=\"article:modified_time\" content=\"2022-03-29T14:45:49+00:00\" \/>\n<meta property=\"og:image\" content=\"https:\/\/quicargo.com\/wp-content\/uploads\/elementor\/thumbs\/Digital-freight-forwarder-ot2q4c2xxvnr7worb8mnalpntfxoc49wdlshanj0js.jpeg\" \/>\n<meta name=\"twitter:card\" content=\"summary_large_image\" \/>\n<meta name=\"twitter:label1\" content=\"Gesch\u00e4tzte Lesezeit\" \/>\n\t<meta name=\"twitter:data1\" content=\"2\u00a0Minuten\" \/>\n<script type=\"application\/ld+json\" class=\"yoast-schema-graph\">{\"@context\":\"https:\/\/schema.org\",\"@graph\":[{\"@type\":\"WebPage\",\"@id\":\"https:\/\/quicargo.com\/de\/wartezeit\/\",\"url\":\"https:\/\/quicargo.com\/de\/wartezeit\/\",\"name\":\"Regelungen zur Wartezeit\",\"isPartOf\":{\"@id\":\"https:\/\/quicargo.com\/de\/#website\"},\"primaryImageOfPage\":{\"@id\":\"https:\/\/quicargo.com\/de\/wartezeit\/#primaryimage\"},\"image\":{\"@id\":\"https:\/\/quicargo.com\/de\/wartezeit\/#primaryimage\"},\"thumbnailUrl\":\"https:\/\/quicargo.com\/wp-content\/uploads\/elementor\/thumbs\/Digital-freight-forwarder-ot2q4c2xxvnr7worb8mnalpntfxoc49wdlshanj0js.jpeg\",\"datePublished\":\"2022-03-29T14:34:16+00:00\",\"dateModified\":\"2022-03-29T14:45:49+00:00\",\"description\":\"Quicargo is a cargo platform for trucks. Excellent service, reliable carriers and great prices. Ship your pallets with us today! B2B, B2C, spot and recurring transport.\",\"breadcrumb\":{\"@id\":\"https:\/\/quicargo.com\/de\/wartezeit\/#breadcrumb\"},\"inLanguage\":\"de\",\"potentialAction\":[{\"@type\":\"ReadAction\",\"target\":[\"https:\/\/quicargo.com\/de\/wartezeit\/\"]}]},{\"@type\":\"ImageObject\",\"inLanguage\":\"de\",\"@id\":\"https:\/\/quicargo.com\/de\/wartezeit\/#primaryimage\",\"url\":\"https:\/\/quicargo.com\/wp-content\/uploads\/elementor\/thumbs\/Digital-freight-forwarder-ot2q4c2xxvnr7worb8mnalpntfxoc49wdlshanj0js.jpeg\",\"contentUrl\":\"https:\/\/quicargo.com\/wp-content\/uploads\/elementor\/thumbs\/Digital-freight-forwarder-ot2q4c2xxvnr7worb8mnalpntfxoc49wdlshanj0js.jpeg\"},{\"@type\":\"BreadcrumbList\",\"@id\":\"https:\/\/quicargo.com\/de\/wartezeit\/#breadcrumb\",\"itemListElement\":[{\"@type\":\"ListItem\",\"position\":1,\"name\":\"Home\",\"item\":\"https:\/\/quicargo.com\/de\/\"},{\"@type\":\"ListItem\",\"position\":2,\"name\":\"Regelungen zur Wartezeit\"}]},{\"@type\":\"WebSite\",\"@id\":\"https:\/\/quicargo.com\/de\/#website\",\"url\":\"https:\/\/quicargo.com\/de\/\",\"name\":\"Quicargo\",\"description\":\"No more empty trucks\",\"publisher\":{\"@id\":\"https:\/\/quicargo.com\/de\/#organization\"},\"potentialAction\":[{\"@type\":\"SearchAction\",\"target\":{\"@type\":\"EntryPoint\",\"urlTemplate\":\"https:\/\/quicargo.com\/de\/?s={search_term_string}\"},\"query-input\":{\"@type\":\"PropertyValueSpecification\",\"valueRequired\":true,\"valueName\":\"search_term_string\"}}],\"inLanguage\":\"de\"},{\"@type\":\"Organization\",\"@id\":\"https:\/\/quicargo.com\/de\/#organization\",\"name\":\"Quicargo\",\"url\":\"https:\/\/quicargo.com\/de\/\",\"logo\":{\"@type\":\"ImageObject\",\"inLanguage\":\"de\",\"@id\":\"https:\/\/quicargo.com\/de\/#\/schema\/logo\/image\/\",\"url\":\"https:\/\/quicargo.com\/wp-content\/uploads\/2020\/02\/Quicargo-official-logo.png\",\"contentUrl\":\"https:\/\/quicargo.com\/wp-content\/uploads\/2020\/02\/Quicargo-official-logo.png\",\"width\":148,\"height\":59,\"caption\":\"Quicargo\"},\"image\":{\"@id\":\"https:\/\/quicargo.com\/de\/#\/schema\/logo\/image\/\"}}]}<\/script>\n<!-- \/ Yoast SEO plugin. -->","yoast_head_json":{"title":"Regelungen zur Wartezeit","description":"Quicargo is a cargo platform for trucks. Excellent service, reliable carriers and great prices. Ship your pallets with us today! B2B, B2C, spot and recurring transport.","robots":{"index":"index","follow":"follow","max-snippet":"max-snippet:-1","max-image-preview":"max-image-preview:large","max-video-preview":"max-video-preview:-1"},"canonical":"https:\/\/quicargo.com\/de\/wartezeit\/","og_locale":"de_DE","og_type":"article","og_title":"Regelungen zur Wartezeit","og_description":"Quicargo is a cargo platform for trucks. Excellent service, reliable carriers and great prices. Ship your pallets with us today! B2B, B2C, spot and recurring transport.","og_url":"https:\/\/quicargo.com\/de\/wartezeit\/","og_site_name":"Quicargo","article_modified_time":"2022-03-29T14:45:49+00:00","og_image":[{"url":"https:\/\/quicargo.com\/wp-content\/uploads\/elementor\/thumbs\/Digital-freight-forwarder-ot2q4c2xxvnr7worb8mnalpntfxoc49wdlshanj0js.jpeg","type":"","width":"","height":""}],"twitter_card":"summary_large_image","twitter_misc":{"Gesch\u00e4tzte Lesezeit":"2\u00a0Minuten"},"schema":{"@context":"https:\/\/schema.org","@graph":[{"@type":"WebPage","@id":"https:\/\/quicargo.com\/de\/wartezeit\/","url":"https:\/\/quicargo.com\/de\/wartezeit\/","name":"Regelungen zur Wartezeit","isPartOf":{"@id":"https:\/\/quicargo.com\/de\/#website"},"primaryImageOfPage":{"@id":"https:\/\/quicargo.com\/de\/wartezeit\/#primaryimage"},"image":{"@id":"https:\/\/quicargo.com\/de\/wartezeit\/#primaryimage"},"thumbnailUrl":"https:\/\/quicargo.com\/wp-content\/uploads\/elementor\/thumbs\/Digital-freight-forwarder-ot2q4c2xxvnr7worb8mnalpntfxoc49wdlshanj0js.jpeg","datePublished":"2022-03-29T14:34:16+00:00","dateModified":"2022-03-29T14:45:49+00:00","description":"Quicargo is a cargo platform for trucks. Excellent service, reliable carriers and great prices. Ship your pallets with us today! B2B, B2C, spot and recurring transport.","breadcrumb":{"@id":"https:\/\/quicargo.com\/de\/wartezeit\/#breadcrumb"},"inLanguage":"de","potentialAction":[{"@type":"ReadAction","target":["https:\/\/quicargo.com\/de\/wartezeit\/"]}]},{"@type":"ImageObject","inLanguage":"de","@id":"https:\/\/quicargo.com\/de\/wartezeit\/#primaryimage","url":"https:\/\/quicargo.com\/wp-content\/uploads\/elementor\/thumbs\/Digital-freight-forwarder-ot2q4c2xxvnr7worb8mnalpntfxoc49wdlshanj0js.jpeg","contentUrl":"https:\/\/quicargo.com\/wp-content\/uploads\/elementor\/thumbs\/Digital-freight-forwarder-ot2q4c2xxvnr7worb8mnalpntfxoc49wdlshanj0js.jpeg"},{"@type":"BreadcrumbList","@id":"https:\/\/quicargo.com\/de\/wartezeit\/#breadcrumb","itemListElement":[{"@type":"ListItem","position":1,"name":"Home","item":"https:\/\/quicargo.com\/de\/"},{"@type":"ListItem","position":2,"name":"Regelungen zur Wartezeit"}]},{"@type":"WebSite","@id":"https:\/\/quicargo.com\/de\/#website","url":"https:\/\/quicargo.com\/de\/","name":"Quicargo","description":"No more empty trucks","publisher":{"@id":"https:\/\/quicargo.com\/de\/#organization"},"potentialAction":[{"@type":"SearchAction","target":{"@type":"EntryPoint","urlTemplate":"https:\/\/quicargo.com\/de\/?s={search_term_string}"},"query-input":{"@type":"PropertyValueSpecification","valueRequired":true,"valueName":"search_term_string"}}],"inLanguage":"de"},{"@type":"Organization","@id":"https:\/\/quicargo.com\/de\/#organization","name":"Quicargo","url":"https:\/\/quicargo.com\/de\/","logo":{"@type":"ImageObject","inLanguage":"de","@id":"https:\/\/quicargo.com\/de\/#\/schema\/logo\/image\/","url":"https:\/\/quicargo.com\/wp-content\/uploads\/2020\/02\/Quicargo-official-logo.png","contentUrl":"https:\/\/quicargo.com\/wp-content\/uploads\/2020\/02\/Quicargo-official-logo.png","width":148,"height":59,"caption":"Quicargo"},"image":{"@id":"https:\/\/quicargo.com\/de\/#\/schema\/logo\/image\/"}}]}},"_links":{"self":[{"href":"https:\/\/quicargo.com\/de\/wp-json\/wp\/v2\/pages\/77554","targetHints":{"allow":["GET"]}}],"collection":[{"href":"https:\/\/quicargo.com\/de\/wp-json\/wp\/v2\/pages"}],"about":[{"href":"https:\/\/quicargo.com\/de\/wp-json\/wp\/v2\/types\/page"}],"author":[{"embeddable":true,"href":"https:\/\/quicargo.com\/de\/wp-json\/wp\/v2\/users\/20"}],"replies":[{"embeddable":true,"href":"https:\/\/quicargo.com\/de\/wp-json\/wp\/v2\/comments?post=77554"}],"version-history":[{"count":7,"href":"https:\/\/quicargo.com\/de\/wp-json\/wp\/v2\/pages\/77554\/revisions"}],"predecessor-version":[{"id":77587,"href":"https:\/\/quicargo.com\/de\/wp-json\/wp\/v2\/pages\/77554\/revisions\/77587"}],"wp:attachment":[{"href":"https:\/\/quicargo.com\/de\/wp-json\/wp\/v2\/media?parent=77554"}],"curies":[{"name":"wp","href":"https:\/\/api.w.org\/{rel}","templated":true}]}}