{"id":36938,"date":"2021-06-14T10:13:02","date_gmt":"2021-06-14T09:13:02","guid":{"rendered":"http:\/\/3.72.60.250\/changes-in-spot-rates-and-the-closing-times-for-new-orders\/"},"modified":"2023-05-31T15:26:03","modified_gmt":"2023-05-31T14:26:03","slug":"information-spotraten","status":"publish","type":"page","link":"https:\/\/quicargo.com\/de\/information-spotraten\/","title":{"rendered":"\u00c4nderungen der Spot-Raten und der Schlusszeiten f\u00fcr neue Auftr\u00e4ge"},"content":{"rendered":"\t\t<div data-elementor-type=\"wp-page\" data-elementor-id=\"36938\" class=\"elementor elementor-36938 elementor-35730\" data-elementor-post-type=\"page\">\n\t\t\t\t\t\t<section class=\"elementor-section elementor-top-section elementor-element elementor-element-361a502a elementor-section-full_width elementor-section-height-default elementor-section-height-default\" data-id=\"361a502a\" data-element_type=\"section\" data-e-type=\"section\" data-settings=\"{&quot;background_background&quot;:&quot;gradient&quot;}\">\n\t\t\t\t\t\t<div class=\"elementor-container elementor-column-gap-default\">\n\t\t\t\t\t<div class=\"elementor-column elementor-col-100 elementor-top-column elementor-element elementor-element-5464bd01\" data-id=\"5464bd01\" data-element_type=\"column\" data-e-type=\"column\">\n\t\t\t<div class=\"elementor-widget-wrap elementor-element-populated\">\n\t\t\t\t\t\t<div class=\"elementor-element elementor-element-7d430cc5 elementor-widget elementor-widget-heading\" data-id=\"7d430cc5\" data-element_type=\"widget\" data-e-type=\"widget\" data-widget_type=\"heading.default\">\n\t\t\t\t<div class=\"elementor-widget-container\">\n\t\t\t\t\t<h1 class=\"elementor-heading-title elementor-size-default\">\u00c4nderungen der Spotraten und der Schlusszeiten f\u00fcr neue Auftr\u00e4ge<\/h1>\t\t\t\t<\/div>\n\t\t\t\t<\/div>\n\t\t\t\t\t<\/div>\n\t\t<\/div>\n\t\t\t\t\t<\/div>\n\t\t<\/section>\n\t\t\t\t<section class=\"elementor-section elementor-top-section elementor-element elementor-element-16698b7a elementor-section-full_width elementor-section-height-default elementor-section-height-default\" data-id=\"16698b7a\" data-element_type=\"section\" data-e-type=\"section\">\n\t\t\t\t\t\t<div class=\"elementor-container elementor-column-gap-default\">\n\t\t\t\t\t<div class=\"elementor-column elementor-col-100 elementor-top-column elementor-element elementor-element-5dfe0ed4\" data-id=\"5dfe0ed4\" data-element_type=\"column\" data-e-type=\"column\">\n\t\t\t<div class=\"elementor-widget-wrap elementor-element-populated\">\n\t\t\t\t\t\t<div class=\"elementor-element elementor-element-647fea7b elementor-widget elementor-widget-text-editor\" data-id=\"647fea7b\" data-element_type=\"widget\" data-e-type=\"widget\" data-widget_type=\"text-editor.default\">\n\t\t\t\t<div class=\"elementor-widget-container\">\n\t\t\t\t\t\t\t\t\t<p>Bei Quicargo legen wir Wert auf Transparenz bei der Preisgestaltung. Daher finden Sie auf dieser Seite Informationen zu drei verschiedenen Arten von <strong>Spot-Tarifen<\/strong>: Standard, Same Day und Last-Minute.<\/p><p>Die Uhrzeit, zu der Sie einen Auftrag erteilen &#8211; sowie der Abholort und das Ziel &#8211; bestimmen, welchen Spotkurs Sie erhalten.<\/p><ul><li><strong>Standardtarife<\/strong> = fr\u00fchzeitige Auftragserteilung w\u00e4hrend der B\u00fcrozeiten<\/li><li><strong>Last-Minute-Tarife<\/strong> = Auftr\u00e4ge, die w\u00e4hrend der sp\u00e4ten B\u00fcrozeiten erteilt werden<\/li><li><strong>Same Day Tarife<\/strong> = Auftr\u00e4ge, die am selben Tag abgeholt werden m\u00fcssen<\/li><\/ul><p>\u00a0<\/p><p>Bitte beachten Sie auch die <strong>Schlusszeiten f\u00fcr neue Bestellungen<\/strong>. Nach diesen Zeiten nehmen wir keine Sendungen mehr an, die eine Abholung am n\u00e4chsten Tag vorsehen.<\/p>\t\t\t\t\t\t\t\t<\/div>\n\t\t\t\t<\/div>\n\t\t\t\t<div class=\"elementor-element elementor-element-67d1d6d4 elementor-widget elementor-widget-text-editor\" data-id=\"67d1d6d4\" data-element_type=\"widget\" data-e-type=\"widget\" data-widget_type=\"text-editor.default\">\n\t\t\t\t<div class=\"elementor-widget-container\">\n\t\t\t\t\t\t\t\t\t<table id=\"tabel1\">\n<tbody>\n<tr>\n<th style=\"text-align: left;\"><strong>Strecken<\/strong><\/th>\n<th style=\"text-align: left;\"><strong>Tarifart<\/strong><\/th>\n<th style=\"text-align: left;\"><strong>Frist f\u00fcr eine Bestellung am n\u00e4chsten Tag<\/strong><\/th>\n<\/tr>\n<tr>\n<td>Innerhab der Niederlande<\/td>\n<td><p><strong>Standard Tarif<\/strong><\/p>\n<p>Weniger als 6 Lademeter &#8211; entspricht 15 Europaletten, bis 17:00 Uhr (MESZ)<\/p>\n<p>Mehr als 6 Lademeter &#8211; entspricht 15 Europaletten, bis 14:00 Uhr (MESZ)<\/p>\n<p><span style=\"text-decoration: underline;\"><a href=\"https:\/\/quicargo.com\/de\/lademeter-berechnen\/\">Lademeter berechnen<\/a><\/span><\/p>\n<p><strong>Last-Minute-Tarif<\/strong><br>\nZwischen 14:00 und 17:00 Uhr (MESZ)<br>\nNUR f\u00fcr Auftr\u00e4ge mit mehr als 6 Lademetern<\/p>\n<p><strong>Same Day Tarif<\/strong><br>\nZwischen 17:00 Uhr (Vortag) und 12:00 Uhr (gleicher Tag) MESZ<\/p><\/td>\n<td><strong>Nach 08:00<\/strong> (MESZ) k\u00f6nnen Sie keine Bestellungen aufgeben, die noch am selben Tag abgeholt werden m\u00fcssen.<\/td>\n<\/tr>\n<tr>\n<td>Von den Niederlanden nach Belgien<\/td>\n<td><strong>Standard Tarif<\/strong><br>\nBis 12:00 (MESZ)<p><\/p>\n<p><strong>Last-Minute-Tarif<\/strong><br>\nZwischen 12:00 und 15:00 Uhr (MESZ)<\/p><\/td>\n<td><strong>Nach 15:00<\/strong> (MESZ) k\u00f6nnen Sie keine Bestellungen aufgeben, die am n\u00e4chsten Tag abgeholt werden m\u00fcssen.<\/td>\n<\/tr>\n<tr>\n<td>Innerhalb<br>\nDeutschlands<\/td>\n<td><strong>Standard Tarif<\/strong><br>\nBis 14:00 Uhr (MESZ)<p><\/p>\n<p><strong>Last-Minute-Tarif<\/strong><br>\nZwischen 14:00 und 17:00 Uhr (MESZ)<\/p><\/td>\n<td><strong>Nach 17:00<\/strong> (MESZ)&nbsp;k\u00f6nnen Sie keine Bestellungen aufgeben, die am n\u00e4chsten Tag abgeholt werden m\u00fcssen.<\/td>\n<\/tr>\n<tr>\n<td>Niederlande &#8211; International<br>\n(Export &amp; Import)<\/td>\n<td><strong>Standard Tarif<\/strong><br>\nBis 12:00 (MESZ)<p><\/p>\n<p><strong>Last-Minute-Tarif<\/strong><br>\nZwischen 12:00 und 14:00 Uhr (MESZ)<\/p><\/td>\n<td><strong>Nach 14:00<\/strong> (MESZ)&nbsp;k\u00f6nnen Sie keine Bestellungen aufgeben, die am n\u00e4chsten Tag abgeholt werden m\u00fcssen.<\/td>\n<\/tr>\n<tr>\n<td>Belgien &#8211; International<br>\n(Export &amp; Import)<\/td>\n<td><strong>Standard Tarif<\/strong><br>\nBis 12:00 (MESZ)<p><\/p>\n<p><strong>Last-Minute-Tarif<\/strong><br>\nZwischen 12:00 und 14:00 Uhr (MESZ)<\/p><\/td>\n<td><strong>Nach 14:00<\/strong> (MESZ)&nbsp;k\u00f6nnen Sie keine Bestellungen aufgeben, die am n\u00e4chsten Tag abgeholt werden m\u00fcssen.<\/td>\n<\/tr>\n<\/tbody>\n<\/table>\t\t\t\t\t\t\t\t<\/div>\n\t\t\t\t<\/div>\n\t\t\t\t\t<\/div>\n\t\t<\/div>\n\t\t\t\t\t<\/div>\n\t\t<\/section>\n\t\t\t\t<\/div>\n\t\t","protected":false},"excerpt":{"rendered":"<p>\u00c4nderungen der Spotraten und der Schlusszeiten f\u00fcr neue Auftr\u00e4ge Bei Quicargo legen wir Wert auf Transparenz bei der Preisgestaltung. Daher finden Sie auf dieser Seite Informationen zu drei verschiedenen Arten von Spot-Tarifen: Standard, Same Day und Last-Minute. Die Uhrzeit, zu der Sie einen Auftrag erteilen &#8211; sowie der Abholort und das Ziel &#8211; bestimmen, welchen [&hellip;]<\/p>\n","protected":false},"author":1,"featured_media":0,"parent":0,"menu_order":0,"comment_status":"closed","ping_status":"closed","template":"elementor_header_footer","meta":{"footnotes":""},"class_list":["post-36938","page","type-page","status-publish","hentry"],"yoast_head":"<!-- This site is optimized with the Yoast SEO plugin v25.2 - https:\/\/yoast.com\/wordpress\/plugins\/seo\/ -->\n<title>\u00c4nderungen der Spot-Raten und der Schlusszeiten f\u00fcr neue Auftr\u00e4ge<\/title>\n<meta name=\"description\" content=\"Auf dieser Seite finden Sie Informationen \u00fcber Kurs\u00e4nderungen und Schlusszeiten neuer Auftr\u00e4ge.\" \/>\n<meta name=\"robots\" content=\"index, follow, max-snippet:-1, max-image-preview:large, max-video-preview:-1\" \/>\n<link rel=\"canonical\" href=\"https:\/\/quicargo.com\/de\/information-spotraten\/\" \/>\n<meta property=\"og:locale\" content=\"de_DE\" \/>\n<meta property=\"og:type\" content=\"article\" \/>\n<meta property=\"og:title\" content=\"\u00c4nderungen der Spot-Raten und der Schlusszeiten f\u00fcr neue Auftr\u00e4ge\" \/>\n<meta property=\"og:description\" content=\"Auf dieser Seite finden Sie Informationen \u00fcber Kurs\u00e4nderungen und Schlusszeiten neuer Auftr\u00e4ge.\" \/>\n<meta property=\"og:url\" content=\"https:\/\/quicargo.com\/de\/information-spotraten\/\" \/>\n<meta property=\"og:site_name\" content=\"Quicargo\" \/>\n<meta property=\"article:modified_time\" content=\"2023-05-31T14:26:03+00:00\" \/>\n<meta name=\"twitter:card\" content=\"summary_large_image\" \/>\n<meta name=\"twitter:label1\" content=\"Gesch\u00e4tzte Lesezeit\" \/>\n\t<meta name=\"twitter:data1\" content=\"2\u00a0Minuten\" \/>\n<script type=\"application\/ld+json\" class=\"yoast-schema-graph\">{\"@context\":\"https:\/\/schema.org\",\"@graph\":[{\"@type\":\"WebPage\",\"@id\":\"https:\/\/quicargo.com\/de\/information-spotraten\/\",\"url\":\"https:\/\/quicargo.com\/de\/information-spotraten\/\",\"name\":\"\u00c4nderungen der Spot-Raten und der Schlusszeiten f\u00fcr neue Auftr\u00e4ge\",\"isPartOf\":{\"@id\":\"https:\/\/quicargo.com\/de\/#website\"},\"datePublished\":\"2021-06-14T09:13:02+00:00\",\"dateModified\":\"2023-05-31T14:26:03+00:00\",\"description\":\"Auf dieser Seite finden Sie Informationen \u00fcber Kurs\u00e4nderungen und Schlusszeiten neuer Auftr\u00e4ge.\",\"breadcrumb\":{\"@id\":\"https:\/\/quicargo.com\/de\/information-spotraten\/#breadcrumb\"},\"inLanguage\":\"de\",\"potentialAction\":[{\"@type\":\"ReadAction\",\"target\":[\"https:\/\/quicargo.com\/de\/information-spotraten\/\"]}]},{\"@type\":\"BreadcrumbList\",\"@id\":\"https:\/\/quicargo.com\/de\/information-spotraten\/#breadcrumb\",\"itemListElement\":[{\"@type\":\"ListItem\",\"position\":1,\"name\":\"Home\",\"item\":\"https:\/\/quicargo.com\/de\/\"},{\"@type\":\"ListItem\",\"position\":2,\"name\":\"\u00c4nderungen der Spot-Raten und der Schlusszeiten f\u00fcr neue Auftr\u00e4ge\"}]},{\"@type\":\"WebSite\",\"@id\":\"https:\/\/quicargo.com\/de\/#website\",\"url\":\"https:\/\/quicargo.com\/de\/\",\"name\":\"Quicargo\",\"description\":\"No more empty trucks\",\"publisher\":{\"@id\":\"https:\/\/quicargo.com\/de\/#organization\"},\"potentialAction\":[{\"@type\":\"SearchAction\",\"target\":{\"@type\":\"EntryPoint\",\"urlTemplate\":\"https:\/\/quicargo.com\/de\/?s={search_term_string}\"},\"query-input\":{\"@type\":\"PropertyValueSpecification\",\"valueRequired\":true,\"valueName\":\"search_term_string\"}}],\"inLanguage\":\"de\"},{\"@type\":\"Organization\",\"@id\":\"https:\/\/quicargo.com\/de\/#organization\",\"name\":\"Quicargo\",\"url\":\"https:\/\/quicargo.com\/de\/\",\"logo\":{\"@type\":\"ImageObject\",\"inLanguage\":\"de\",\"@id\":\"https:\/\/quicargo.com\/de\/#\/schema\/logo\/image\/\",\"url\":\"https:\/\/quicargo.com\/wp-content\/uploads\/2020\/02\/Quicargo-official-logo.png\",\"contentUrl\":\"https:\/\/quicargo.com\/wp-content\/uploads\/2020\/02\/Quicargo-official-logo.png\",\"width\":148,\"height\":59,\"caption\":\"Quicargo\"},\"image\":{\"@id\":\"https:\/\/quicargo.com\/de\/#\/schema\/logo\/image\/\"}}]}<\/script>\n<!-- \/ Yoast SEO plugin. -->","yoast_head_json":{"title":"\u00c4nderungen der Spot-Raten und der Schlusszeiten f\u00fcr neue Auftr\u00e4ge","description":"Auf dieser Seite finden Sie Informationen \u00fcber Kurs\u00e4nderungen und Schlusszeiten neuer Auftr\u00e4ge.","robots":{"index":"index","follow":"follow","max-snippet":"max-snippet:-1","max-image-preview":"max-image-preview:large","max-video-preview":"max-video-preview:-1"},"canonical":"https:\/\/quicargo.com\/de\/information-spotraten\/","og_locale":"de_DE","og_type":"article","og_title":"\u00c4nderungen der Spot-Raten und der Schlusszeiten f\u00fcr neue Auftr\u00e4ge","og_description":"Auf dieser Seite finden Sie Informationen \u00fcber Kurs\u00e4nderungen und Schlusszeiten neuer Auftr\u00e4ge.","og_url":"https:\/\/quicargo.com\/de\/information-spotraten\/","og_site_name":"Quicargo","article_modified_time":"2023-05-31T14:26:03+00:00","twitter_card":"summary_large_image","twitter_misc":{"Gesch\u00e4tzte Lesezeit":"2\u00a0Minuten"},"schema":{"@context":"https:\/\/schema.org","@graph":[{"@type":"WebPage","@id":"https:\/\/quicargo.com\/de\/information-spotraten\/","url":"https:\/\/quicargo.com\/de\/information-spotraten\/","name":"\u00c4nderungen der Spot-Raten und der Schlusszeiten f\u00fcr neue Auftr\u00e4ge","isPartOf":{"@id":"https:\/\/quicargo.com\/de\/#website"},"datePublished":"2021-06-14T09:13:02+00:00","dateModified":"2023-05-31T14:26:03+00:00","description":"Auf dieser Seite finden Sie Informationen \u00fcber Kurs\u00e4nderungen und Schlusszeiten neuer Auftr\u00e4ge.","breadcrumb":{"@id":"https:\/\/quicargo.com\/de\/information-spotraten\/#breadcrumb"},"inLanguage":"de","potentialAction":[{"@type":"ReadAction","target":["https:\/\/quicargo.com\/de\/information-spotraten\/"]}]},{"@type":"BreadcrumbList","@id":"https:\/\/quicargo.com\/de\/information-spotraten\/#breadcrumb","itemListElement":[{"@type":"ListItem","position":1,"name":"Home","item":"https:\/\/quicargo.com\/de\/"},{"@type":"ListItem","position":2,"name":"\u00c4nderungen der Spot-Raten und der Schlusszeiten f\u00fcr neue Auftr\u00e4ge"}]},{"@type":"WebSite","@id":"https:\/\/quicargo.com\/de\/#website","url":"https:\/\/quicargo.com\/de\/","name":"Quicargo","description":"No more empty trucks","publisher":{"@id":"https:\/\/quicargo.com\/de\/#organization"},"potentialAction":[{"@type":"SearchAction","target":{"@type":"EntryPoint","urlTemplate":"https:\/\/quicargo.com\/de\/?s={search_term_string}"},"query-input":{"@type":"PropertyValueSpecification","valueRequired":true,"valueName":"search_term_string"}}],"inLanguage":"de"},{"@type":"Organization","@id":"https:\/\/quicargo.com\/de\/#organization","name":"Quicargo","url":"https:\/\/quicargo.com\/de\/","logo":{"@type":"ImageObject","inLanguage":"de","@id":"https:\/\/quicargo.com\/de\/#\/schema\/logo\/image\/","url":"https:\/\/quicargo.com\/wp-content\/uploads\/2020\/02\/Quicargo-official-logo.png","contentUrl":"https:\/\/quicargo.com\/wp-content\/uploads\/2020\/02\/Quicargo-official-logo.png","width":148,"height":59,"caption":"Quicargo"},"image":{"@id":"https:\/\/quicargo.com\/de\/#\/schema\/logo\/image\/"}}]}},"_links":{"self":[{"href":"https:\/\/quicargo.com\/de\/wp-json\/wp\/v2\/pages\/36938","targetHints":{"allow":["GET"]}}],"collection":[{"href":"https:\/\/quicargo.com\/de\/wp-json\/wp\/v2\/pages"}],"about":[{"href":"https:\/\/quicargo.com\/de\/wp-json\/wp\/v2\/types\/page"}],"author":[{"embeddable":true,"href":"https:\/\/quicargo.com\/de\/wp-json\/wp\/v2\/users\/1"}],"replies":[{"embeddable":true,"href":"https:\/\/quicargo.com\/de\/wp-json\/wp\/v2\/comments?post=36938"}],"version-history":[{"count":23,"href":"https:\/\/quicargo.com\/de\/wp-json\/wp\/v2\/pages\/36938\/revisions"}],"predecessor-version":[{"id":101696,"href":"https:\/\/quicargo.com\/de\/wp-json\/wp\/v2\/pages\/36938\/revisions\/101696"}],"wp:attachment":[{"href":"https:\/\/quicargo.com\/de\/wp-json\/wp\/v2\/media?parent=36938"}],"curies":[{"name":"wp","href":"https:\/\/api.w.org\/{rel}","templated":true}]}}