{"id":36810,"date":"2021-06-09T09:31:24","date_gmt":"2021-06-09T08:31:24","guid":{"rendered":"http:\/\/3.72.60.250\/the-net-zero-challenge-webinar-quicargo\/"},"modified":"2021-06-09T10:10:51","modified_gmt":"2021-06-09T09:10:51","slug":"webinar-net-zero-challenge","status":"publish","type":"page","link":"https:\/\/quicargo.com\/de\/webinar-net-zero-challenge\/","title":{"rendered":"The Net Zero Challenge Webinar | Quicargo"},"content":{"rendered":"\t\t<div data-elementor-type=\"wp-page\" data-elementor-id=\"36810\" class=\"elementor elementor-36810 elementor-36383\" data-elementor-post-type=\"page\">\n\t\t\t\t\t\t<section class=\"elementor-section elementor-top-section elementor-element elementor-element-84e3617 elementor-section-boxed elementor-section-height-default elementor-section-height-default\" data-id=\"84e3617\" data-element_type=\"section\" data-e-type=\"section\" data-settings=\"{&quot;background_background&quot;:&quot;gradient&quot;}\">\n\t\t\t\t\t\t<div class=\"elementor-container elementor-column-gap-default\">\n\t\t\t\t\t<div class=\"elementor-column elementor-col-100 elementor-top-column elementor-element elementor-element-5dc72fb\" data-id=\"5dc72fb\" data-element_type=\"column\" data-e-type=\"column\">\n\t\t\t<div class=\"elementor-widget-wrap elementor-element-populated\">\n\t\t\t\t\t\t<div class=\"elementor-element elementor-element-43e9891 elementor-widget elementor-widget-text-editor\" data-id=\"43e9891\" data-element_type=\"widget\" data-e-type=\"widget\" data-widget_type=\"text-editor.default\">\n\t\t\t\t<div class=\"elementor-widget-container\">\n\t\t\t\t\t\t\t\t\t<p><strong>ON-DEMAND WEBINAR<\/strong><\/p>\n\t\t\t\t\t\t\t\t<\/div>\n\t\t\t\t<\/div>\n\t\t\t\t<div class=\"elementor-element elementor-element-aa026d3 elementor-widget elementor-widget-heading\" data-id=\"aa026d3\" data-element_type=\"widget\" data-e-type=\"widget\" data-widget_type=\"heading.default\">\n\t\t\t\t<div class=\"elementor-widget-container\">\n\t\t\t\t\t<h2 class=\"elementor-heading-title elementor-size-default\">Wie k\u00f6nnen wir den Stra\u00dfenverkehr dekarbonisieren?<\/h2>\t\t\t\t<\/div>\n\t\t\t\t<\/div>\n\t\t\t\t<div class=\"elementor-element elementor-element-7a34b43 elementor-widget__width-auto elementor-view-default elementor-widget elementor-widget-icon\" data-id=\"7a34b43\" data-element_type=\"widget\" data-e-type=\"widget\" data-widget_type=\"icon.default\">\n\t\t\t\t<div class=\"elementor-widget-container\">\n\t\t\t\t\t\t\t<div class=\"elementor-icon-wrapper\">\n\t\t\t<div class=\"elementor-icon\">\n\t\t\t<svg aria-hidden=\"true\" class=\"e-font-icon-svg e-far-clock\" viewBox=\"0 0 512 512\" xmlns=\"http:\/\/www.w3.org\/2000\/svg\"><path d=\"M256 8C119 8 8 119 8 256s111 248 248 248 248-111 248-248S393 8 256 8zm0 448c-110.5 0-200-89.5-200-200S145.5 56 256 56s200 89.5 200 200-89.5 200-200 200zm61.8-104.4l-84.9-61.7c-3.1-2.3-4.9-5.9-4.9-9.7V116c0-6.6 5.4-12 12-12h32c6.6 0 12 5.4 12 12v141.7l66.8 48.6c5.4 3.9 6.5 11.4 2.6 16.8L334.6 349c-3.9 5.3-11.4 6.5-16.8 2.6z\"><\/path><\/svg>\t\t\t<\/div>\n\t\t<\/div>\n\t\t\t\t\t\t<\/div>\n\t\t\t\t<\/div>\n\t\t\t\t<div class=\"elementor-element elementor-element-48e1170 elementor-widget__width-auto elementor-widget elementor-widget-text-editor\" data-id=\"48e1170\" data-element_type=\"widget\" data-e-type=\"widget\" data-widget_type=\"text-editor.default\">\n\t\t\t\t<div class=\"elementor-widget-container\">\n\t\t\t\t\t\t\t\t\t<p><strong>~ 60 MIN<\/strong><\/p>\n\t\t\t\t\t\t\t\t<\/div>\n\t\t\t\t<\/div>\n\t\t\t\t\t<\/div>\n\t\t<\/div>\n\t\t\t\t\t<\/div>\n\t\t<\/section>\n\t\t\t\t<section class=\"elementor-section elementor-top-section elementor-element elementor-element-1df0829 elementor-section-content-middle elementor-section-boxed elementor-section-height-default elementor-section-height-default\" data-id=\"1df0829\" data-element_type=\"section\" data-e-type=\"section\">\n\t\t\t\t\t\t<div class=\"elementor-container elementor-column-gap-default\">\n\t\t\t\t\t<div class=\"elementor-column elementor-col-50 elementor-top-column elementor-element elementor-element-cd34fbb\" data-id=\"cd34fbb\" data-element_type=\"column\" data-e-type=\"column\" data-settings=\"{&quot;background_background&quot;:&quot;classic&quot;}\">\n\t\t\t<div class=\"elementor-widget-wrap elementor-element-populated\">\n\t\t\t\t\t\t<div class=\"elementor-element elementor-element-2abde05 elementor-widget elementor-widget-heading\" data-id=\"2abde05\" data-element_type=\"widget\" data-e-type=\"widget\" data-widget_type=\"heading.default\">\n\t\t\t\t<div class=\"elementor-widget-container\">\n\t\t\t\t\t<h2 class=\"elementor-heading-title elementor-size-default\">Kostenloses Webinar ansehen<\/h2>\t\t\t\t<\/div>\n\t\t\t\t<\/div>\n\t\t\t\t<div class=\"elementor-element elementor-element-c13f582 elementor-button-align-stretch elementor-widget elementor-widget-form\" data-id=\"c13f582\" data-element_type=\"widget\" data-e-type=\"widget\" data-settings=\"{&quot;step_next_label&quot;:&quot;Next&quot;,&quot;step_previous_label&quot;:&quot;Previous&quot;,&quot;step_type&quot;:&quot;none&quot;,&quot;button_width&quot;:&quot;100&quot;,&quot;step_icon_shape&quot;:&quot;circle&quot;}\" data-widget_type=\"form.default\">\n\t\t\t\t<div class=\"elementor-widget-container\">\n\t\t\t\t\t\t\t<form class=\"elementor-form\" method=\"post\" name=\"Neues Formular\">\n\t\t\t<input type=\"hidden\" name=\"post_id\" value=\"36810\"\/>\n\t\t\t<input type=\"hidden\" name=\"form_id\" value=\"c13f582\"\/>\n\t\t\t<input type=\"hidden\" name=\"referer_title\" value=\"The Net Zero Challenge Webinar | Quicargo\" \/>\n\n\t\t\t\t\t\t\t<input type=\"hidden\" name=\"queried_id\" value=\"36810\"\/>\n\t\t\t\n\t\t\t<div class=\"elementor-form-fields-wrapper elementor-labels-\">\n\t\t\t\t\t\t\t\t<div class=\"elementor-field-type-text elementor-field-group elementor-column elementor-field-group-name elementor-col-100 elementor-field-required\">\n\t\t\t\t\t\t\t\t\t\t\t\t<label for=\"form-field-name\" class=\"elementor-field-label elementor-screen-only\">\n\t\t\t\t\t\t\t\tNaam\t\t\t\t\t\t\t<\/label>\n\t\t\t\t\t\t\t\t\t\t\t\t\t\t<input size=\"1\" type=\"text\" name=\"form_fields[name]\" id=\"form-field-name\" class=\"elementor-field elementor-size-md  elementor-field-textual\" placeholder=\"Name\" required=\"required\">\n\t\t\t\t\t\t\t\t\t\t\t<\/div>\n\t\t\t\t\t\t\t\t<div class=\"elementor-field-type-text elementor-field-group elementor-column elementor-field-group-field_43fef87 elementor-col-100 elementor-field-required\">\n\t\t\t\t\t\t\t\t\t\t\t\t<label for=\"form-field-field_43fef87\" class=\"elementor-field-label elementor-screen-only\">\n\t\t\t\t\t\t\t\tBedrijf\t\t\t\t\t\t\t<\/label>\n\t\t\t\t\t\t\t\t\t\t\t\t\t\t<input size=\"1\" type=\"text\" name=\"form_fields[field_43fef87]\" id=\"form-field-field_43fef87\" class=\"elementor-field elementor-size-md  elementor-field-textual\" placeholder=\"Unternehmen\" required=\"required\">\n\t\t\t\t\t\t\t\t\t\t\t<\/div>\n\t\t\t\t\t\t\t\t<div class=\"elementor-field-type-text\">\n\t\t\t\t\t<input size=\"1\" type=\"text\" name=\"form_fields[field_385b35a]\" id=\"form-field-field_385b35a\" class=\"elementor-field elementor-size-md \" style=\"display:none !important;\">\t\t\t\t<\/div>\n\t\t\t\t\t\t\t\t<div class=\"elementor-field-type-email elementor-field-group elementor-column elementor-field-group-email elementor-col-100 elementor-field-required\">\n\t\t\t\t\t\t\t\t\t\t\t\t<label for=\"form-field-email\" class=\"elementor-field-label elementor-screen-only\">\n\t\t\t\t\t\t\t\tE-Mail\t\t\t\t\t\t\t<\/label>\n\t\t\t\t\t\t\t\t\t\t\t\t\t\t<input size=\"1\" type=\"email\" name=\"form_fields[email]\" id=\"form-field-email\" class=\"elementor-field elementor-size-md  elementor-field-textual\" placeholder=\"E-Mail\" required=\"required\">\n\t\t\t\t\t\t\t\t\t\t\t<\/div>\n\t\t\t\t\t\t\t\t<div class=\"elementor-field-type-select elementor-field-group elementor-column elementor-field-group-message elementor-col-100 elementor-field-required\">\n\t\t\t\t\t\t\t\t\t\t\t\t<label for=\"form-field-message\" class=\"elementor-field-label elementor-screen-only\">\n\t\t\t\t\t\t\t\tAantal pallet en\/of pakketzendingen per maand\t\t\t\t\t\t\t<\/label>\n\t\t\t\t\t\t\t\t<div class=\"elementor-field elementor-select-wrapper remove-before \">\n\t\t\t<div class=\"select-caret-down-wrapper\">\n\t\t\t\t<svg aria-hidden=\"true\" class=\"e-font-icon-svg e-eicon-caret-down\" viewBox=\"0 0 571.4 571.4\" xmlns=\"http:\/\/www.w3.org\/2000\/svg\"><path d=\"M571 393Q571 407 561 418L311 668Q300 679 286 679T261 668L11 418Q0 407 0 393T11 368 36 357H536Q550 357 561 368T571 393Z\"><\/path><\/svg>\t\t\t<\/div>\n\t\t\t<select name=\"form_fields[message]\" id=\"form-field-message\" class=\"elementor-field-textual elementor-size-md\" required=\"required\">\n\t\t\t\t\t\t\t\t\t<option value=\"Anzahl an Sendungen pro Monat\">Anzahl an Sendungen pro Monat<\/option>\n\t\t\t\t\t\t\t\t\t<option value=\"0-10 Sendungen\/Monat\">0-10 Sendungen\/Monat<\/option>\n\t\t\t\t\t\t\t\t\t<option value=\"10-50 Sendungen\/Monat\">10-50 Sendungen\/Monat<\/option>\n\t\t\t\t\t\t\t\t\t<option value=\"50-100 Sendungen\/Monat\">50-100 Sendungen\/Monat<\/option>\n\t\t\t\t\t\t\t\t\t<option value=\"100-500 Sendungen\/Monat\">100-500 Sendungen\/Monat<\/option>\n\t\t\t\t\t\t\t\t\t<option value=\"500+ Sendungen\/Monat\">500+ Sendungen\/Monat<\/option>\n\t\t\t\t\t\t\t\t\t<option value=\"Ich habe (noch) keine Sendungen\">Ich habe (noch) keine Sendungen<\/option>\n\t\t\t\t\t\t\t<\/select>\n\t\t<\/div>\n\t\t\t\t\t\t<\/div>\n\t\t\t\t\t\t\t\t<div class=\"elementor-field-type-checkbox elementor-field-group elementor-column elementor-field-group-field_e8287c3 elementor-col-100\">\n\t\t\t\t\t\t\t\t\t\t\t\t<label for=\"form-field-field_e8287c3\" class=\"elementor-field-label elementor-screen-only\">\n\t\t\t\t\t\t\t\tWat verzend je?\t\t\t\t\t\t\t<\/label>\n\t\t\t\t\t\t<div class=\"elementor-field-subgroup  elementor-subgroup-inline\"><span class=\"elementor-field-option\"><input type=\"checkbox\" value=\"Paletten\" id=\"form-field-field_e8287c3-0\" name=\"form_fields[field_e8287c3][]\"> <label for=\"form-field-field_e8287c3-0\">Paletten<\/label><\/span><span class=\"elementor-field-option\"><input type=\"checkbox\" value=\"Pakete\" id=\"form-field-field_e8287c3-1\" name=\"form_fields[field_e8287c3][]\"> <label for=\"form-field-field_e8287c3-1\">Pakete<\/label><\/span><span class=\"elementor-field-option\"><input type=\"checkbox\" value=\"\u00dcbergro\u00dfe Pakete\" id=\"form-field-field_e8287c3-2\" name=\"form_fields[field_e8287c3][]\"> <label for=\"form-field-field_e8287c3-2\">\u00dcbergro\u00dfe Pakete<\/label><\/span><\/div>\t\t\t\t<\/div>\n\t\t\t\t\t\t\t\t<div class=\"elementor-field-group elementor-column elementor-field-type-submit elementor-col-100 e-form__buttons\">\n\t\t\t\t\t<button class=\"elementor-button elementor-size-md\" type=\"submit\">\n\t\t\t\t\t\t<span class=\"elementor-button-content-wrapper\">\n\t\t\t\t\t\t\t\t\t\t\t\t\t\t\t\t\t\t\t\t\t\t<span class=\"elementor-button-text\">Webinar ansehen<\/span>\n\t\t\t\t\t\t\t\t\t\t\t\t\t<\/span>\n\t\t\t\t\t<\/button>\n\t\t\t\t<\/div>\n\t\t\t<\/div>\n\t\t<\/form>\n\t\t\t\t\t\t<\/div>\n\t\t\t\t<\/div>\n\t\t\t\t\t<\/div>\n\t\t<\/div>\n\t\t\t\t<div class=\"elementor-column elementor-col-50 elementor-top-column elementor-element elementor-element-9aae6bb\" data-id=\"9aae6bb\" data-element_type=\"column\" data-e-type=\"column\">\n\t\t\t<div class=\"elementor-widget-wrap elementor-element-populated\">\n\t\t\t\t\t\t<div class=\"elementor-element elementor-element-f91584e elementor-widget elementor-widget-heading\" data-id=\"f91584e\" data-element_type=\"widget\" data-e-type=\"widget\" data-widget_type=\"heading.default\">\n\t\t\t\t<div class=\"elementor-widget-container\">\n\t\t\t\t\t<h2 class=\"elementor-heading-title elementor-size-default\">Worum geht es?<\/h2>\t\t\t\t<\/div>\n\t\t\t\t<\/div>\n\t\t\t\t<div class=\"elementor-element elementor-element-f297b71 elementor-widget elementor-widget-text-editor\" data-id=\"f297b71\" data-element_type=\"widget\" data-e-type=\"widget\" data-widget_type=\"text-editor.default\">\n\t\t\t\t<div class=\"elementor-widget-container\">\n\t\t\t\t\t\t\t\t\t<p>Das <a href=\"https:\/\/www.weforum.org\/\" target=\"_blank\" rel=\"noopener\">Weltwirtschaftsforum<\/a> ver\u00f6ffentlichte im Januar 2021 einen Bericht \u00fcber <strong>&#8222;The Net Zero Challenge&#8220;<\/strong>.<\/p><p>\u00bb Lesen Sie den Bericht <a href=\"http:\/\/www3.weforum.org\/docs\/WEF_Net_Zero_Challenge_The_Supply_Chain_Opportunity_2021.pdf\" target=\"_blank\" rel=\"noopener\">hier<\/a><\/p><p>Der Bericht stellt fest, dass Lieferketten einen immensen Einfluss auf den Klimawandel haben.<\/p><p>Daher geben die Autoren einige umsetzbare Tipps und Strategien zur Reduzierung der CO2-Emissionen in der Logistik.<\/p><p>In diesem Webinar sprechen Walther Ploos van Amstel und Angie Farrag-Thibault dar\u00fcber, wie die Auswirkungen auf den Klimawandel speziell im Stra\u00dfentransport reduziert werden k\u00f6nnen. Im Fokus liegen sowohl die City-Logistik (letzte Meile), als auch der Transport auf der mittleren und ersten Meile.<\/p>\t\t\t\t\t\t\t\t<\/div>\n\t\t\t\t<\/div>\n\t\t\t\t\t<\/div>\n\t\t<\/div>\n\t\t\t\t\t<\/div>\n\t\t<\/section>\n\t\t\t\t<section class=\"elementor-section elementor-top-section elementor-element elementor-element-14e36f8 elementor-section-boxed elementor-section-height-default elementor-section-height-default\" data-id=\"14e36f8\" data-element_type=\"section\" data-e-type=\"section\">\n\t\t\t\t\t\t<div class=\"elementor-container elementor-column-gap-default\">\n\t\t\t\t\t<div class=\"elementor-column elementor-col-100 elementor-top-column elementor-element elementor-element-cd347ef\" data-id=\"cd347ef\" data-element_type=\"column\" data-e-type=\"column\">\n\t\t\t<div class=\"elementor-widget-wrap elementor-element-populated\">\n\t\t\t\t\t\t<div class=\"elementor-element elementor-element-01bc98d elementor-widget elementor-widget-image\" data-id=\"01bc98d\" data-element_type=\"widget\" data-e-type=\"widget\" data-widget_type=\"image.default\">\n\t\t\t\t<div class=\"elementor-widget-container\">\n\t\t\t\t\t\t\t\t\t\t\t\t\t\t\t<img fetchpriority=\"high\" decoding=\"async\" width=\"800\" height=\"418\" src=\"https:\/\/quicargo.com\/wp-content\/uploads\/2021\/05\/Final-LinkedIn-image-Webinar-1024x535.png\" class=\"attachment-large size-large wp-image-36376\" alt=\"Final LinkedIn image Webinar\" srcset=\"https:\/\/quicargo.com\/wp-content\/uploads\/2021\/05\/Final-LinkedIn-image-Webinar-1024x535.png 1024w, https:\/\/quicargo.com\/wp-content\/uploads\/2021\/05\/Final-LinkedIn-image-Webinar-300x157.png 300w, https:\/\/quicargo.com\/wp-content\/uploads\/2021\/05\/Final-LinkedIn-image-Webinar-768x401.png 768w, https:\/\/quicargo.com\/wp-content\/uploads\/2021\/05\/Final-LinkedIn-image-Webinar.png 1200w\" sizes=\"(max-width: 800px) 100vw, 800px\" \/>\t\t\t\t\t\t\t\t\t\t\t\t\t\t\t<\/div>\n\t\t\t\t<\/div>\n\t\t\t\t\t<\/div>\n\t\t<\/div>\n\t\t\t\t\t<\/div>\n\t\t<\/section>\n\t\t\t\t<\/div>\n\t\t","protected":false},"excerpt":{"rendered":"<p>ON-DEMAND WEBINAR Wie k\u00f6nnen wir den Stra\u00dfenverkehr dekarbonisieren? ~ 60 MIN Kostenloses Webinar ansehen Worum geht es? Das Weltwirtschaftsforum ver\u00f6ffentlichte im Januar 2021 einen Bericht \u00fcber &#8222;The Net Zero Challenge&#8220;. \u00bb Lesen Sie den Bericht hier Der Bericht stellt fest, dass Lieferketten einen immensen Einfluss auf den Klimawandel haben. Daher geben die Autoren einige umsetzbare [&hellip;]<\/p>\n","protected":false},"author":1,"featured_media":0,"parent":0,"menu_order":0,"comment_status":"closed","ping_status":"closed","template":"elementor_header_footer","meta":{"footnotes":""},"class_list":["post-36810","page","type-page","status-publish","hentry"],"yoast_head":"<!-- This site is optimized with the Yoast SEO plugin v25.2 - https:\/\/yoast.com\/wordpress\/plugins\/seo\/ -->\n<title>The Net Zero Challenge Webinar | Quicargo<\/title>\n<meta name=\"description\" content=\"Quicargo is a cargo platform for trucks. Excellent service, reliable carriers and great prices. Ship your pallets with us today! B2B, B2C, spot and recurring transport.\" \/>\n<meta name=\"robots\" content=\"index, follow, max-snippet:-1, max-image-preview:large, max-video-preview:-1\" \/>\n<link rel=\"canonical\" href=\"https:\/\/quicargo.com\/de\/webinar-net-zero-challenge\/\" \/>\n<meta property=\"og:locale\" content=\"de_DE\" \/>\n<meta property=\"og:type\" content=\"article\" \/>\n<meta property=\"og:title\" content=\"The Net Zero Challenge Webinar | Quicargo\" \/>\n<meta property=\"og:description\" content=\"Quicargo is a cargo platform for trucks. Excellent service, reliable carriers and great prices. Ship your pallets with us today! B2B, B2C, spot and recurring transport.\" \/>\n<meta property=\"og:url\" content=\"https:\/\/quicargo.com\/de\/webinar-net-zero-challenge\/\" \/>\n<meta property=\"og:site_name\" content=\"Quicargo\" \/>\n<meta property=\"article:modified_time\" content=\"2021-06-09T09:10:51+00:00\" \/>\n<meta property=\"og:image\" content=\"https:\/\/quicargo.com\/wp-content\/uploads\/2021\/05\/Final-LinkedIn-image-Webinar-1024x535.png\" \/>\n<meta name=\"twitter:card\" content=\"summary_large_image\" \/>\n<meta name=\"twitter:label1\" content=\"Gesch\u00e4tzte Lesezeit\" \/>\n\t<meta name=\"twitter:data1\" content=\"1\u00a0Minute\" \/>\n<script type=\"application\/ld+json\" class=\"yoast-schema-graph\">{\"@context\":\"https:\/\/schema.org\",\"@graph\":[{\"@type\":\"WebPage\",\"@id\":\"https:\/\/quicargo.com\/de\/webinar-net-zero-challenge\/\",\"url\":\"https:\/\/quicargo.com\/de\/webinar-net-zero-challenge\/\",\"name\":\"The Net Zero Challenge Webinar | Quicargo\",\"isPartOf\":{\"@id\":\"https:\/\/quicargo.com\/de\/#website\"},\"primaryImageOfPage\":{\"@id\":\"https:\/\/quicargo.com\/de\/webinar-net-zero-challenge\/#primaryimage\"},\"image\":{\"@id\":\"https:\/\/quicargo.com\/de\/webinar-net-zero-challenge\/#primaryimage\"},\"thumbnailUrl\":\"https:\/\/quicargo.com\/wp-content\/uploads\/2021\/05\/Final-LinkedIn-image-Webinar-1024x535.png\",\"datePublished\":\"2021-06-09T08:31:24+00:00\",\"dateModified\":\"2021-06-09T09:10:51+00:00\",\"description\":\"Quicargo is a cargo platform for trucks. Excellent service, reliable carriers and great prices. Ship your pallets with us today! B2B, B2C, spot and recurring transport.\",\"breadcrumb\":{\"@id\":\"https:\/\/quicargo.com\/de\/webinar-net-zero-challenge\/#breadcrumb\"},\"inLanguage\":\"de\",\"potentialAction\":[{\"@type\":\"ReadAction\",\"target\":[\"https:\/\/quicargo.com\/de\/webinar-net-zero-challenge\/\"]}]},{\"@type\":\"ImageObject\",\"inLanguage\":\"de\",\"@id\":\"https:\/\/quicargo.com\/de\/webinar-net-zero-challenge\/#primaryimage\",\"url\":\"https:\/\/quicargo.com\/wp-content\/uploads\/2021\/05\/Final-LinkedIn-image-Webinar-1024x535.png\",\"contentUrl\":\"https:\/\/quicargo.com\/wp-content\/uploads\/2021\/05\/Final-LinkedIn-image-Webinar-1024x535.png\"},{\"@type\":\"BreadcrumbList\",\"@id\":\"https:\/\/quicargo.com\/de\/webinar-net-zero-challenge\/#breadcrumb\",\"itemListElement\":[{\"@type\":\"ListItem\",\"position\":1,\"name\":\"Home\",\"item\":\"https:\/\/quicargo.com\/de\/\"},{\"@type\":\"ListItem\",\"position\":2,\"name\":\"The Net Zero Challenge Webinar | Quicargo\"}]},{\"@type\":\"WebSite\",\"@id\":\"https:\/\/quicargo.com\/de\/#website\",\"url\":\"https:\/\/quicargo.com\/de\/\",\"name\":\"Quicargo\",\"description\":\"No more empty trucks\",\"publisher\":{\"@id\":\"https:\/\/quicargo.com\/de\/#organization\"},\"potentialAction\":[{\"@type\":\"SearchAction\",\"target\":{\"@type\":\"EntryPoint\",\"urlTemplate\":\"https:\/\/quicargo.com\/de\/?s={search_term_string}\"},\"query-input\":{\"@type\":\"PropertyValueSpecification\",\"valueRequired\":true,\"valueName\":\"search_term_string\"}}],\"inLanguage\":\"de\"},{\"@type\":\"Organization\",\"@id\":\"https:\/\/quicargo.com\/de\/#organization\",\"name\":\"Quicargo\",\"url\":\"https:\/\/quicargo.com\/de\/\",\"logo\":{\"@type\":\"ImageObject\",\"inLanguage\":\"de\",\"@id\":\"https:\/\/quicargo.com\/de\/#\/schema\/logo\/image\/\",\"url\":\"https:\/\/quicargo.com\/wp-content\/uploads\/2020\/02\/Quicargo-official-logo.png\",\"contentUrl\":\"https:\/\/quicargo.com\/wp-content\/uploads\/2020\/02\/Quicargo-official-logo.png\",\"width\":148,\"height\":59,\"caption\":\"Quicargo\"},\"image\":{\"@id\":\"https:\/\/quicargo.com\/de\/#\/schema\/logo\/image\/\"}}]}<\/script>\n<!-- \/ Yoast SEO plugin. -->","yoast_head_json":{"title":"The Net Zero Challenge Webinar | Quicargo","description":"Quicargo is a cargo platform for trucks. Excellent service, reliable carriers and great prices. Ship your pallets with us today! B2B, B2C, spot and recurring transport.","robots":{"index":"index","follow":"follow","max-snippet":"max-snippet:-1","max-image-preview":"max-image-preview:large","max-video-preview":"max-video-preview:-1"},"canonical":"https:\/\/quicargo.com\/de\/webinar-net-zero-challenge\/","og_locale":"de_DE","og_type":"article","og_title":"The Net Zero Challenge Webinar | Quicargo","og_description":"Quicargo is a cargo platform for trucks. Excellent service, reliable carriers and great prices. Ship your pallets with us today! B2B, B2C, spot and recurring transport.","og_url":"https:\/\/quicargo.com\/de\/webinar-net-zero-challenge\/","og_site_name":"Quicargo","article_modified_time":"2021-06-09T09:10:51+00:00","og_image":[{"url":"https:\/\/quicargo.com\/wp-content\/uploads\/2021\/05\/Final-LinkedIn-image-Webinar-1024x535.png","type":"","width":"","height":""}],"twitter_card":"summary_large_image","twitter_misc":{"Gesch\u00e4tzte Lesezeit":"1\u00a0Minute"},"schema":{"@context":"https:\/\/schema.org","@graph":[{"@type":"WebPage","@id":"https:\/\/quicargo.com\/de\/webinar-net-zero-challenge\/","url":"https:\/\/quicargo.com\/de\/webinar-net-zero-challenge\/","name":"The Net Zero Challenge Webinar | Quicargo","isPartOf":{"@id":"https:\/\/quicargo.com\/de\/#website"},"primaryImageOfPage":{"@id":"https:\/\/quicargo.com\/de\/webinar-net-zero-challenge\/#primaryimage"},"image":{"@id":"https:\/\/quicargo.com\/de\/webinar-net-zero-challenge\/#primaryimage"},"thumbnailUrl":"https:\/\/quicargo.com\/wp-content\/uploads\/2021\/05\/Final-LinkedIn-image-Webinar-1024x535.png","datePublished":"2021-06-09T08:31:24+00:00","dateModified":"2021-06-09T09:10:51+00:00","description":"Quicargo is a cargo platform for trucks. Excellent service, reliable carriers and great prices. Ship your pallets with us today! B2B, B2C, spot and recurring transport.","breadcrumb":{"@id":"https:\/\/quicargo.com\/de\/webinar-net-zero-challenge\/#breadcrumb"},"inLanguage":"de","potentialAction":[{"@type":"ReadAction","target":["https:\/\/quicargo.com\/de\/webinar-net-zero-challenge\/"]}]},{"@type":"ImageObject","inLanguage":"de","@id":"https:\/\/quicargo.com\/de\/webinar-net-zero-challenge\/#primaryimage","url":"https:\/\/quicargo.com\/wp-content\/uploads\/2021\/05\/Final-LinkedIn-image-Webinar-1024x535.png","contentUrl":"https:\/\/quicargo.com\/wp-content\/uploads\/2021\/05\/Final-LinkedIn-image-Webinar-1024x535.png"},{"@type":"BreadcrumbList","@id":"https:\/\/quicargo.com\/de\/webinar-net-zero-challenge\/#breadcrumb","itemListElement":[{"@type":"ListItem","position":1,"name":"Home","item":"https:\/\/quicargo.com\/de\/"},{"@type":"ListItem","position":2,"name":"The Net Zero Challenge Webinar | Quicargo"}]},{"@type":"WebSite","@id":"https:\/\/quicargo.com\/de\/#website","url":"https:\/\/quicargo.com\/de\/","name":"Quicargo","description":"No more empty trucks","publisher":{"@id":"https:\/\/quicargo.com\/de\/#organization"},"potentialAction":[{"@type":"SearchAction","target":{"@type":"EntryPoint","urlTemplate":"https:\/\/quicargo.com\/de\/?s={search_term_string}"},"query-input":{"@type":"PropertyValueSpecification","valueRequired":true,"valueName":"search_term_string"}}],"inLanguage":"de"},{"@type":"Organization","@id":"https:\/\/quicargo.com\/de\/#organization","name":"Quicargo","url":"https:\/\/quicargo.com\/de\/","logo":{"@type":"ImageObject","inLanguage":"de","@id":"https:\/\/quicargo.com\/de\/#\/schema\/logo\/image\/","url":"https:\/\/quicargo.com\/wp-content\/uploads\/2020\/02\/Quicargo-official-logo.png","contentUrl":"https:\/\/quicargo.com\/wp-content\/uploads\/2020\/02\/Quicargo-official-logo.png","width":148,"height":59,"caption":"Quicargo"},"image":{"@id":"https:\/\/quicargo.com\/de\/#\/schema\/logo\/image\/"}}]}},"_links":{"self":[{"href":"https:\/\/quicargo.com\/de\/wp-json\/wp\/v2\/pages\/36810","targetHints":{"allow":["GET"]}}],"collection":[{"href":"https:\/\/quicargo.com\/de\/wp-json\/wp\/v2\/pages"}],"about":[{"href":"https:\/\/quicargo.com\/de\/wp-json\/wp\/v2\/types\/page"}],"author":[{"embeddable":true,"href":"https:\/\/quicargo.com\/de\/wp-json\/wp\/v2\/users\/1"}],"replies":[{"embeddable":true,"href":"https:\/\/quicargo.com\/de\/wp-json\/wp\/v2\/comments?post=36810"}],"version-history":[{"count":11,"href":"https:\/\/quicargo.com\/de\/wp-json\/wp\/v2\/pages\/36810\/revisions"}],"predecessor-version":[{"id":36853,"href":"https:\/\/quicargo.com\/de\/wp-json\/wp\/v2\/pages\/36810\/revisions\/36853"}],"wp:attachment":[{"href":"https:\/\/quicargo.com\/de\/wp-json\/wp\/v2\/media?parent=36810"}],"curies":[{"name":"wp","href":"https:\/\/api.w.org\/{rel}","templated":true}]}}