{"id":24280,"date":"2021-01-04T16:00:48","date_gmt":"2021-01-04T15:00:48","guid":{"rendered":"http:\/\/3.72.60.250\/thank-you\/"},"modified":"2021-07-28T16:27:28","modified_gmt":"2021-07-28T15:27:28","slug":"danke","status":"publish","type":"page","link":"https:\/\/quicargo.com\/de\/danke\/","title":{"rendered":"Danke"},"content":{"rendered":"\t\t<div data-elementor-type=\"wp-page\" data-elementor-id=\"24280\" class=\"elementor elementor-24280 elementor-8752\" data-elementor-post-type=\"page\">\n\t\t\t\t\t\t<section class=\"elementor-section elementor-top-section elementor-element elementor-element-74cc0a5e elementor-section-height-min-height elementor-section-boxed elementor-section-height-default elementor-section-items-middle\" data-id=\"74cc0a5e\" data-element_type=\"section\" data-e-type=\"section\" data-settings=\"{&quot;background_background&quot;:&quot;classic&quot;}\">\n\t\t\t\t\t\t<div class=\"elementor-container elementor-column-gap-default\">\n\t\t\t\t\t<div class=\"elementor-column elementor-col-100 elementor-top-column elementor-element elementor-element-40522183\" data-id=\"40522183\" data-element_type=\"column\" data-e-type=\"column\">\n\t\t\t<div class=\"elementor-widget-wrap\">\n\t\t\t\t\t\t\t<\/div>\n\t\t<\/div>\n\t\t\t\t\t<\/div>\n\t\t<\/section>\n\t\t\t\t<section class=\"elementor-section elementor-top-section elementor-element elementor-element-1c4c5cbe elementor-section-boxed elementor-section-height-default elementor-section-height-default\" data-id=\"1c4c5cbe\" data-element_type=\"section\" data-e-type=\"section\">\n\t\t\t\t\t\t<div class=\"elementor-container elementor-column-gap-default\">\n\t\t\t\t\t<div class=\"elementor-column elementor-col-100 elementor-top-column elementor-element elementor-element-454e1d63\" data-id=\"454e1d63\" data-element_type=\"column\" data-e-type=\"column\">\n\t\t\t<div class=\"elementor-widget-wrap elementor-element-populated\">\n\t\t\t\t\t\t<div class=\"elementor-element elementor-element-32696058 elementor-widget elementor-widget-heading\" data-id=\"32696058\" data-element_type=\"widget\" data-e-type=\"widget\" data-widget_type=\"heading.default\">\n\t\t\t\t<div class=\"elementor-widget-container\">\n\t\t\t\t\t<h1 class=\"elementor-heading-title elementor-size-default\">Vielen Dank f\u00fcr Ihr Interesse!<\/h1>\t\t\t\t<\/div>\n\t\t\t\t<\/div>\n\t\t\t\t<div class=\"elementor-element elementor-element-2948011f elementor-widget elementor-widget-text-editor\" data-id=\"2948011f\" data-element_type=\"widget\" data-e-type=\"widget\" data-widget_type=\"text-editor.default\">\n\t\t\t\t<div class=\"elementor-widget-container\">\n\t\t\t\t\t\t\t\t\t<p>Wir haben Ihre Preisanfrage erfolgreich erhalten und werden Sie innerhalb eines Werktages kontaktieren.<\/p>\t\t\t\t\t\t\t\t<\/div>\n\t\t\t\t<\/div>\n\t\t\t\t<div class=\"elementor-element elementor-element-5bc4c018 elementor-widget elementor-widget-text-editor\" data-id=\"5bc4c018\" data-element_type=\"widget\" data-e-type=\"widget\" data-widget_type=\"text-editor.default\">\n\t\t\t\t<div class=\"elementor-widget-container\">\n\t\t\t\t\t\t\t\t\t<p><strong>Solange Sie hier sind:<\/strong> Erfahren Sie mehr dar\u00fcber, weshalb sich Unternehmen f\u00fcr die Logistikdienstleistungen von Quicargo begeistern und warum immer mehr Frachtf\u00fchrer und Transportunternehmen Ihre freie Ladekapazit\u00e4t unserer Plattform zur Verf\u00fcgung stellen. <strong>Keine leeren Lkws mehr<\/strong> &#8211; das ist unsere Mission.<\/p>\t\t\t\t\t\t\t\t<\/div>\n\t\t\t\t<\/div>\n\t\t\t\t<section class=\"elementor-section elementor-inner-section elementor-element elementor-element-28cc2b7b elementor-section-boxed elementor-section-height-default elementor-section-height-default\" data-id=\"28cc2b7b\" data-element_type=\"section\" data-e-type=\"section\" data-settings=\"{&quot;background_background&quot;:&quot;gradient&quot;}\">\n\t\t\t\t\t\t<div class=\"elementor-container elementor-column-gap-default\">\n\t\t\t\t\t<div class=\"elementor-column elementor-col-50 elementor-inner-column elementor-element elementor-element-639646d6\" data-id=\"639646d6\" data-element_type=\"column\" data-e-type=\"column\">\n\t\t\t<div class=\"elementor-widget-wrap elementor-element-populated\">\n\t\t\t\t\t\t<div class=\"elementor-element elementor-element-17b829c elementor-align-right elementor-widget elementor-widget-button\" data-id=\"17b829c\" data-element_type=\"widget\" data-e-type=\"widget\" data-widget_type=\"button.default\">\n\t\t\t\t<div class=\"elementor-widget-container\">\n\t\t\t\t\t\t\t\t\t<div class=\"elementor-button-wrapper\">\n\t\t\t\t\t<a class=\"elementor-button elementor-button-link elementor-size-md\" href=\"https:\/\/quicargo.com\/case-studies\/\">\n\t\t\t\t\t\t<span class=\"elementor-button-content-wrapper\">\n\t\t\t\t\t\t<span class=\"elementor-button-icon\">\n\t\t\t\t<svg aria-hidden=\"true\" class=\"e-font-icon-svg e-fas-arrow-alt-circle-right\" viewBox=\"0 0 512 512\" xmlns=\"http:\/\/www.w3.org\/2000\/svg\"><path d=\"M256 8c137 0 248 111 248 248S393 504 256 504 8 393 8 256 119 8 256 8zM140 300h116v70.9c0 10.7 13 16.1 20.5 8.5l114.3-114.9c4.7-4.7 4.7-12.2 0-16.9l-114.3-115c-7.6-7.6-20.5-2.2-20.5 8.5V212H140c-6.6 0-12 5.4-12 12v64c0 6.6 5.4 12 12 12z\"><\/path><\/svg>\t\t\t<\/span>\n\t\t\t\t\t\t\t\t\t<span class=\"elementor-button-text\">Entdecken Sie die Geschichten unserer Versender<\/span>\n\t\t\t\t\t<\/span>\n\t\t\t\t\t<\/a>\n\t\t\t\t<\/div>\n\t\t\t\t\t\t\t\t<\/div>\n\t\t\t\t<\/div>\n\t\t\t\t\t<\/div>\n\t\t<\/div>\n\t\t\t\t<div class=\"elementor-column elementor-col-50 elementor-inner-column elementor-element elementor-element-22a37ec3\" data-id=\"22a37ec3\" data-element_type=\"column\" data-e-type=\"column\">\n\t\t\t<div class=\"elementor-widget-wrap elementor-element-populated\">\n\t\t\t\t\t\t<div class=\"elementor-element elementor-element-7c0c1f40 elementor-align-left elementor-widget elementor-widget-button\" data-id=\"7c0c1f40\" data-element_type=\"widget\" data-e-type=\"widget\" data-widget_type=\"button.default\">\n\t\t\t\t<div class=\"elementor-widget-container\">\n\t\t\t\t\t\t\t\t\t<div class=\"elementor-button-wrapper\">\n\t\t\t\t\t<a class=\"elementor-button elementor-button-link elementor-size-md\" href=\"https:\/\/quicargo.com\/case-studies\/\">\n\t\t\t\t\t\t<span class=\"elementor-button-content-wrapper\">\n\t\t\t\t\t\t<span class=\"elementor-button-icon\">\n\t\t\t\t<svg aria-hidden=\"true\" class=\"e-font-icon-svg e-fas-arrow-alt-circle-left\" viewBox=\"0 0 512 512\" xmlns=\"http:\/\/www.w3.org\/2000\/svg\"><path d=\"M256 504C119 504 8 393 8 256S119 8 256 8s248 111 248 248-111 248-248 248zm116-292H256v-70.9c0-10.7-13-16.1-20.5-8.5L121.2 247.5c-4.7 4.7-4.7 12.2 0 16.9l114.3 114.9c7.6 7.6 20.5 2.2 20.5-8.5V300h116c6.6 0 12-5.4 12-12v-64c0-6.6-5.4-12-12-12z\"><\/path><\/svg>\t\t\t<\/span>\n\t\t\t\t\t\t\t\t\t<span class=\"elementor-button-text\">Warum sich Transportunternehmen f\u00fcr Quicargo entscheiden<\/span>\n\t\t\t\t\t<\/span>\n\t\t\t\t\t<\/a>\n\t\t\t\t<\/div>\n\t\t\t\t\t\t\t\t<\/div>\n\t\t\t\t<\/div>\n\t\t\t\t\t<\/div>\n\t\t<\/div>\n\t\t\t\t\t<\/div>\n\t\t<\/section>\n\t\t\t\t\t<\/div>\n\t\t<\/div>\n\t\t\t\t\t<\/div>\n\t\t<\/section>\n\t\t\t\t<\/div>\n\t\t","protected":false},"excerpt":{"rendered":"<p>Vielen Dank f\u00fcr Ihr Interesse! Wir haben Ihre Preisanfrage erfolgreich erhalten und werden Sie innerhalb eines Werktages kontaktieren. Solange Sie hier sind: Erfahren Sie mehr dar\u00fcber, weshalb sich Unternehmen f\u00fcr die Logistikdienstleistungen von Quicargo begeistern und warum immer mehr Frachtf\u00fchrer und Transportunternehmen Ihre freie Ladekapazit\u00e4t unserer Plattform zur Verf\u00fcgung stellen. Keine leeren Lkws mehr &#8211; [&hellip;]<\/p>\n","protected":false},"author":9,"featured_media":0,"parent":0,"menu_order":0,"comment_status":"closed","ping_status":"closed","template":"elementor_header_footer","meta":{"footnotes":""},"class_list":["post-24280","page","type-page","status-publish","hentry"],"yoast_head":"<!-- This site is optimized with the Yoast SEO plugin v25.2 - https:\/\/yoast.com\/wordpress\/plugins\/seo\/ -->\n<title>Danke<\/title>\n<meta name=\"description\" content=\"Quicargo ist eine digitale Spedition f\u00fcr Palettenversand. Exzellenter Service. G\u00fcnstige Preise. Innovative Logistikplattform. Nachhaltige Transportl\u00f6sung \u2705\" \/>\n<meta name=\"robots\" content=\"noindex, follow\" \/>\n<meta property=\"og:locale\" content=\"de_DE\" \/>\n<meta property=\"og:type\" content=\"article\" \/>\n<meta property=\"og:title\" content=\"Danke\" \/>\n<meta property=\"og:description\" content=\"Quicargo ist eine digitale Spedition f\u00fcr Palettenversand. Exzellenter Service. G\u00fcnstige Preise. Innovative Logistikplattform. Nachhaltige Transportl\u00f6sung \u2705\" \/>\n<meta property=\"og:url\" content=\"https:\/\/quicargo.com\/de\/danke\/\" \/>\n<meta property=\"og:site_name\" content=\"Quicargo\" \/>\n<meta property=\"article:modified_time\" content=\"2021-07-28T15:27:28+00:00\" \/>\n<meta name=\"twitter:card\" content=\"summary_large_image\" \/>\n<meta name=\"twitter:label1\" content=\"Gesch\u00e4tzte Lesezeit\" \/>\n\t<meta name=\"twitter:data1\" content=\"1\u00a0Minute\" \/>\n<script type=\"application\/ld+json\" class=\"yoast-schema-graph\">{\"@context\":\"https:\/\/schema.org\",\"@graph\":[{\"@type\":\"WebPage\",\"@id\":\"https:\/\/quicargo.com\/de\/danke\/\",\"url\":\"https:\/\/quicargo.com\/de\/danke\/\",\"name\":\"Danke\",\"isPartOf\":{\"@id\":\"https:\/\/quicargo.com\/de\/#website\"},\"datePublished\":\"2021-01-04T15:00:48+00:00\",\"dateModified\":\"2021-07-28T15:27:28+00:00\",\"description\":\"Quicargo ist eine digitale Spedition f\u00fcr Palettenversand. Exzellenter Service. G\u00fcnstige Preise. Innovative Logistikplattform. Nachhaltige Transportl\u00f6sung \u2705\",\"breadcrumb\":{\"@id\":\"https:\/\/quicargo.com\/de\/danke\/#breadcrumb\"},\"inLanguage\":\"de\",\"potentialAction\":[{\"@type\":\"ReadAction\",\"target\":[\"https:\/\/quicargo.com\/de\/danke\/\"]}]},{\"@type\":\"BreadcrumbList\",\"@id\":\"https:\/\/quicargo.com\/de\/danke\/#breadcrumb\",\"itemListElement\":[{\"@type\":\"ListItem\",\"position\":1,\"name\":\"Home\",\"item\":\"https:\/\/quicargo.com\/de\/\"},{\"@type\":\"ListItem\",\"position\":2,\"name\":\"Danke\"}]},{\"@type\":\"WebSite\",\"@id\":\"https:\/\/quicargo.com\/de\/#website\",\"url\":\"https:\/\/quicargo.com\/de\/\",\"name\":\"Quicargo\",\"description\":\"No more empty trucks\",\"publisher\":{\"@id\":\"https:\/\/quicargo.com\/de\/#organization\"},\"potentialAction\":[{\"@type\":\"SearchAction\",\"target\":{\"@type\":\"EntryPoint\",\"urlTemplate\":\"https:\/\/quicargo.com\/de\/?s={search_term_string}\"},\"query-input\":{\"@type\":\"PropertyValueSpecification\",\"valueRequired\":true,\"valueName\":\"search_term_string\"}}],\"inLanguage\":\"de\"},{\"@type\":\"Organization\",\"@id\":\"https:\/\/quicargo.com\/de\/#organization\",\"name\":\"Quicargo\",\"url\":\"https:\/\/quicargo.com\/de\/\",\"logo\":{\"@type\":\"ImageObject\",\"inLanguage\":\"de\",\"@id\":\"https:\/\/quicargo.com\/de\/#\/schema\/logo\/image\/\",\"url\":\"https:\/\/quicargo.com\/wp-content\/uploads\/2020\/02\/Quicargo-official-logo.png\",\"contentUrl\":\"https:\/\/quicargo.com\/wp-content\/uploads\/2020\/02\/Quicargo-official-logo.png\",\"width\":148,\"height\":59,\"caption\":\"Quicargo\"},\"image\":{\"@id\":\"https:\/\/quicargo.com\/de\/#\/schema\/logo\/image\/\"}}]}<\/script>\n<!-- \/ Yoast SEO plugin. -->","yoast_head_json":{"title":"Danke","description":"Quicargo ist eine digitale Spedition f\u00fcr Palettenversand. Exzellenter Service. G\u00fcnstige Preise. Innovative Logistikplattform. Nachhaltige Transportl\u00f6sung \u2705","robots":{"index":"noindex","follow":"follow"},"og_locale":"de_DE","og_type":"article","og_title":"Danke","og_description":"Quicargo ist eine digitale Spedition f\u00fcr Palettenversand. Exzellenter Service. G\u00fcnstige Preise. Innovative Logistikplattform. Nachhaltige Transportl\u00f6sung \u2705","og_url":"https:\/\/quicargo.com\/de\/danke\/","og_site_name":"Quicargo","article_modified_time":"2021-07-28T15:27:28+00:00","twitter_card":"summary_large_image","twitter_misc":{"Gesch\u00e4tzte Lesezeit":"1\u00a0Minute"},"schema":{"@context":"https:\/\/schema.org","@graph":[{"@type":"WebPage","@id":"https:\/\/quicargo.com\/de\/danke\/","url":"https:\/\/quicargo.com\/de\/danke\/","name":"Danke","isPartOf":{"@id":"https:\/\/quicargo.com\/de\/#website"},"datePublished":"2021-01-04T15:00:48+00:00","dateModified":"2021-07-28T15:27:28+00:00","description":"Quicargo ist eine digitale Spedition f\u00fcr Palettenversand. Exzellenter Service. G\u00fcnstige Preise. Innovative Logistikplattform. Nachhaltige Transportl\u00f6sung \u2705","breadcrumb":{"@id":"https:\/\/quicargo.com\/de\/danke\/#breadcrumb"},"inLanguage":"de","potentialAction":[{"@type":"ReadAction","target":["https:\/\/quicargo.com\/de\/danke\/"]}]},{"@type":"BreadcrumbList","@id":"https:\/\/quicargo.com\/de\/danke\/#breadcrumb","itemListElement":[{"@type":"ListItem","position":1,"name":"Home","item":"https:\/\/quicargo.com\/de\/"},{"@type":"ListItem","position":2,"name":"Danke"}]},{"@type":"WebSite","@id":"https:\/\/quicargo.com\/de\/#website","url":"https:\/\/quicargo.com\/de\/","name":"Quicargo","description":"No more empty trucks","publisher":{"@id":"https:\/\/quicargo.com\/de\/#organization"},"potentialAction":[{"@type":"SearchAction","target":{"@type":"EntryPoint","urlTemplate":"https:\/\/quicargo.com\/de\/?s={search_term_string}"},"query-input":{"@type":"PropertyValueSpecification","valueRequired":true,"valueName":"search_term_string"}}],"inLanguage":"de"},{"@type":"Organization","@id":"https:\/\/quicargo.com\/de\/#organization","name":"Quicargo","url":"https:\/\/quicargo.com\/de\/","logo":{"@type":"ImageObject","inLanguage":"de","@id":"https:\/\/quicargo.com\/de\/#\/schema\/logo\/image\/","url":"https:\/\/quicargo.com\/wp-content\/uploads\/2020\/02\/Quicargo-official-logo.png","contentUrl":"https:\/\/quicargo.com\/wp-content\/uploads\/2020\/02\/Quicargo-official-logo.png","width":148,"height":59,"caption":"Quicargo"},"image":{"@id":"https:\/\/quicargo.com\/de\/#\/schema\/logo\/image\/"}}]}},"_links":{"self":[{"href":"https:\/\/quicargo.com\/de\/wp-json\/wp\/v2\/pages\/24280","targetHints":{"allow":["GET"]}}],"collection":[{"href":"https:\/\/quicargo.com\/de\/wp-json\/wp\/v2\/pages"}],"about":[{"href":"https:\/\/quicargo.com\/de\/wp-json\/wp\/v2\/types\/page"}],"author":[{"embeddable":true,"href":"https:\/\/quicargo.com\/de\/wp-json\/wp\/v2\/users\/9"}],"replies":[{"embeddable":true,"href":"https:\/\/quicargo.com\/de\/wp-json\/wp\/v2\/comments?post=24280"}],"version-history":[{"count":11,"href":"https:\/\/quicargo.com\/de\/wp-json\/wp\/v2\/pages\/24280\/revisions"}],"predecessor-version":[{"id":39142,"href":"https:\/\/quicargo.com\/de\/wp-json\/wp\/v2\/pages\/24280\/revisions\/39142"}],"wp:attachment":[{"href":"https:\/\/quicargo.com\/de\/wp-json\/wp\/v2\/media?parent=24280"}],"curies":[{"name":"wp","href":"https:\/\/api.w.org\/{rel}","templated":true}]}}