{"id":132397,"date":"2025-02-25T13:07:20","date_gmt":"2025-02-25T12:07:20","guid":{"rendered":"https:\/\/quicargo.com\/career\/"},"modified":"2025-02-28T16:27:46","modified_gmt":"2025-02-28T15:27:46","slug":"career","status":"publish","type":"page","link":"https:\/\/quicargo.com\/de\/career\/","title":{"rendered":"Karriere: Werde Teil unseres Teams"},"content":{"rendered":"\t\t<div data-elementor-type=\"wp-post\" data-elementor-id=\"132397\" class=\"elementor elementor-132397 elementor-132197\" data-elementor-post-type=\"page\">\n\t\t\t\t\t\t<section class=\"elementor-section elementor-top-section elementor-element elementor-element-58ac81d elementor-section-height-min-height elementor-section-boxed elementor-section-height-default elementor-section-items-middle\" data-id=\"58ac81d\" data-element_type=\"section\" data-e-type=\"section\" data-settings=\"{&quot;background_background&quot;:&quot;classic&quot;}\">\n\t\t\t\t\t\t\t<div class=\"elementor-background-overlay\"><\/div>\n\t\t\t\t\t\t\t<div class=\"elementor-container elementor-column-gap-default\">\n\t\t\t\t\t<div class=\"elementor-column elementor-col-100 elementor-top-column elementor-element elementor-element-dfbff93\" data-id=\"dfbff93\" data-element_type=\"column\" data-e-type=\"column\">\n\t\t\t<div class=\"elementor-widget-wrap elementor-element-populated\">\n\t\t\t\t\t\t<div class=\"elementor-element elementor-element-e097049 elementor-widget elementor-widget-heading\" data-id=\"e097049\" data-element_type=\"widget\" data-e-type=\"widget\" data-widget_type=\"heading.default\">\n\t\t\t\t<div class=\"elementor-widget-container\">\n\t\t\t\t\t<div class=\"elementor-heading-title elementor-size-small\"> Karriere bei Quicargo<\/div>\t\t\t\t<\/div>\n\t\t\t\t<\/div>\n\t\t\t\t<div class=\"elementor-element elementor-element-c7e045f elementor-widget elementor-widget-heading\" data-id=\"c7e045f\" data-element_type=\"widget\" data-e-type=\"widget\" data-widget_type=\"heading.default\">\n\t\t\t\t<div class=\"elementor-widget-container\">\n\t\t\t\t\t<h1 class=\"elementor-heading-title elementor-size-default\">Wir sind immer auf der Suche nach Talenten!<\/h1>\t\t\t\t<\/div>\n\t\t\t\t<\/div>\n\t\t\t\t<div class=\"elementor-element elementor-element-42f7250 elementor-widget elementor-widget-text-editor\" data-id=\"42f7250\" data-element_type=\"widget\" data-e-type=\"widget\" data-widget_type=\"text-editor.default\">\n\t\t\t\t<div class=\"elementor-widget-container\">\n\t\t\t\t\t\t\t\t\t<p>Schlie\u00df dich unserer Mission an, den Transport f\u00fcr alle Unternehmen zug\u00e4nglich zu machen.<\/p>\t\t\t\t\t\t\t\t<\/div>\n\t\t\t\t<\/div>\n\t\t\t\t\t<\/div>\n\t\t<\/div>\n\t\t\t\t\t<\/div>\n\t\t<\/section>\n\t\t\t\t<section class=\"elementor-section elementor-top-section elementor-element elementor-element-46311b82 elementor-section-boxed elementor-section-height-default elementor-section-height-default\" data-id=\"46311b82\" data-element_type=\"section\" data-e-type=\"section\">\n\t\t\t\t\t\t<div class=\"elementor-container elementor-column-gap-default\">\n\t\t\t\t\t<div class=\"elementor-column elementor-col-100 elementor-top-column elementor-element elementor-element-6bae3020\" data-id=\"6bae3020\" data-element_type=\"column\" data-e-type=\"column\">\n\t\t\t<div class=\"elementor-widget-wrap elementor-element-populated\">\n\t\t\t\t\t\t<section class=\"elementor-section elementor-inner-section elementor-element elementor-element-4bd2428 elementor-section-boxed elementor-section-height-default elementor-section-height-default\" data-id=\"4bd2428\" data-element_type=\"section\" data-e-type=\"section\">\n\t\t\t\t\t\t<div class=\"elementor-container elementor-column-gap-default\">\n\t\t\t\t\t<div class=\"elementor-column elementor-col-100 elementor-inner-column elementor-element elementor-element-608acb3\" data-id=\"608acb3\" data-element_type=\"column\" data-e-type=\"column\">\n\t\t\t<div class=\"elementor-widget-wrap elementor-element-populated\">\n\t\t\t\t\t\t<div class=\"elementor-element elementor-element-ba9924d elementor-widget elementor-widget-heading\" data-id=\"ba9924d\" data-element_type=\"widget\" data-e-type=\"widget\" id=\"1\" data-widget_type=\"heading.default\">\n\t\t\t\t<div class=\"elementor-widget-container\">\n\t\t\t\t\t<h2 class=\"elementor-heading-title elementor-size-default\">\u00dcber Quicargo<\/h2>\t\t\t\t<\/div>\n\t\t\t\t<\/div>\n\t\t\t\t<div class=\"elementor-element elementor-element-beaf82d elementor-widget elementor-widget-text-editor\" data-id=\"beaf82d\" data-element_type=\"widget\" data-e-type=\"widget\" data-widget_type=\"text-editor.default\">\n\t\t\t\t<div class=\"elementor-widget-container\">\n\t\t\t\t\t\t\t\t\t<p>Quicargo wurde 2016 gegr\u00fcndet, um den Logistiksektor mithilfe von Technologie und Datenanalyse zu modernisieren. Von Anfang an bauten wir ein umfangreiches Netzwerk von Frachtf\u00fchrern auf und halfen Versendern dabei, ihre Logistikprozesse zu optimieren. Dank unserer innovativen Plattform konnten bereits Tausende von Unternehmen effizienter und nachhaltiger arbeiten.<\/p><p>2024 hat Quicargo mit einem frischen Start seine Mission weiter gefestigt. Ende 2024 zog unser B\u00fcro von Amsterdam nach Tilburg \u2013 ein strategischer Schritt, um unser Wachstum zu unterst\u00fctzen und n\u00e4her bei unseren Logistikpartnern zu sein.<\/p>\t\t\t\t\t\t\t\t<\/div>\n\t\t\t\t<\/div>\n\t\t\t\t<div class=\"elementor-element elementor-element-c9117a3 elementor-widget elementor-widget-heading\" data-id=\"c9117a3\" data-element_type=\"widget\" data-e-type=\"widget\" data-widget_type=\"heading.default\">\n\t\t\t\t<div class=\"elementor-widget-container\">\n\t\t\t\t\t<h2 class=\"elementor-heading-title elementor-size-default\">Wachstum &amp; Entwicklung<\/h2>\t\t\t\t<\/div>\n\t\t\t\t<\/div>\n\t\t\t\t<div class=\"elementor-element elementor-element-9aed7dc elementor-widget elementor-widget-text-editor\" data-id=\"9aed7dc\" data-element_type=\"widget\" data-e-type=\"widget\" data-widget_type=\"text-editor.default\">\n\t\t\t\t<div class=\"elementor-widget-container\">\n\t\t\t\t\t\t\t\t\t<p>Quicargo w\u00e4chst international rasant \u2013 und DU kannst Teil dieses Wachstums sein und uns auf das n\u00e4chste Level bringen!<\/p><p>Wir verbinden Unternehmen, die Transportl\u00f6sungen ben\u00f6tigen, direkt mit Spediteuren, die bereits unterwegs sind. Dadurch steigern wir die Effizienz in der Logistik, leisten einen positiven Beitrag f\u00fcr die Umwelt und helfen Transportunternehmen, ihre Margen zu verbessern.<\/p><p>Doch all das w\u00e4re ohne unser QC-Team nicht m\u00f6glich. Wir sind st\u00e4ndig auf der Suche nach hochmotivierten und ehrgeizigen Teamplayern, die die Spielregeln ver\u00e4ndern und die Welt der Logistik und Nachhaltigkeit mitgestalten m\u00f6chten.<\/p>\t\t\t\t\t\t\t\t<\/div>\n\t\t\t\t<\/div>\n\t\t\t\t<div class=\"elementor-element elementor-element-9959bc8 elementor-widget elementor-widget-heading\" data-id=\"9959bc8\" data-element_type=\"widget\" data-e-type=\"widget\" id=\"2\" data-widget_type=\"heading.default\">\n\t\t\t\t<div class=\"elementor-widget-container\">\n\t\t\t\t\t<h2 class=\"elementor-heading-title elementor-size-default\">Alle Positionen<\/h2>\t\t\t\t<\/div>\n\t\t\t\t<\/div>\n\t\t\t\t<div class=\"elementor-element elementor-element-0094714 elementor-widget elementor-widget-text-editor\" data-id=\"0094714\" data-element_type=\"widget\" data-e-type=\"widget\" data-widget_type=\"text-editor.default\">\n\t\t\t\t<div class=\"elementor-widget-container\">\n\t\t\t\t\t\t\t\t\t<p>Derzeit haben wir keine offenen Positionen.<\/p>\t\t\t\t\t\t\t\t<\/div>\n\t\t\t\t<\/div>\n\t\t\t\t<div class=\"elementor-element elementor-element-7a3294a elementor-widget elementor-widget-heading\" data-id=\"7a3294a\" data-element_type=\"widget\" data-e-type=\"widget\" id=\"5\" data-widget_type=\"heading.default\">\n\t\t\t\t<div class=\"elementor-widget-container\">\n\t\t\t\t\t<h2 class=\"elementor-heading-title elementor-size-default\">Rekrutierungsprozess\n\n<\/h2>\t\t\t\t<\/div>\n\t\t\t\t<\/div>\n\t\t\t\t<div class=\"elementor-element elementor-element-8c3f048 elementor-widget elementor-widget-text-editor\" data-id=\"8c3f048\" data-element_type=\"widget\" data-e-type=\"widget\" data-widget_type=\"text-editor.default\">\n\t\t\t\t<div class=\"elementor-widget-container\">\n\t\t\t\t\t\t\t\t\t<h3 style=\"text-align: center;\">Interview (+\/- 30 Minuten)<\/h3>\nW\u00e4hrend dieses Gespr\u00e4chs m\u00f6chten wir dich besser kennenlernen und pr\u00fcfen, ob du kulturell und praktisch zu uns passt. Wir wollen deine Erwartungen verstehen und sicherstellen, dass du auch unsere verstehst.\n\n<h3 style=\"text-align: center;\">Zweites Interview (+\/- 60 Minuten)<\/h3>\nIn diesem Interview gehen wir tiefer auf deine Motivation und Erwartungen ein. F\u00fcr R&#038;D-Positionen wird das zweite Gespr\u00e4ch eine technische Diskussion sein, in der du deine Herangehensweise an die technische Herausforderung erkl\u00e4rst.\n\n<h3 style=\"text-align: center;\">Angebot!<\/h3>\nWenn alle Gespr\u00e4che positiv verlaufen, gehen wir in die Angebotsphase \u00fcber! Du erh\u00e4ltst eine Gl\u00fcckwunsch-E-Mail mit einer Zusammenfassung des Angebots.\n\t\t\t\t\t\t\t\t<\/div>\n\t\t\t\t<\/div>\n\t\t\t\t<div class=\"elementor-element elementor-element-7cfa143 elementor-widget elementor-widget-heading\" data-id=\"7cfa143\" data-element_type=\"widget\" data-e-type=\"widget\" id=\"3\" data-widget_type=\"heading.default\">\n\t\t\t\t<div class=\"elementor-widget-container\">\n\t\t\t\t\t<h2 class=\"elementor-heading-title elementor-size-default\">Folge uns auf sozialen Medien<\/h2>\t\t\t\t<\/div>\n\t\t\t\t<\/div>\n\t\t\t\t<div class=\"elementor-element elementor-element-4dae26a elementor-widget elementor-widget-text-editor\" data-id=\"4dae26a\" data-element_type=\"widget\" data-e-type=\"widget\" data-widget_type=\"text-editor.default\">\n\t\t\t\t<div class=\"elementor-widget-container\">\n\t\t\t\t\t\t\t\t\t<div class=\"social-icons\">\n  <div class=\"social-item\">\n    <a href=\"https:\/\/www.linkedin.com\/company\/quicargo\/\" target=\"_blank\" rel=\"noopener\">\n      <img decoding=\"async\" src=\"https:\/\/quicargo.com\/wp-content\/uploads\/2025\/02\/LinkedIn-Blue-14@2x.png\" alt=\"LinkedIn\">\n      <span>LinkedIn<\/span>\n    <\/a>\n  <\/div>\n  <div class=\"social-item\">\n    <a href=\"https:\/\/www.youtube.com\/channel\/UCHp4qXU_FqY5Cfn7FeOBLoA\" target=\"_blank\" rel=\"noopener\">\n      <img decoding=\"async\" src=\"https:\/\/quicargo.com\/wp-content\/uploads\/2025\/02\/youtube-logo.png\" alt=\"YouTube\">\n      <span>YouTube<\/span>\n    <\/a>\n  <\/div>\n<\/div>\n\n<style>\n  .social-icons {\n    display: flex;\n    justify-content: center; \/* Centers items horizontally *\/\n    align-items: center; \/* Centers items vertically *\/\n    gap: 40px; \/* Adjust spacing between icons *\/\n    margin-top: 20px; \/* Optional: Adds some top spacing *\/\n  }\n\n  .social-item {\n    display: flex;\n    flex-direction: column;\n    align-items: center;\n    text-align: center;\n  }\n\n  .social-item a {\n    text-decoration: none;\n    color: inherit; \/* Keeps default text color *\/\n  }\n\n  .social-item img {\n    width: 100px; \/* Set the same width for both icons *\/\n    height: 100px; \/* Set the same height for both icons *\/\n    object-fit: contain;\n    transition: transform 0.2s ease-in-out; \/* Smooth hover effect *\/\n  }\n\n  .social-item img:hover {\n    transform: scale(1.1); \/* Slight zoom effect on hover *\/\n  }\n\n  .social-item span {\n    margin-top: 8px; \/* Reduced from 10px to 8px (~20% closer) *\/\n    font-size: 16px;\n    font-weight: bold;\n    display: block; \/* Ensures the text appears below the image *\/\n  }\n<\/style>\n\t\t\t\t\t\t\t\t<\/div>\n\t\t\t\t<\/div>\n\t\t\t\t\t<\/div>\n\t\t<\/div>\n\t\t\t\t\t<\/div>\n\t\t<\/section>\n\t\t\t\t\t<\/div>\n\t\t<\/div>\n\t\t\t\t\t<\/div>\n\t\t<\/section>\n\t\t\t\t<section class=\"elementor-section elementor-top-section elementor-element elementor-element-138c9926 elementor-section-boxed elementor-section-height-default elementor-section-height-default\" data-id=\"138c9926\" data-element_type=\"section\" data-e-type=\"section\">\n\t\t\t\t\t\t<div class=\"elementor-container elementor-column-gap-default\">\n\t\t\t\t\t<div class=\"elementor-column elementor-col-100 elementor-top-column elementor-element elementor-element-1a00b8b\" data-id=\"1a00b8b\" data-element_type=\"column\" data-e-type=\"column\">\n\t\t\t<div class=\"elementor-widget-wrap elementor-element-populated\">\n\t\t\t\t\t\t<div class=\"elementor-element elementor-element-85bbea4 elementor-widget elementor-widget-heading\" data-id=\"85bbea4\" data-element_type=\"widget\" data-e-type=\"widget\" data-widget_type=\"heading.default\">\n\t\t\t\t<div class=\"elementor-widget-container\">\n\t\t\t\t\t<h2 class=\"elementor-heading-title elementor-size-default\">Quicargo B\u00fcro<\/h2>\t\t\t\t<\/div>\n\t\t\t\t<\/div>\n\t\t\t\t<div class=\"elementor-element elementor-element-94bd16c elementor-widget elementor-widget-google_maps\" data-id=\"94bd16c\" data-element_type=\"widget\" data-e-type=\"widget\" data-widget_type=\"google_maps.default\">\n\t\t\t\t<div class=\"elementor-widget-container\">\n\t\t\t\t\t\t\t<div class=\"elementor-custom-embed\">\n\t\t\t<iframe loading=\"lazy\"\n\t\t\t\t\tsrc=\"https:\/\/maps.google.com\/maps?q=tilburg%20plan%20t&#038;t=m&#038;z=10&#038;output=embed&#038;iwloc=near\"\n\t\t\t\t\ttitle=\"tilburg plan t\"\n\t\t\t\t\taria-label=\"tilburg plan t\"\n\t\t\t><\/iframe>\n\t\t<\/div>\n\t\t\t\t\t\t<\/div>\n\t\t\t\t<\/div>\n\t\t\t\t<div class=\"elementor-element elementor-element-6ec868bc elementor-widget elementor-widget-heading\" data-id=\"6ec868bc\" data-element_type=\"widget\" data-e-type=\"widget\" data-widget_type=\"heading.default\">\n\t\t\t\t<div class=\"elementor-widget-container\">\n\t\t\t\t\t<h3 class=\"elementor-heading-title elementor-size-default\">Mehr \u00fcber Quicargo<\/h3>\t\t\t\t<\/div>\n\t\t\t\t<\/div>\n\t\t\t\t<section class=\"elementor-section elementor-inner-section elementor-element elementor-element-7d0fb8fc elementor-section-boxed elementor-section-height-default elementor-section-height-default\" data-id=\"7d0fb8fc\" data-element_type=\"section\" data-e-type=\"section\">\n\t\t\t\t\t\t<div class=\"elementor-container elementor-column-gap-default\">\n\t\t\t\t\t<div class=\"elementor-column elementor-col-33 elementor-inner-column elementor-element elementor-element-77791450\" data-id=\"77791450\" data-element_type=\"column\" data-e-type=\"column\" data-settings=\"{&quot;background_background&quot;:&quot;classic&quot;}\">\n\t\t\t<div class=\"elementor-widget-wrap elementor-element-populated\">\n\t\t\t\t\t<div class=\"elementor-background-overlay\"><\/div>\n\t\t\t\t\t\t<div class=\"elementor-element elementor-element-5a445d27 elementor-widget elementor-widget-heading\" data-id=\"5a445d27\" data-element_type=\"widget\" data-e-type=\"widget\" data-widget_type=\"heading.default\">\n\t\t\t\t<div class=\"elementor-widget-container\">\n\t\t\t\t\t<p class=\"elementor-heading-title elementor-size-default\"><a href=\"https:\/\/quicargo.com\/de\/ueber-uns\/\">\u00dcber Uns<\/a><\/p>\t\t\t\t<\/div>\n\t\t\t\t<\/div>\n\t\t\t\t\t<\/div>\n\t\t<\/div>\n\t\t\t\t<div class=\"elementor-column elementor-col-33 elementor-inner-column elementor-element elementor-element-54dfe0b4\" data-id=\"54dfe0b4\" data-element_type=\"column\" data-e-type=\"column\" data-settings=\"{&quot;background_background&quot;:&quot;classic&quot;}\">\n\t\t\t<div class=\"elementor-widget-wrap elementor-element-populated\">\n\t\t\t\t\t<div class=\"elementor-background-overlay\"><\/div>\n\t\t\t\t\t\t<div class=\"elementor-element elementor-element-fb281df elementor-widget elementor-widget-heading\" data-id=\"fb281df\" data-element_type=\"widget\" data-e-type=\"widget\" data-widget_type=\"heading.default\">\n\t\t\t\t<div class=\"elementor-widget-container\">\n\t\t\t\t\t<p class=\"elementor-heading-title elementor-size-default\"><a href=\"https:\/\/quicargo.com\/de\/versender\/\">Versender<\/a><\/p>\t\t\t\t<\/div>\n\t\t\t\t<\/div>\n\t\t\t\t\t<\/div>\n\t\t<\/div>\n\t\t\t\t<div class=\"elementor-column elementor-col-33 elementor-inner-column elementor-element elementor-element-61a1412a\" data-id=\"61a1412a\" data-element_type=\"column\" data-e-type=\"column\" data-settings=\"{&quot;background_background&quot;:&quot;classic&quot;}\">\n\t\t\t<div class=\"elementor-widget-wrap elementor-element-populated\">\n\t\t\t\t\t<div class=\"elementor-background-overlay\"><\/div>\n\t\t\t\t\t\t<div class=\"elementor-element elementor-element-ec2964a elementor-widget elementor-widget-heading\" data-id=\"ec2964a\" data-element_type=\"widget\" data-e-type=\"widget\" data-widget_type=\"heading.default\">\n\t\t\t\t<div class=\"elementor-widget-container\">\n\t\t\t\t\t<p class=\"elementor-heading-title elementor-size-default\"><a href=\"https:\/\/quicargo.com\/de\/frachtfuehrer\/\">Frachtf\u00fchrer<\/a><\/p>\t\t\t\t<\/div>\n\t\t\t\t<\/div>\n\t\t\t\t\t<\/div>\n\t\t<\/div>\n\t\t\t\t\t<\/div>\n\t\t<\/section>\n\t\t\t\t\t<\/div>\n\t\t<\/div>\n\t\t\t\t\t<\/div>\n\t\t<\/section>\n\t\t\t\t<\/div>\n\t\t","protected":false},"excerpt":{"rendered":"<p>\t\t\t\thy I say old chap that is spiffing off his nut arse pear shaped plastered<br \/>\nJeffrey bodge barney some dodgy.!!\t\t<\/p>\n","protected":false},"author":26,"featured_media":17189,"parent":0,"menu_order":0,"comment_status":"closed","ping_status":"closed","template":"elementor_header_footer","meta":{"footnotes":""},"class_list":["post-132397","page","type-page","status-publish","has-post-thumbnail","hentry"],"yoast_head":"<!-- This site is optimized with the Yoast SEO plugin v25.2 - https:\/\/yoast.com\/wordpress\/plugins\/seo\/ -->\n<title>Karriere: Werde Teil unseres Teams<\/title>\n<meta name=\"description\" content=\"Werde Teil des Quicargo-Teams und gestalte die Zukunft der Logistik und Nachhaltigkeit mit. Entdecke Karrierem\u00f6glichkeiten und revolutioniere den digitalen G\u00fctertransport!\" \/>\n<meta name=\"robots\" content=\"index, follow, max-snippet:-1, max-image-preview:large, max-video-preview:-1\" \/>\n<link rel=\"canonical\" href=\"https:\/\/quicargo.com\/de\/career\/\" \/>\n<meta property=\"og:locale\" content=\"de_DE\" \/>\n<meta property=\"og:type\" content=\"article\" \/>\n<meta property=\"og:title\" content=\"Karriere: Werde Teil unseres Teams\" \/>\n<meta property=\"og:description\" content=\"Werde Teil des Quicargo-Teams und gestalte die Zukunft der Logistik und Nachhaltigkeit mit. Entdecke Karrierem\u00f6glichkeiten und revolutioniere den digitalen G\u00fctertransport!\" \/>\n<meta property=\"og:url\" content=\"https:\/\/quicargo.com\/de\/career\/\" \/>\n<meta property=\"og:site_name\" content=\"Quicargo\" \/>\n<meta property=\"article:modified_time\" content=\"2025-02-28T15:27:46+00:00\" \/>\n<meta property=\"og:image\" content=\"https:\/\/quicargo.com\/wp-content\/uploads\/2020\/07\/Over-ons-Quicargo.jpg\" \/>\n\t<meta property=\"og:image:width\" content=\"1092\" \/>\n\t<meta property=\"og:image:height\" content=\"728\" \/>\n\t<meta property=\"og:image:type\" content=\"image\/jpeg\" \/>\n<meta name=\"twitter:card\" content=\"summary_large_image\" \/>\n<meta name=\"twitter:title\" content=\"Karriere: Werde Teil unseres Teams\" \/>\n<meta name=\"twitter:description\" content=\"Werde Teil des Quicargo-Teams und gestalte die Zukunft der Logistik und Nachhaltigkeit mit. Entdecke Karrierem\u00f6glichkeiten und revolutioniere den digitalen G\u00fctertransport!\" \/>\n<meta name=\"twitter:label1\" content=\"Gesch\u00e4tzte Lesezeit\" \/>\n\t<meta name=\"twitter:data1\" content=\"2\u00a0Minuten\" \/>\n<script type=\"application\/ld+json\" class=\"yoast-schema-graph\">{\"@context\":\"https:\/\/schema.org\",\"@graph\":[{\"@type\":\"WebPage\",\"@id\":\"https:\/\/quicargo.com\/de\/career\/\",\"url\":\"https:\/\/quicargo.com\/de\/career\/\",\"name\":\"Karriere: Werde Teil unseres Teams\",\"isPartOf\":{\"@id\":\"https:\/\/quicargo.com\/de\/#website\"},\"primaryImageOfPage\":{\"@id\":\"https:\/\/quicargo.com\/de\/career\/#primaryimage\"},\"image\":{\"@id\":\"https:\/\/quicargo.com\/de\/career\/#primaryimage\"},\"thumbnailUrl\":\"https:\/\/quicargo.com\/wp-content\/uploads\/2020\/07\/Over-ons-Quicargo.jpg\",\"datePublished\":\"2025-02-25T12:07:20+00:00\",\"dateModified\":\"2025-02-28T15:27:46+00:00\",\"description\":\"Werde Teil des Quicargo-Teams und gestalte die Zukunft der Logistik und Nachhaltigkeit mit. Entdecke Karrierem\u00f6glichkeiten und revolutioniere den digitalen G\u00fctertransport!\",\"breadcrumb\":{\"@id\":\"https:\/\/quicargo.com\/de\/career\/#breadcrumb\"},\"inLanguage\":\"de\",\"potentialAction\":[{\"@type\":\"ReadAction\",\"target\":[\"https:\/\/quicargo.com\/de\/career\/\"]}]},{\"@type\":\"ImageObject\",\"inLanguage\":\"de\",\"@id\":\"https:\/\/quicargo.com\/de\/career\/#primaryimage\",\"url\":\"https:\/\/quicargo.com\/wp-content\/uploads\/2020\/07\/Over-ons-Quicargo.jpg\",\"contentUrl\":\"https:\/\/quicargo.com\/wp-content\/uploads\/2020\/07\/Over-ons-Quicargo.jpg\",\"width\":1092,\"height\":728,\"caption\":\"\u00dcber uns - Die Quicargo Geschichte\"},{\"@type\":\"BreadcrumbList\",\"@id\":\"https:\/\/quicargo.com\/de\/career\/#breadcrumb\",\"itemListElement\":[{\"@type\":\"ListItem\",\"position\":1,\"name\":\"Home\",\"item\":\"https:\/\/quicargo.com\/de\/\"},{\"@type\":\"ListItem\",\"position\":2,\"name\":\"Karriere: Werde Teil unseres Teams\"}]},{\"@type\":\"WebSite\",\"@id\":\"https:\/\/quicargo.com\/de\/#website\",\"url\":\"https:\/\/quicargo.com\/de\/\",\"name\":\"Quicargo\",\"description\":\"No more empty trucks\",\"publisher\":{\"@id\":\"https:\/\/quicargo.com\/de\/#organization\"},\"potentialAction\":[{\"@type\":\"SearchAction\",\"target\":{\"@type\":\"EntryPoint\",\"urlTemplate\":\"https:\/\/quicargo.com\/de\/?s={search_term_string}\"},\"query-input\":{\"@type\":\"PropertyValueSpecification\",\"valueRequired\":true,\"valueName\":\"search_term_string\"}}],\"inLanguage\":\"de\"},{\"@type\":\"Organization\",\"@id\":\"https:\/\/quicargo.com\/de\/#organization\",\"name\":\"Quicargo\",\"url\":\"https:\/\/quicargo.com\/de\/\",\"logo\":{\"@type\":\"ImageObject\",\"inLanguage\":\"de\",\"@id\":\"https:\/\/quicargo.com\/de\/#\/schema\/logo\/image\/\",\"url\":\"https:\/\/quicargo.com\/wp-content\/uploads\/2020\/02\/Quicargo-official-logo.png\",\"contentUrl\":\"https:\/\/quicargo.com\/wp-content\/uploads\/2020\/02\/Quicargo-official-logo.png\",\"width\":148,\"height\":59,\"caption\":\"Quicargo\"},\"image\":{\"@id\":\"https:\/\/quicargo.com\/de\/#\/schema\/logo\/image\/\"}}]}<\/script>\n<!-- \/ Yoast SEO plugin. -->","yoast_head_json":{"title":"Karriere: Werde Teil unseres Teams","description":"Werde Teil des Quicargo-Teams und gestalte die Zukunft der Logistik und Nachhaltigkeit mit. Entdecke Karrierem\u00f6glichkeiten und revolutioniere den digitalen G\u00fctertransport!","robots":{"index":"index","follow":"follow","max-snippet":"max-snippet:-1","max-image-preview":"max-image-preview:large","max-video-preview":"max-video-preview:-1"},"canonical":"https:\/\/quicargo.com\/de\/career\/","og_locale":"de_DE","og_type":"article","og_title":"Karriere: Werde Teil unseres Teams","og_description":"Werde Teil des Quicargo-Teams und gestalte die Zukunft der Logistik und Nachhaltigkeit mit. Entdecke Karrierem\u00f6glichkeiten und revolutioniere den digitalen G\u00fctertransport!","og_url":"https:\/\/quicargo.com\/de\/career\/","og_site_name":"Quicargo","article_modified_time":"2025-02-28T15:27:46+00:00","og_image":[{"width":1092,"height":728,"url":"https:\/\/quicargo.com\/wp-content\/uploads\/2020\/07\/Over-ons-Quicargo.jpg","type":"image\/jpeg"}],"twitter_card":"summary_large_image","twitter_title":"Karriere: Werde Teil unseres Teams","twitter_description":"Werde Teil des Quicargo-Teams und gestalte die Zukunft der Logistik und Nachhaltigkeit mit. Entdecke Karrierem\u00f6glichkeiten und revolutioniere den digitalen G\u00fctertransport!","twitter_misc":{"Gesch\u00e4tzte Lesezeit":"2\u00a0Minuten"},"schema":{"@context":"https:\/\/schema.org","@graph":[{"@type":"WebPage","@id":"https:\/\/quicargo.com\/de\/career\/","url":"https:\/\/quicargo.com\/de\/career\/","name":"Karriere: Werde Teil unseres Teams","isPartOf":{"@id":"https:\/\/quicargo.com\/de\/#website"},"primaryImageOfPage":{"@id":"https:\/\/quicargo.com\/de\/career\/#primaryimage"},"image":{"@id":"https:\/\/quicargo.com\/de\/career\/#primaryimage"},"thumbnailUrl":"https:\/\/quicargo.com\/wp-content\/uploads\/2020\/07\/Over-ons-Quicargo.jpg","datePublished":"2025-02-25T12:07:20+00:00","dateModified":"2025-02-28T15:27:46+00:00","description":"Werde Teil des Quicargo-Teams und gestalte die Zukunft der Logistik und Nachhaltigkeit mit. Entdecke Karrierem\u00f6glichkeiten und revolutioniere den digitalen G\u00fctertransport!","breadcrumb":{"@id":"https:\/\/quicargo.com\/de\/career\/#breadcrumb"},"inLanguage":"de","potentialAction":[{"@type":"ReadAction","target":["https:\/\/quicargo.com\/de\/career\/"]}]},{"@type":"ImageObject","inLanguage":"de","@id":"https:\/\/quicargo.com\/de\/career\/#primaryimage","url":"https:\/\/quicargo.com\/wp-content\/uploads\/2020\/07\/Over-ons-Quicargo.jpg","contentUrl":"https:\/\/quicargo.com\/wp-content\/uploads\/2020\/07\/Over-ons-Quicargo.jpg","width":1092,"height":728,"caption":"\u00dcber uns - Die Quicargo Geschichte"},{"@type":"BreadcrumbList","@id":"https:\/\/quicargo.com\/de\/career\/#breadcrumb","itemListElement":[{"@type":"ListItem","position":1,"name":"Home","item":"https:\/\/quicargo.com\/de\/"},{"@type":"ListItem","position":2,"name":"Karriere: Werde Teil unseres Teams"}]},{"@type":"WebSite","@id":"https:\/\/quicargo.com\/de\/#website","url":"https:\/\/quicargo.com\/de\/","name":"Quicargo","description":"No more empty trucks","publisher":{"@id":"https:\/\/quicargo.com\/de\/#organization"},"potentialAction":[{"@type":"SearchAction","target":{"@type":"EntryPoint","urlTemplate":"https:\/\/quicargo.com\/de\/?s={search_term_string}"},"query-input":{"@type":"PropertyValueSpecification","valueRequired":true,"valueName":"search_term_string"}}],"inLanguage":"de"},{"@type":"Organization","@id":"https:\/\/quicargo.com\/de\/#organization","name":"Quicargo","url":"https:\/\/quicargo.com\/de\/","logo":{"@type":"ImageObject","inLanguage":"de","@id":"https:\/\/quicargo.com\/de\/#\/schema\/logo\/image\/","url":"https:\/\/quicargo.com\/wp-content\/uploads\/2020\/02\/Quicargo-official-logo.png","contentUrl":"https:\/\/quicargo.com\/wp-content\/uploads\/2020\/02\/Quicargo-official-logo.png","width":148,"height":59,"caption":"Quicargo"},"image":{"@id":"https:\/\/quicargo.com\/de\/#\/schema\/logo\/image\/"}}]}},"_links":{"self":[{"href":"https:\/\/quicargo.com\/de\/wp-json\/wp\/v2\/pages\/132397","targetHints":{"allow":["GET"]}}],"collection":[{"href":"https:\/\/quicargo.com\/de\/wp-json\/wp\/v2\/pages"}],"about":[{"href":"https:\/\/quicargo.com\/de\/wp-json\/wp\/v2\/types\/page"}],"author":[{"embeddable":true,"href":"https:\/\/quicargo.com\/de\/wp-json\/wp\/v2\/users\/26"}],"replies":[{"embeddable":true,"href":"https:\/\/quicargo.com\/de\/wp-json\/wp\/v2\/comments?post=132397"}],"version-history":[{"count":5,"href":"https:\/\/quicargo.com\/de\/wp-json\/wp\/v2\/pages\/132397\/revisions"}],"predecessor-version":[{"id":132426,"href":"https:\/\/quicargo.com\/de\/wp-json\/wp\/v2\/pages\/132397\/revisions\/132426"}],"wp:featuredmedia":[{"embeddable":true,"href":"https:\/\/quicargo.com\/de\/wp-json\/wp\/v2\/media\/17189"}],"wp:attachment":[{"href":"https:\/\/quicargo.com\/de\/wp-json\/wp\/v2\/media?parent=132397"}],"curies":[{"name":"wp","href":"https:\/\/api.w.org\/{rel}","templated":true}]}}